{"id":1012,"date":"2020-02-02T20:14:52","date_gmt":"2020-02-02T19:14:52","guid":{"rendered":"https:\/\/www.parvilla-invest.fr\/co-investissements\/"},"modified":"2024-01-29T14:44:33","modified_gmt":"2024-01-29T13:44:33","slug":"co-investments","status":"publish","type":"page","link":"https:\/\/www.parvilla-invest.fr\/en\/co-investments\/","title":{"rendered":"Co-investments"},"content":{"rendered":"<div class=\"wpb-content-wrapper\"><p>[vc_row class=&#8221;tablecustomcss&#8221;][vc_column][vc_column_text]<\/p>\n<table style=\"margin-bottom: 10px;\">\n<tbody>\n<tr>\n<td class=\"blue\" colspan=\"4\">Exited<\/td>\n<\/tr>\n<tr class=\"border-bottom\">\n<td style=\"width: 150px;\"><img decoding=\"async\" src=\"https:\/\/www.parvilla-invest.fr\/wp-content\/uploads\/2020\/02\/logo9-1.jpg\" \/><\/p>\n<p style=\"text-align: center;\"><span style=\"color: #254f9d;\"><strong>Garavilla<\/strong><\/span><\/p>\n<\/td>\n<td style=\"width: 130px;\"><span style=\"color: #254f9d;\"><strong>Sector :<\/strong><\/span><br \/>\nFood Industry<\/td>\n<td style=\"width: 190px;\"><span style=\"color: #254f9d;\"><strong>Commitment Date : <\/strong><\/span>07\/2010<\/td>\n<td><span style=\"color: #254f9d;\"><strong>Activity : <\/strong><\/span>Garavilla is a Spanish and LatAm leader in the production and commercialization of different types of canned fish and other related food products. The Company sells branded products through Isabel brand and is also active in the private label brand.<\/td>\n<\/tr>\n<\/tbody>\n<\/table>\n<p>&nbsp;<\/p>\n<p>&nbsp;<\/p>\n<table>\n<tbody>\n<tr>\n<td class=\"blue\" colspan=\"4\">Portfolio companies<\/td>\n<\/tr>\n<tr class=\"border-bottom\">\n<td style=\"width: 150px;\"><img decoding=\"async\" src=\"https:\/\/www.parvilla-invest.fr\/wp-content\/uploads\/2020\/02\/logo10.jpg\" \/><\/p>\n<p style=\"text-align: center;\"><span style=\"color: #254f9d;\"><strong>Kama<\/strong><\/span><\/p>\n<\/td>\n<td style=\"width: 130px;\"><span style=\"color: #254f9d;\"><strong>Sector :<\/strong><\/span><br \/>\nIndustrial goods<\/td>\n<td style=\"width: 190px;\"><span style=\"color: #254f9d;\"><strong>Commitment Date : <\/strong><\/span>03\/07\/2018<\/td>\n<td><span style=\"color: #254f9d;\"><strong>Activity : <\/strong><\/span>KAMA develops high-quality finishing die cutters and folder-gluers for cardboard packagings.<\/td>\n<\/tr>\n<tr class=\"border-bottom\">\n<td style=\"width: 150px;\"><img decoding=\"async\" src=\"https:\/\/www.parvilla-invest.fr\/wp-content\/uploads\/2020\/02\/logo11.jpg\" \/><\/p>\n<p style=\"text-align: center;\"><span style=\"color: #254f9d;\"><strong>Litalsa<\/strong><\/span><\/p>\n<\/td>\n<td style=\"width: 130px;\"><span style=\"color: #254f9d;\"><strong>Sector :<\/strong><\/span><br \/>\nIndustrial goods<\/td>\n<td style=\"width: 190px;\"><span style=\"color: #254f9d;\"><strong>Commitment Date : <\/strong><\/span>18\/12\/2018<\/td>\n<td><span style=\"color: #254f9d;\"><strong>Activity : <\/strong><\/span>Litalsa is a global leader in packaging solutions, providing high quality services of offset coating and printing of core packaging for food industry.<\/td>\n<\/tr>\n<tr class=\"border-bottom\">\n<td style=\"width: 150px;\"><img decoding=\"async\" src=\"https:\/\/www.parvilla-invest.fr\/wp-content\/uploads\/2020\/02\/logo13.jpg\" \/><\/p>\n<p style=\"text-align: center;\"><span style=\"color: #254f9d;\"><strong>Vulcain via a vehicle managed by Nixen<\/strong><\/span><\/p>\n<\/td>\n<td style=\"width: 130px;\"><span style=\"color: #254f9d;\"><strong>Sector :<\/strong><\/span><br \/>\nBusiness Services<\/td>\n<td style=\"width: 190px;\"><span style=\"color: #254f9d;\"><strong>Commitment Date : <\/strong><\/span>17\/10\/2019<\/td>\n<td><span style=\"color: #254f9d;\"><strong>Activity : <\/strong><\/span>Vulcain provides outsourcing services for highly qualified engineers in technological sectors such as pharma, aerospace, nuclear industry, renewable energies<\/td>\n<\/tr>\n<tr class=\"border-bottom\">\n<td style=\"width: 150px;\"><img decoding=\"async\" src=\"https:\/\/www.parvilla-invest.fr\/wp-content\/uploads\/2021\/08\/logo12111-2.jpg\" \/><\/p>\n<p style=\"text-align: center;\"><span style=\"color: #254f9d;\"><strong>Xpath via a vehicle managed by Techlife Capital<\/strong><\/span><\/p>\n<\/td>\n<td style=\"width: 130px;\"><span style=\"color: #254f9d;\"><strong>Sector :<\/strong><\/span><br \/>\nHealthcare and Technology<\/td>\n<td style=\"width: 190px;\"><span style=\"color: #254f9d;\"><strong>Commitment Date : <\/strong><\/span>16\/03\/2021<\/td>\n<td><span style=\"color: #254f9d;\"><strong>Activity : <\/strong><\/span>XPATH is a national group of anatomo-cyto-pathologists created with anapaths and for anapaths independently of medical biology.<\/td>\n<\/tr>\n<tr class=\"border-bottom\">\n<td style=\"width: 150px;\"><img decoding=\"async\" class=\"aligncenter\" src=\"https:\/\/www.parvilla-invest.fr\/wp-content\/uploads\/2022\/01\/capiton-.jpg\" \/><\/p>\n<p style=\"text-align: center;\"><span style=\"color: #254f9d;\"><strong>Capiton Quantum<br \/>\nVia a vehicle managed by capiton<br \/>\n<\/strong><\/span><\/p>\n<\/td>\n<td style=\"width: 130px;\"><span style=\"color: #254f9d;\"><strong>Sector :<\/strong><\/span><br \/>\nBuyout fund<\/td>\n<td style=\"width: 190px;\"><span style=\"color: #254f9d;\"><strong>Commitment Date : <\/strong><\/span>10\/01\/2023<\/td>\n<td><span style=\"color: #254f9d;\"><strong>Activity : <\/strong><\/span> Investment through Quantum managed by capiton in two companies:<br \/>\n&#8211; <strong>Raith<\/strong> : produces machines for semiconductors production<br \/>\n&#8211; <strong>AEMTEC<\/strong> : Service provider in the design, production and maintenance of systems in optoelectronics.<\/td>\n<\/tr>\n<tr class=\"border-bottom\">\n<td style=\"width: 150px;\"><img decoding=\"async\" class=\"aligncenter\" src=\"https:\/\/www.parvilla-invest.fr\/wp-content\/uploads\/2024\/01\/neoxam.jpg\" \/><\/p>\n<p style=\"text-align: center;\"><span style=\"color: #254f9d;\"><strong> NeoXam<br \/>\nVia a vehicle managed by Eurazeo PME<br \/>\n<\/strong><\/span><\/p>\n<\/td>\n<td style=\"width: 130px;\"><span style=\"color: #254f9d;\"><strong>Sector :<\/strong><\/span><br \/>\nTech<\/td>\n<td style=\"width: 190px;\"><span style=\"color: #254f9d;\"><strong>Commitment Date : <\/strong><\/span>05\/05\/2023<\/td>\n<td><span style=\"color: #254f9d;\"><strong>Activity : <\/strong><\/span> NeoXam provides front-to-back office software suite for large financial institutions, with offering centered around 4 solutions: Investment Accounting, Portfolio Management, Reporting and Data Management.<\/td>\n<\/tr>\n<tr class=\"border-bottom\">\n<td style=\"width: 150px;\"><img decoding=\"async\" class=\"aligncenter\" src=\"https:\/\/www.parvilla-invest.fr\/wp-content\/uploads\/2024\/01\/EFESO-logo.jpg\" \/><\/p>\n<p style=\"text-align: center;\"><span style=\"color: #254f9d;\"><strong> Efeso<br \/>\nVia a vehicle managed by Eurazeo PME<br \/>\n<\/strong><\/span><\/p>\n<\/td>\n<td style=\"width: 130px;\"><span style=\"color: #254f9d;\"><strong>Sector :<\/strong><\/span><br \/>\nServices<\/td>\n<td style=\"width: 190px;\"><span style=\"color: #254f9d;\"><strong>Commitment Date : <\/strong><\/span>29\/12\/2023<\/td>\n<td><span style=\"color: #254f9d;\"><strong>Activity : <\/strong><\/span> EFESO Management Consultants is an international consulting group specialized in operations and performance improvement in an industrial environment.<\/td>\n<\/tr>\n<\/tbody>\n<\/table>\n<p>[\/vc_column_text][\/vc_column][\/vc_row]<\/p>\n<\/div>","protected":false},"excerpt":{"rendered":"<p>[vc_row class=&#8221;tablecustomcss&#8221;][vc_column][vc_column_text] Exited Garavilla Sector : Food Industry Commitment Date : 07\/2010 Activity : Garavilla is a Spanish and LatAm leader in the production and commercialization of different types of canned fish and other related food products. The Company sells branded products through Isabel brand and is also active in the private label brand. &nbsp; [&hellip;]<\/p>\n","protected":false},"author":1,"featured_media":975,"parent":0,"menu_order":500,"comment_status":"closed","ping_status":"closed","template":"","meta":{"footnotes":""},"class_list":["post-1012","page","type-page","status-publish","has-post-thumbnail","hentry"],"yoast_head":"<!-- This site is optimized with the Yoast SEO plugin v26.8 - https:\/\/yoast.com\/product\/yoast-seo-wordpress\/ -->\n<title>Co-investments - Parvilla Investissements<\/title>\n<meta name=\"robots\" content=\"index, follow, max-snippet:-1, max-image-preview:large, max-video-preview:-1\" \/>\n<link rel=\"canonical\" href=\"https:\/\/www.parvilla-invest.fr\/en\/co-investments\/\" \/>\n<meta property=\"og:locale\" content=\"en_US\" \/>\n<meta property=\"og:type\" content=\"article\" \/>\n<meta property=\"og:title\" content=\"Co-investments - Parvilla Investissements\" \/>\n<meta property=\"og:description\" content=\"[vc_row class=&#8221;tablecustomcss&#8221;][vc_column][vc_column_text] Exited Garavilla Sector : Food Industry Commitment Date : 07\/2010 Activity : Garavilla is a Spanish and LatAm leader in the production and commercialization of different types of canned fish and other related food products. The Company sells branded products through Isabel brand and is also active in the private label brand. &nbsp; [&hellip;]\" \/>\n<meta property=\"og:url\" content=\"https:\/\/www.parvilla-invest.fr\/en\/co-investments\/\" \/>\n<meta property=\"og:site_name\" content=\"Parvilla Investissements\" \/>\n<meta property=\"article:modified_time\" content=\"2024-01-29T13:44:33+00:00\" \/>\n<meta property=\"og:image\" content=\"https:\/\/www.parvilla-invest.fr\/wp-content\/uploads\/2020\/02\/AdobeStock_300380500.jpg\" \/>\n\t<meta property=\"og:image:width\" content=\"2048\" \/>\n\t<meta property=\"og:image:height\" content=\"1365\" \/>\n\t<meta property=\"og:image:type\" content=\"image\/jpeg\" \/>\n<meta name=\"twitter:card\" content=\"summary_large_image\" \/>\n<meta name=\"twitter:label1\" content=\"Est. reading time\" \/>\n\t<meta name=\"twitter:data1\" content=\"4 minutes\" \/>\n<script type=\"application\/ld+json\" class=\"yoast-schema-graph\">{\"@context\":\"https:\/\/schema.org\",\"@graph\":[{\"@type\":\"WebPage\",\"@id\":\"https:\/\/www.parvilla-invest.fr\/en\/co-investments\/\",\"url\":\"https:\/\/www.parvilla-invest.fr\/en\/co-investments\/\",\"name\":\"Co-investments - Parvilla Investissements\",\"isPartOf\":{\"@id\":\"https:\/\/www.parvilla-invest.fr\/fr\/#website\"},\"primaryImageOfPage\":{\"@id\":\"https:\/\/www.parvilla-invest.fr\/en\/co-investments\/#primaryimage\"},\"image\":{\"@id\":\"https:\/\/www.parvilla-invest.fr\/en\/co-investments\/#primaryimage\"},\"thumbnailUrl\":\"https:\/\/www.parvilla-invest.fr\/wp-content\/uploads\/2020\/02\/AdobeStock_300380500.jpg\",\"datePublished\":\"2020-02-02T19:14:52+00:00\",\"dateModified\":\"2024-01-29T13:44:33+00:00\",\"breadcrumb\":{\"@id\":\"https:\/\/www.parvilla-invest.fr\/en\/co-investments\/#breadcrumb\"},\"inLanguage\":\"en-US\",\"potentialAction\":[{\"@type\":\"ReadAction\",\"target\":[\"https:\/\/www.parvilla-invest.fr\/en\/co-investments\/\"]}]},{\"@type\":\"ImageObject\",\"inLanguage\":\"en-US\",\"@id\":\"https:\/\/www.parvilla-invest.fr\/en\/co-investments\/#primaryimage\",\"url\":\"https:\/\/www.parvilla-invest.fr\/wp-content\/uploads\/2020\/02\/AdobeStock_300380500.jpg\",\"contentUrl\":\"https:\/\/www.parvilla-invest.fr\/wp-content\/uploads\/2020\/02\/AdobeStock_300380500.jpg\",\"width\":2048,\"height\":1365},{\"@type\":\"BreadcrumbList\",\"@id\":\"https:\/\/www.parvilla-invest.fr\/en\/co-investments\/#breadcrumb\",\"itemListElement\":[{\"@type\":\"ListItem\",\"position\":1,\"name\":\"Home\",\"item\":\"https:\/\/www.parvilla-invest.fr\/en\/\"},{\"@type\":\"ListItem\",\"position\":2,\"name\":\"Co-investments\"}]},{\"@type\":\"WebSite\",\"@id\":\"https:\/\/www.parvilla-invest.fr\/fr\/#website\",\"url\":\"https:\/\/www.parvilla-invest.fr\/fr\/\",\"name\":\"Parvilla Investissements\",\"description\":\"Soci\u00e9t\u00e9 d&#039;investissement d\u00e9di\u00e9e au Private Equity\",\"publisher\":{\"@id\":\"https:\/\/www.parvilla-invest.fr\/fr\/#organization\"},\"potentialAction\":[{\"@type\":\"SearchAction\",\"target\":{\"@type\":\"EntryPoint\",\"urlTemplate\":\"https:\/\/www.parvilla-invest.fr\/fr\/?s={search_term_string}\"},\"query-input\":{\"@type\":\"PropertyValueSpecification\",\"valueRequired\":true,\"valueName\":\"search_term_string\"}}],\"inLanguage\":\"en-US\"},{\"@type\":\"Organization\",\"@id\":\"https:\/\/www.parvilla-invest.fr\/fr\/#organization\",\"name\":\"Parvilla Invest\",\"url\":\"https:\/\/www.parvilla-invest.fr\/fr\/\",\"logo\":{\"@type\":\"ImageObject\",\"inLanguage\":\"en-US\",\"@id\":\"https:\/\/www.parvilla-invest.fr\/fr\/#\/schema\/logo\/image\/\",\"url\":\"https:\/\/www.parvilla-invest.fr\/wp-content\/uploads\/2020\/01\/logo-1.jpg\",\"contentUrl\":\"https:\/\/www.parvilla-invest.fr\/wp-content\/uploads\/2020\/01\/logo-1.jpg\",\"width\":235,\"height\":59,\"caption\":\"Parvilla Invest\"},\"image\":{\"@id\":\"https:\/\/www.parvilla-invest.fr\/fr\/#\/schema\/logo\/image\/\"}}]}<\/script>\n<!-- \/ Yoast SEO plugin. -->","yoast_head_json":{"title":"Co-investments - Parvilla Investissements","robots":{"index":"index","follow":"follow","max-snippet":"max-snippet:-1","max-image-preview":"max-image-preview:large","max-video-preview":"max-video-preview:-1"},"canonical":"https:\/\/www.parvilla-invest.fr\/en\/co-investments\/","og_locale":"en_US","og_type":"article","og_title":"Co-investments - Parvilla Investissements","og_description":"[vc_row class=&#8221;tablecustomcss&#8221;][vc_column][vc_column_text] Exited Garavilla Sector : Food Industry Commitment Date : 07\/2010 Activity : Garavilla is a Spanish and LatAm leader in the production and commercialization of different types of canned fish and other related food products. The Company sells branded products through Isabel brand and is also active in the private label brand. &nbsp; [&hellip;]","og_url":"https:\/\/www.parvilla-invest.fr\/en\/co-investments\/","og_site_name":"Parvilla Investissements","article_modified_time":"2024-01-29T13:44:33+00:00","og_image":[{"width":2048,"height":1365,"url":"https:\/\/www.parvilla-invest.fr\/wp-content\/uploads\/2020\/02\/AdobeStock_300380500.jpg","type":"image\/jpeg"}],"twitter_card":"summary_large_image","twitter_misc":{"Est. reading time":"4 minutes"},"schema":{"@context":"https:\/\/schema.org","@graph":[{"@type":"WebPage","@id":"https:\/\/www.parvilla-invest.fr\/en\/co-investments\/","url":"https:\/\/www.parvilla-invest.fr\/en\/co-investments\/","name":"Co-investments - Parvilla Investissements","isPartOf":{"@id":"https:\/\/www.parvilla-invest.fr\/fr\/#website"},"primaryImageOfPage":{"@id":"https:\/\/www.parvilla-invest.fr\/en\/co-investments\/#primaryimage"},"image":{"@id":"https:\/\/www.parvilla-invest.fr\/en\/co-investments\/#primaryimage"},"thumbnailUrl":"https:\/\/www.parvilla-invest.fr\/wp-content\/uploads\/2020\/02\/AdobeStock_300380500.jpg","datePublished":"2020-02-02T19:14:52+00:00","dateModified":"2024-01-29T13:44:33+00:00","breadcrumb":{"@id":"https:\/\/www.parvilla-invest.fr\/en\/co-investments\/#breadcrumb"},"inLanguage":"en-US","potentialAction":[{"@type":"ReadAction","target":["https:\/\/www.parvilla-invest.fr\/en\/co-investments\/"]}]},{"@type":"ImageObject","inLanguage":"en-US","@id":"https:\/\/www.parvilla-invest.fr\/en\/co-investments\/#primaryimage","url":"https:\/\/www.parvilla-invest.fr\/wp-content\/uploads\/2020\/02\/AdobeStock_300380500.jpg","contentUrl":"https:\/\/www.parvilla-invest.fr\/wp-content\/uploads\/2020\/02\/AdobeStock_300380500.jpg","width":2048,"height":1365},{"@type":"BreadcrumbList","@id":"https:\/\/www.parvilla-invest.fr\/en\/co-investments\/#breadcrumb","itemListElement":[{"@type":"ListItem","position":1,"name":"Home","item":"https:\/\/www.parvilla-invest.fr\/en\/"},{"@type":"ListItem","position":2,"name":"Co-investments"}]},{"@type":"WebSite","@id":"https:\/\/www.parvilla-invest.fr\/fr\/#website","url":"https:\/\/www.parvilla-invest.fr\/fr\/","name":"Parvilla Investissements","description":"Soci\u00e9t\u00e9 d&#039;investissement d\u00e9di\u00e9e au Private Equity","publisher":{"@id":"https:\/\/www.parvilla-invest.fr\/fr\/#organization"},"potentialAction":[{"@type":"SearchAction","target":{"@type":"EntryPoint","urlTemplate":"https:\/\/www.parvilla-invest.fr\/fr\/?s={search_term_string}"},"query-input":{"@type":"PropertyValueSpecification","valueRequired":true,"valueName":"search_term_string"}}],"inLanguage":"en-US"},{"@type":"Organization","@id":"https:\/\/www.parvilla-invest.fr\/fr\/#organization","name":"Parvilla Invest","url":"https:\/\/www.parvilla-invest.fr\/fr\/","logo":{"@type":"ImageObject","inLanguage":"en-US","@id":"https:\/\/www.parvilla-invest.fr\/fr\/#\/schema\/logo\/image\/","url":"https:\/\/www.parvilla-invest.fr\/wp-content\/uploads\/2020\/01\/logo-1.jpg","contentUrl":"https:\/\/www.parvilla-invest.fr\/wp-content\/uploads\/2020\/01\/logo-1.jpg","width":235,"height":59,"caption":"Parvilla Invest"},"image":{"@id":"https:\/\/www.parvilla-invest.fr\/fr\/#\/schema\/logo\/image\/"}}]}},"_links":{"self":[{"href":"https:\/\/www.parvilla-invest.fr\/en\/wp-json\/wp\/v2\/pages\/1012","targetHints":{"allow":["GET"]}}],"collection":[{"href":"https:\/\/www.parvilla-invest.fr\/en\/wp-json\/wp\/v2\/pages"}],"about":[{"href":"https:\/\/www.parvilla-invest.fr\/en\/wp-json\/wp\/v2\/types\/page"}],"author":[{"embeddable":true,"href":"https:\/\/www.parvilla-invest.fr\/en\/wp-json\/wp\/v2\/users\/1"}],"replies":[{"embeddable":true,"href":"https:\/\/www.parvilla-invest.fr\/en\/wp-json\/wp\/v2\/comments?post=1012"}],"version-history":[{"count":5,"href":"https:\/\/www.parvilla-invest.fr\/en\/wp-json\/wp\/v2\/pages\/1012\/revisions"}],"predecessor-version":[{"id":1359,"href":"https:\/\/www.parvilla-invest.fr\/en\/wp-json\/wp\/v2\/pages\/1012\/revisions\/1359"}],"wp:featuredmedia":[{"embeddable":true,"href":"https:\/\/www.parvilla-invest.fr\/en\/wp-json\/wp\/v2\/media\/975"}],"wp:attachment":[{"href":"https:\/\/www.parvilla-invest.fr\/en\/wp-json\/wp\/v2\/media?parent=1012"}],"curies":[{"name":"wp","href":"https:\/\/api.w.org\/{rel}","templated":true}]}}