{"id":1114,"date":"2020-02-19T04:56:39","date_gmt":"2020-02-19T03:56:39","guid":{"rendered":"https:\/\/www.parvilla-invest.fr\/?page_id=1114"},"modified":"2026-03-18T12:24:12","modified_gmt":"2026-03-18T11:24:12","slug":"buy-out-funds","status":"publish","type":"page","link":"https:\/\/www.parvilla-invest.fr\/en\/buy-out-funds\/","title":{"rendered":"Buy Out Funds"},"content":{"rendered":"<div class=\"wpb-content-wrapper\"><p>[vc_row class=&#8221;tablecustomcss&#8221;][vc_column][vc_column_text css=&#8221;&#8221;]<\/p>\n<table>\n<tbody>\n<tr class=\"border-top\">\n<td class=\"align-center\" rowspan=\"4\"><img decoding=\"async\"\n                    src=\"https:\/\/www.parvilla-invest.fr\/wp-content\/uploads\/2020\/02\/logo1.jpg\" \/><\/p>\n<p style=\"text-align: center;\"><strong>Activity :<\/strong><br \/>\n                    Fund of funds<br \/>\n                    European lower mid-market and co-investment<\/p>\n<\/td>\n<td class=\"border-right\"><span style=\"color: #254f9d;\"><strong>Fund PARVILLA I<br \/>\n                    <\/strong><\/span>raised in 2007\u20132008<\/td>\n<td class=\"border-right\"><span style=\"color: #254f9d;\"><strong>Fund PARVILLA II<br \/>\n                    <\/strong><\/span>raised in 2013<\/td>\n<td class=\"border-right\"><span style=\"color: #254f9d;\"><strong>Fund PARVILLA III<br \/>\n                    <\/strong><\/span>raised in 2017<\/td>\n<td><span style=\"color: #254f9d;\"><strong>Bluester IV Fund<br \/>\n                    <\/strong><\/span>raised in 2019<\/td>\n<\/tr>\n<tr>\n<td class=\"border-right\"><span style=\"color: #254f9d;\"><strong>Vintage year:<\/strong><\/span><br \/>\n                2008<\/td>\n<td class=\"border-right\"><span style=\"color: #254f9d;\"><strong>Vintage year:<\/strong><\/span><br \/>\n                2012<\/td>\n<td class=\"border-right\"><span style=\"color: #254f9d;\"><strong>Vintage year:<\/strong><\/span><br \/>\n                2016<\/td>\n<td><span style=\"color: #254f9d;\"><strong>Vintage year:<\/strong><\/span><br \/>\n                2020<\/td>\n<\/tr>\n<tr>\n<td class=\"border-right\">First fund raised by Parvilla SAS<br \/>\n                after its creation by Jean-Marie<br \/>\n                Fabre.<\/td>\n<td class=\"border-right\"><\/td>\n<td class=\"border-right\"><span style=\"text-decoration: underline;\">2 compartments :<\/span><br \/>\n                Fund of funds and co-investment<\/td>\n<td><\/td>\n<\/tr>\n<tr class=\"border-bottom\">\n<td class=\"border-right\">\n<p style=\"text-align: left;\"><strong\n                        style=\"color: #254f9d; font-family: inherit; font-size: inherit;\">Fully invested<br \/>\n                    <\/strong><strong\n                        style=\"color: #254f9d; font-family: inherit; font-size: inherit;\">Disinvested<\/strong><\/p>\n<\/td>\n<td class=\"border-right\">\n<p style=\"text-align: left;\"><strong\n                        style=\"color: #254f9d; font-family: inherit; font-size: inherit;\">Fully invested<br \/>\n                    <\/strong><strong style=\"color: #254f9d; font-family: inherit; font-size: inherit;\">Largely<br \/>\n                        disinvested<\/strong><\/p>\n<\/td>\n<td class=\"border-right\"><span style=\"color: #254f9d;\"><strong>Fully invested <\/strong><\/span><span\n                    style=\"color: #254f9d;\"><strong>for<br \/>\n                    <\/strong><\/span><span style=\"color: #254f9d;\"><strong>the fund of funds<br \/>\n                    <\/strong><\/span><strong\n                    style=\"color: #254f9d; font-family: inherit; font-size: inherit;\">compartment<\/strong><\/td>\n<td>\n<p style=\"text-align: left;\"><strong\n                        style=\"color: #254f9d; font-family: inherit; font-size: inherit;\">Fully invested<\/strong><\/p>\n<\/td>\n<\/tr>\n<tr class=\"border-bottom\">\n<td class=\"align-center\"><img decoding=\"async\" class=\"type_image animated fadeInnone alignment_left\"\n                    src=\"https:\/\/www.parvilla-invest.fr\/wp-content\/uploads\/2020\/02\/logo3.jpg\" alt=\"Alt Text\" \/><\/p>\n<p style=\"text-align: center;\"><span style=\"color: #254f9d;\"><strong>Blackfin II Fund <\/strong><\/span>\n                <\/p>\n<\/td>\n<td>\n<p style=\"text-align: left;\"><span style=\"color: #254f9d;\"><strong>Activity : <\/strong><\/span><br \/>\n                    Buy-out mid-cap in the financial<br \/>\n                    sector in France and Europe.<\/p>\n<\/td>\n<td>\n<p style=\"text-align: left;\"><span style=\"color: #254f9d;\"><strong>Vintage year:<\/strong><\/span><br \/>\n                    2015<\/p>\n<\/td>\n<td colspan=\"2\"><span style=\"color: #254f9d;\"><strong>Fully invested<\/strong><\/span><\/td>\n<\/tr>\n<tr class=\"border-bottom\">\n<td class=\"align-center\"><img decoding=\"async\" class=\"type_image animated fadeInnone alignment_left\"\n                    src=\"https:\/\/www.parvilla-invest.fr\/wp-content\/uploads\/2020\/02\/logo2.jpg\" alt=\"Alt Text\" \/><\/p>\n<p style=\"text-align: center;\"><span style=\"color: #254f9d;\"><strong>Premium Equity Partners Fund<br \/>\n                        <\/strong><\/span><\/p>\n<\/td>\n<td>\n<p style=\"text-align: left;\"><span style=\"color: #254f9d;\"><strong>Activity : <\/strong><\/span><br \/>\n                    Small cap fund based in Frankfurt.<br \/>\n                    Active in Germany.<\/p>\n<\/td>\n<td>\n<p style=\"text-align: left;\"><strong><span style=\"color: #254f9d;\">Vintage year:<\/span><\/strong><br \/>\n                    2017<\/p>\n<\/td>\n<td colspan=\"2\"><span style=\"color: #254f9d;\"><strong>Fully invested<\/strong><\/span><\/td>\n<\/tr>\n<tr class=\"border-bottom\">\n<td class=\"align-center\"><img decoding=\"async\" class=\"type_image animated fadeInnone alignment_left\"\n                    src=\"https:\/\/www.parvilla-invest.fr\/wp-content\/uploads\/2020\/02\/logo4.jpg\" alt=\"Alt Text\" \/><\/p>\n<p style=\"text-align: center;\"><span style=\"color: #254f9d;\"><strong>PAI Europe VII Fund<\/strong><\/span>\n                <\/p>\n<\/td>\n<td>\n<p style=\"text-align: left;\"><span style=\"color: #254f9d;\"><strong>Activity :<\/strong><\/span><br \/>\n                    Mid-market Large Cap<\/p>\n<\/td>\n<td>\n<p style=\"text-align: left;\"><span style=\"color: #254f9d;\"><strong>Vintage year:<\/strong><\/span><br \/>\n                    2018<\/p>\n<\/td>\n<td colspan=\"2\"><span style=\"color: #254f9d;\"><strong>Investing<\/strong><\/span><\/td>\n<\/tr>\n<tr class=\"border-bottom\">\n<td class=\"align-center\">\n<p style=\"text-align: center;\"><span style=\"color: #254f9d;\"><strong><img loading=\"lazy\" decoding=\"async\"\n                                class=\"alignnone size-full wp-image-1252\"\n                                src=\"https:\/\/www.parvilla-invest.fr\/wp-content\/uploads\/2021\/02\/image007.jpg\" alt=\"\"\n                                width=\"175\" height=\"26\" \/><\/strong><\/span><\/p>\n<p style=\"text-align: center;\"><span style=\"color: #254f9d;\"><strong>MCH Iberian Capital Fund<br \/>\n                            V<\/strong><\/span><\/p>\n<\/td>\n<td>\n<p style=\"text-align: left;\"><span style=\"color: #254f9d;\"><strong>Activity :<\/strong><\/span><br \/>\n                    LBO Middle Market<\/p>\n<\/td>\n<td>\n<p style=\"text-align: left;\"><span style=\"color: #254f9d;\"><strong>Vintage year:<\/strong><\/span><br \/>\n                    2020<\/p>\n<\/td>\n<td colspan=\"2\"><span style=\"color: #254f9d;\"><strong>Investing<\/strong><\/span><\/td>\n<\/tr>\n<tr>\n<td class=\"align-center\">\n<p style=\"text-align: center;\"><span style=\"color: #254f9d;\"><strong><img loading=\"lazy\" decoding=\"async\"\n                                class=\"size-full wp-image-1249 alignnone\"\n                                src=\"https:\/\/www.parvilla-invest.fr\/wp-content\/uploads\/2021\/02\/image004.jpg\" alt=\"\"\n                                width=\"144\" height=\"58\" \/><\/strong><\/span><\/p>\n<\/td>\n<td colspan=\"2\" class=\"border-right\">\n                <span style=\"color: #254f9d;\"><strong>Sparring Capital Fund 2<\/strong><\/span>\n            <\/td>\n<td colspan=\"2\">\n                <span style=\"color: #254f9d;\"><strong>Sparring Capital Fund 3<\/strong><\/span>\n            <\/td>\n<\/tr>\n<tr>\n<td>\n<p style=\"text-align: center;\"><span style=\"color: #254f9d;\"><strong>Activity:<\/strong><\/span><br \/>\n                    LBO small cap<\/p>\n<\/td>\n<td colspan=\"2\" class=\"border-right\">\n<p style=\"text-align: left;\"><span style=\"color: #254f9d;\"><strong>Vintage year:<\/strong><\/span><br \/>\n                    2020<\/p>\n<\/td>\n<td colspan=\"2\">\n<p style=\"text-align: left;\"><span style=\"color: #254f9d;\"><strong>Vintage year:<\/strong><\/span><br \/>\n                    2025<\/p>\n<\/td>\n<\/tr>\n<tr class=\"border-bottom\">\n<td><\/td>\n<td colspan=\"2\" class=\"border-right\">\n                <span style=\"color: #254f9d;\"><strong>Fully invested<\/strong><\/span>\n            <\/td>\n<td colspan=\"2\">\n                <span style=\"color: #254f9d;\"><strong>Investing<\/strong><\/span>\n            <\/td>\n<\/tr>\n<tr>\n<td class=\"align-center\">\n<p style=\"text-align: center;\"><span style=\"color: #254f9d;\"><strong><img loading=\"lazy\" decoding=\"async\"\n                                class=\"size-full wp-image-1249 alignnone\"\n                                src=\"https:\/\/www.parvilla-invest.fr\/wp-content\/uploads\/2021\/08\/logo10.png\" alt=\"\"\n                                width=\"144\" height=\"58\" \/><\/strong><\/span><\/p>\n<\/td>\n<td colspan=\"2\" class=\"border-right\">\n                <span style=\"color: #254f9d;\"><strong>Eurazeo PME IV-B Fund<\/strong><\/span>\n            <\/td>\n<td colspan=\"2\">\n                <span style=\"color: #254f9d;\"><strong>Eurazeo PME V Fund<\/strong><\/span>\n            <\/td>\n<\/tr>\n<tr>\n<td>\n<p style=\"text-align: center;\"><span style=\"color: #254f9d;\"><strong>Activity:<\/strong><\/span><br \/>\n                    LBO small &amp; mid cap<\/p>\n<\/td>\n<td colspan=\"2\" class=\"border-right\">\n<p style=\"text-align: left;\"><span style=\"color: #254f9d;\"><strong>Vintage year:<\/strong><\/span><br \/>\n                    2021<\/p>\n<\/td>\n<td colspan=\"2\">\n<p style=\"text-align: left;\"><span style=\"color: #254f9d;\"><strong>Vintage year:<\/strong><\/span><br \/>\n                    2025-2026<\/p>\n<\/td>\n<tr class=\"border-bottom\">\n<td><\/td>\n<td colspan=\"2\" class=\"border-right\">\n                <span style=\"color: #254f9d;\"><strong>Fully invested<\/strong><\/span>\n            <\/td>\n<td colspan=\"2\">\n                <span style=\"color: #254f9d;\"><strong>Investing<\/strong><\/span>\n            <\/td>\n<\/tr>\n<\/tr>\n<tr class=\"border-bottom\">\n<td class=\"align-center\">\n<p style=\"text-align: center;\"><span style=\"color: #254f9d;\"><strong><img loading=\"lazy\" decoding=\"async\"\n                                class=\"alignnone size-full wp-image-1250\"\n                                src=\"https:\/\/www.parvilla-invest.fr\/wp-content\/uploads\/2022\/01\/capiton-.jpg\" alt=\"\"\n                                width=\"160\" height=\"60\" \/><\/strong><\/span><\/p>\n<p style=\"text-align: center;\"><span style=\"color: #254f9d;\"><strong>Capiton VI Fund<\/strong><\/span><\/p>\n<\/td>\n<td>\n<p style=\"text-align: left;\"><span style=\"color: #254f9d;\"><strong>Activity :<\/strong><\/span><br \/>\n                    Mid-market fund based in Berlin.<br \/>\n                    Active in DACH<\/p>\n<\/td>\n<td>\n<p style=\"text-align: left;\"><span style=\"color: #254f9d;\"><strong>Vintage year:<\/strong><\/span><br \/>\n                    2021<\/p>\n<\/td>\n<td colspan=\"2\"><span style=\"color: #254f9d;\"><strong>Investing<\/strong><\/span><\/td>\n<\/tr>\n<tr class=\"border-bottom\">\n<td class=\"align-center\">\n<p style=\"text-align: center;\"><span style=\"color: #254f9d;\"><strong><img loading=\"lazy\" decoding=\"async\"\n                                class=\"alignnone size-full wp-image-1250\"\n                                src=\"https:\/\/www.parvilla-invest.fr\/wp-content\/uploads\/2023\/02\/parquest.jpg\" alt=\"\"\n                                width=\"250\" height=\"64\" \/><\/strong><\/span><\/p>\n<p style=\"text-align: center;\"><span style=\"color: #254f9d;\"><strong> Parquest Capital III<br \/>\n                            Fund<\/strong><\/span><\/p>\n<\/td>\n<td>\n<p style=\"text-align: left;\"><span style=\"color: #254f9d;\"><strong>Activity :<\/strong><\/span><br \/>\n                    LBO lower mid-market<\/p>\n<\/td>\n<td>\n<p style=\"text-align: left;\"><span style=\"color: #254f9d;\"><strong>Vintage year:<\/strong><\/span><br \/>\n                    2022<\/p>\n<\/td>\n<td colspan=\"2\"><span style=\"color: #254f9d;\"><strong>Investing<\/strong><\/span><\/td>\n<\/tr>\n<tr class=\"border-bottom\">\n<td class=\"align-center\">\n<p style=\"text-align: center;\"><span style=\"color: #254f9d;\"><strong><img loading=\"lazy\" decoding=\"async\"\n                                class=\"alignnone size-full wp-image-1250\"\n                                src=\"https:\/\/www.parvilla-invest.fr\/wp-content\/uploads\/2024\/01\/PAI-Strategic-Partnerships.jpg\"\n                                alt=\"\" width=\"130\" height=\"130\" \/><\/strong><\/span><\/p>\n<p style=\"text-align: center;\"><span style=\"color: #254f9d;\"><strong> Fonds PAI Strategic<br \/>\n                            Partnerships<\/strong><\/span><\/p>\n<\/td>\n<td>\n<p style=\"text-align: left;\"><span style=\"color: #254f9d;\"><strong>Activity :<\/strong><\/span><br \/>\n                    Investment in Froneri and Marcolin<\/p>\n<\/td>\n<td>\n<p style=\"text-align: left;\"><span style=\"color: #254f9d;\"><strong>Vintage year:<\/strong><\/span><br \/>\n                    2022<\/p>\n<\/td>\n<td colspan=\"2\"><span style=\"color: #254f9d;\"><strong>Fully invested<\/strong><\/span><\/td>\n<\/tr>\n<tr class=\"border-bottom\">\n<td class=\"align-center\">\n<p style=\"text-align: center;\"><span style=\"color: #254f9d;\"><strong><img decoding=\"async\"\n                                class=\"alignnone size-full wp-image-1250\"\n                                src=\"https:\/\/www.parvilla-invest.fr\/wp-content\/uploads\/2026\/03\/Afinum_Management_Logo_543x80-b89fc6e124f347b2.webp\"\n                                alt=\"\" width=\"130\" \/><\/strong><\/span><\/p>\n<p style=\"text-align: center;\"><span style=\"color: #254f9d;\"><strong>Afinum X<\/strong><\/span><\/p>\n<\/td>\n<td>\n<p style=\"text-align: left;\"><span style=\"color: #254f9d;\"><strong>Activity :<\/strong><\/span><br \/>\n                    LBO lower mid-market<\/p>\n<\/td>\n<td>\n<p style=\"text-align: left;\"><span style=\"color: #254f9d;\"><strong>Vintage year<\/strong><\/span><br \/>\n                    2025<\/p>\n<\/td>\n<td colspan=\"2\"><span style=\"color: #254f9d;\"><b>Investing<\/b><\/span><\/td>\n<\/tr>\n<tr class=\"border-bottom\">\n<td class=\"align-center\">\n<p style=\"text-align: center;\"><span style=\"color: #254f9d;\"><strong><img decoding=\"async\"\n                                class=\"alignnone size-full wp-image-1250\"\n                                src=\"https:\/\/www.parvilla-invest.fr\/wp-content\/uploads\/2026\/03\/argos.png\" alt=\"\"\n                                width=\"130\" \/><\/strong><\/span><\/p>\n<p style=\"text-align: center;\"><span style=\"color: #254f9d;\"><strong>Argos XI<\/strong><\/span><\/p>\n<\/td>\n<td>\n<p style=\"text-align: left;\"><span style=\"color: #254f9d;\"><strong>Activity :<\/strong><\/span><br \/>\n                    LBO mid-market<\/p>\n<\/td>\n<td>\n<p style=\"text-align: left;\"><span style=\"color: #254f9d;\"><strong>Vintage year<\/strong><\/span><br \/>\n                    2025<\/p>\n<\/td>\n<td colspan=\"2\"><span style=\"color: #254f9d;\"><b>Investing<\/b><\/span><\/td>\n<\/tr>\n<\/tbody>\n<\/table>\n<p>[\/vc_column_text][\/vc_column][\/vc_row]<\/p>\n<\/div>","protected":false},"excerpt":{"rendered":"<p>[vc_row class=&#8221;tablecustomcss&#8221;][vc_column][vc_column_text css=&#8221;&#8221;] Activity : Fund of funds European lower mid-market and co-investment Fund PARVILLA I raised in 2007\u20132008 Fund PARVILLA II raised in 2013 Fund PARVILLA III raised in 2017 Bluester IV Fund raised in 2019 Vintage year: 2008 Vintage year: 2012 Vintage year: 2016 Vintage year: 2020 First fund raised by Parvilla SAS [&hellip;]<\/p>\n","protected":false},"author":1,"featured_media":992,"parent":0,"menu_order":300,"comment_status":"closed","ping_status":"closed","template":"","meta":{"footnotes":""},"class_list":["post-1114","page","type-page","status-publish","has-post-thumbnail","hentry"],"yoast_head":"<!-- This site is optimized with the Yoast SEO plugin v26.8 - https:\/\/yoast.com\/product\/yoast-seo-wordpress\/ -->\n<title>Buy Out Funds - Parvilla Investissements<\/title>\n<meta name=\"description\" content=\"Parvilla Investissements is investing in the buyout space (70%) Almost Exclusively in the small lower midmarket Simultaneously in funds and in co-investmens\" \/>\n<meta name=\"robots\" content=\"index, follow, max-snippet:-1, max-image-preview:large, max-video-preview:-1\" \/>\n<link rel=\"canonical\" href=\"https:\/\/www.parvilla-invest.fr\/en\/buy-out-funds\/\" \/>\n<meta property=\"og:locale\" content=\"en_US\" \/>\n<meta property=\"og:type\" content=\"article\" \/>\n<meta property=\"og:title\" content=\"Buy Out Funds - Parvilla Investissements\" \/>\n<meta property=\"og:description\" content=\"Parvilla Investissements is investing in the buyout space (70%) Almost Exclusively in the small lower midmarket Simultaneously in funds and in co-investmens\" \/>\n<meta property=\"og:url\" content=\"https:\/\/www.parvilla-invest.fr\/en\/buy-out-funds\/\" \/>\n<meta property=\"og:site_name\" content=\"Parvilla Investissements\" \/>\n<meta property=\"article:modified_time\" content=\"2026-03-18T11:24:12+00:00\" \/>\n<meta property=\"og:image\" content=\"https:\/\/www.parvilla-invest.fr\/wp-content\/uploads\/2020\/01\/AdobeStock_256886270-scaled.jpeg\" \/>\n\t<meta property=\"og:image:width\" content=\"2560\" \/>\n\t<meta property=\"og:image:height\" content=\"1707\" \/>\n\t<meta property=\"og:image:type\" content=\"image\/jpeg\" \/>\n<meta name=\"twitter:card\" content=\"summary_large_image\" \/>\n<meta name=\"twitter:label1\" content=\"Est. reading time\" \/>\n\t<meta name=\"twitter:data1\" content=\"4 minutes\" \/>\n<script type=\"application\/ld+json\" class=\"yoast-schema-graph\">{\"@context\":\"https:\/\/schema.org\",\"@graph\":[{\"@type\":\"WebPage\",\"@id\":\"https:\/\/www.parvilla-invest.fr\/en\/buy-out-funds\/\",\"url\":\"https:\/\/www.parvilla-invest.fr\/en\/buy-out-funds\/\",\"name\":\"Buy Out Funds - Parvilla Investissements\",\"isPartOf\":{\"@id\":\"https:\/\/www.parvilla-invest.fr\/fr\/#website\"},\"primaryImageOfPage\":{\"@id\":\"https:\/\/www.parvilla-invest.fr\/en\/buy-out-funds\/#primaryimage\"},\"image\":{\"@id\":\"https:\/\/www.parvilla-invest.fr\/en\/buy-out-funds\/#primaryimage\"},\"thumbnailUrl\":\"https:\/\/www.parvilla-invest.fr\/wp-content\/uploads\/2020\/01\/AdobeStock_256886270-scaled.jpeg\",\"datePublished\":\"2020-02-19T03:56:39+00:00\",\"dateModified\":\"2026-03-18T11:24:12+00:00\",\"description\":\"Parvilla Investissements is investing in the buyout space (70%) Almost Exclusively in the small lower midmarket Simultaneously in funds and in co-investmens\",\"breadcrumb\":{\"@id\":\"https:\/\/www.parvilla-invest.fr\/en\/buy-out-funds\/#breadcrumb\"},\"inLanguage\":\"en-US\",\"potentialAction\":[{\"@type\":\"ReadAction\",\"target\":[\"https:\/\/www.parvilla-invest.fr\/en\/buy-out-funds\/\"]}]},{\"@type\":\"ImageObject\",\"inLanguage\":\"en-US\",\"@id\":\"https:\/\/www.parvilla-invest.fr\/en\/buy-out-funds\/#primaryimage\",\"url\":\"https:\/\/www.parvilla-invest.fr\/wp-content\/uploads\/2020\/01\/AdobeStock_256886270-scaled.jpeg\",\"contentUrl\":\"https:\/\/www.parvilla-invest.fr\/wp-content\/uploads\/2020\/01\/AdobeStock_256886270-scaled.jpeg\",\"width\":2560,\"height\":1707,\"caption\":\"Modern empty office interior with work space. 3D render\"},{\"@type\":\"BreadcrumbList\",\"@id\":\"https:\/\/www.parvilla-invest.fr\/en\/buy-out-funds\/#breadcrumb\",\"itemListElement\":[{\"@type\":\"ListItem\",\"position\":1,\"name\":\"Home\",\"item\":\"https:\/\/www.parvilla-invest.fr\/en\/\"},{\"@type\":\"ListItem\",\"position\":2,\"name\":\"Buy Out Funds\"}]},{\"@type\":\"WebSite\",\"@id\":\"https:\/\/www.parvilla-invest.fr\/fr\/#website\",\"url\":\"https:\/\/www.parvilla-invest.fr\/fr\/\",\"name\":\"Parvilla Investissements\",\"description\":\"Soci\u00e9t\u00e9 d&#039;investissement d\u00e9di\u00e9e au Private Equity\",\"publisher\":{\"@id\":\"https:\/\/www.parvilla-invest.fr\/fr\/#organization\"},\"potentialAction\":[{\"@type\":\"SearchAction\",\"target\":{\"@type\":\"EntryPoint\",\"urlTemplate\":\"https:\/\/www.parvilla-invest.fr\/fr\/?s={search_term_string}\"},\"query-input\":{\"@type\":\"PropertyValueSpecification\",\"valueRequired\":true,\"valueName\":\"search_term_string\"}}],\"inLanguage\":\"en-US\"},{\"@type\":\"Organization\",\"@id\":\"https:\/\/www.parvilla-invest.fr\/fr\/#organization\",\"name\":\"Parvilla Invest\",\"url\":\"https:\/\/www.parvilla-invest.fr\/fr\/\",\"logo\":{\"@type\":\"ImageObject\",\"inLanguage\":\"en-US\",\"@id\":\"https:\/\/www.parvilla-invest.fr\/fr\/#\/schema\/logo\/image\/\",\"url\":\"https:\/\/www.parvilla-invest.fr\/wp-content\/uploads\/2020\/01\/logo-1.jpg\",\"contentUrl\":\"https:\/\/www.parvilla-invest.fr\/wp-content\/uploads\/2020\/01\/logo-1.jpg\",\"width\":235,\"height\":59,\"caption\":\"Parvilla Invest\"},\"image\":{\"@id\":\"https:\/\/www.parvilla-invest.fr\/fr\/#\/schema\/logo\/image\/\"}}]}<\/script>\n<!-- \/ Yoast SEO plugin. -->","yoast_head_json":{"title":"Buy Out Funds - Parvilla Investissements","description":"Parvilla Investissements is investing in the buyout space (70%) Almost Exclusively in the small lower midmarket Simultaneously in funds and in co-investmens","robots":{"index":"index","follow":"follow","max-snippet":"max-snippet:-1","max-image-preview":"max-image-preview:large","max-video-preview":"max-video-preview:-1"},"canonical":"https:\/\/www.parvilla-invest.fr\/en\/buy-out-funds\/","og_locale":"en_US","og_type":"article","og_title":"Buy Out Funds - Parvilla Investissements","og_description":"Parvilla Investissements is investing in the buyout space (70%) Almost Exclusively in the small lower midmarket Simultaneously in funds and in co-investmens","og_url":"https:\/\/www.parvilla-invest.fr\/en\/buy-out-funds\/","og_site_name":"Parvilla Investissements","article_modified_time":"2026-03-18T11:24:12+00:00","og_image":[{"width":2560,"height":1707,"url":"https:\/\/www.parvilla-invest.fr\/wp-content\/uploads\/2020\/01\/AdobeStock_256886270-scaled.jpeg","type":"image\/jpeg"}],"twitter_card":"summary_large_image","twitter_misc":{"Est. reading time":"4 minutes"},"schema":{"@context":"https:\/\/schema.org","@graph":[{"@type":"WebPage","@id":"https:\/\/www.parvilla-invest.fr\/en\/buy-out-funds\/","url":"https:\/\/www.parvilla-invest.fr\/en\/buy-out-funds\/","name":"Buy Out Funds - Parvilla Investissements","isPartOf":{"@id":"https:\/\/www.parvilla-invest.fr\/fr\/#website"},"primaryImageOfPage":{"@id":"https:\/\/www.parvilla-invest.fr\/en\/buy-out-funds\/#primaryimage"},"image":{"@id":"https:\/\/www.parvilla-invest.fr\/en\/buy-out-funds\/#primaryimage"},"thumbnailUrl":"https:\/\/www.parvilla-invest.fr\/wp-content\/uploads\/2020\/01\/AdobeStock_256886270-scaled.jpeg","datePublished":"2020-02-19T03:56:39+00:00","dateModified":"2026-03-18T11:24:12+00:00","description":"Parvilla Investissements is investing in the buyout space (70%) Almost Exclusively in the small lower midmarket Simultaneously in funds and in co-investmens","breadcrumb":{"@id":"https:\/\/www.parvilla-invest.fr\/en\/buy-out-funds\/#breadcrumb"},"inLanguage":"en-US","potentialAction":[{"@type":"ReadAction","target":["https:\/\/www.parvilla-invest.fr\/en\/buy-out-funds\/"]}]},{"@type":"ImageObject","inLanguage":"en-US","@id":"https:\/\/www.parvilla-invest.fr\/en\/buy-out-funds\/#primaryimage","url":"https:\/\/www.parvilla-invest.fr\/wp-content\/uploads\/2020\/01\/AdobeStock_256886270-scaled.jpeg","contentUrl":"https:\/\/www.parvilla-invest.fr\/wp-content\/uploads\/2020\/01\/AdobeStock_256886270-scaled.jpeg","width":2560,"height":1707,"caption":"Modern empty office interior with work space. 3D render"},{"@type":"BreadcrumbList","@id":"https:\/\/www.parvilla-invest.fr\/en\/buy-out-funds\/#breadcrumb","itemListElement":[{"@type":"ListItem","position":1,"name":"Home","item":"https:\/\/www.parvilla-invest.fr\/en\/"},{"@type":"ListItem","position":2,"name":"Buy Out Funds"}]},{"@type":"WebSite","@id":"https:\/\/www.parvilla-invest.fr\/fr\/#website","url":"https:\/\/www.parvilla-invest.fr\/fr\/","name":"Parvilla Investissements","description":"Soci\u00e9t\u00e9 d&#039;investissement d\u00e9di\u00e9e au Private Equity","publisher":{"@id":"https:\/\/www.parvilla-invest.fr\/fr\/#organization"},"potentialAction":[{"@type":"SearchAction","target":{"@type":"EntryPoint","urlTemplate":"https:\/\/www.parvilla-invest.fr\/fr\/?s={search_term_string}"},"query-input":{"@type":"PropertyValueSpecification","valueRequired":true,"valueName":"search_term_string"}}],"inLanguage":"en-US"},{"@type":"Organization","@id":"https:\/\/www.parvilla-invest.fr\/fr\/#organization","name":"Parvilla Invest","url":"https:\/\/www.parvilla-invest.fr\/fr\/","logo":{"@type":"ImageObject","inLanguage":"en-US","@id":"https:\/\/www.parvilla-invest.fr\/fr\/#\/schema\/logo\/image\/","url":"https:\/\/www.parvilla-invest.fr\/wp-content\/uploads\/2020\/01\/logo-1.jpg","contentUrl":"https:\/\/www.parvilla-invest.fr\/wp-content\/uploads\/2020\/01\/logo-1.jpg","width":235,"height":59,"caption":"Parvilla Invest"},"image":{"@id":"https:\/\/www.parvilla-invest.fr\/fr\/#\/schema\/logo\/image\/"}}]}},"_links":{"self":[{"href":"https:\/\/www.parvilla-invest.fr\/en\/wp-json\/wp\/v2\/pages\/1114","targetHints":{"allow":["GET"]}}],"collection":[{"href":"https:\/\/www.parvilla-invest.fr\/en\/wp-json\/wp\/v2\/pages"}],"about":[{"href":"https:\/\/www.parvilla-invest.fr\/en\/wp-json\/wp\/v2\/types\/page"}],"author":[{"embeddable":true,"href":"https:\/\/www.parvilla-invest.fr\/en\/wp-json\/wp\/v2\/users\/1"}],"replies":[{"embeddable":true,"href":"https:\/\/www.parvilla-invest.fr\/en\/wp-json\/wp\/v2\/comments?post=1114"}],"version-history":[{"count":6,"href":"https:\/\/www.parvilla-invest.fr\/en\/wp-json\/wp\/v2\/pages\/1114\/revisions"}],"predecessor-version":[{"id":1404,"href":"https:\/\/www.parvilla-invest.fr\/en\/wp-json\/wp\/v2\/pages\/1114\/revisions\/1404"}],"wp:featuredmedia":[{"embeddable":true,"href":"https:\/\/www.parvilla-invest.fr\/en\/wp-json\/wp\/v2\/media\/992"}],"wp:attachment":[{"href":"https:\/\/www.parvilla-invest.fr\/en\/wp-json\/wp\/v2\/media?parent=1114"}],"curies":[{"name":"wp","href":"https:\/\/api.w.org\/{rel}","templated":true}]}}