{"id":933,"date":"2014-12-08T13:43:47","date_gmt":"2014-12-08T12:43:47","guid":{"rendered":"https:\/\/www.parvilla-invest.fr\/accueil\/"},"modified":"2020-09-06T21:44:06","modified_gmt":"2020-09-06T19:44:06","slug":"home","status":"publish","type":"page","link":"https:\/\/www.parvilla-invest.fr\/en\/","title":{"rendered":"Home"},"content":{"rendered":"<div class=\"wpb-content-wrapper\"><p>[vc_row][vc_column width=&#8221;1\/3&#8243;][services_medium title=&#8221;History&#8221; style=&#8221;style_2&#8243; icon_bool=&#8221;image&#8221; icon_color=&#8221;#e1e1e1&#8243; dynamic_content_link=&#8221;https:\/\/www.parvilla-invest.fr\/fr\/histoire\/&#8221; image=&#8221;1150&#8243;][\/services_medium][vc_btn title=&#8221;Read more&#8221; style=&#8221;custom&#8221; custom_background=&#8221;#032c5e&#8221; custom_text=&#8221;#ffffff&#8221; shape=&#8221;square&#8221; size=&#8221;sm&#8221; align=&#8221;center&#8221; link=&#8221;url:http%3A%2F%2Fwww.parvilla-invest.fr%2Fen%2Fhistory%2F|title:Histoire%20Parvilla%20Investissements||&#8221; el_class=&#8221;custombt&#8221;][\/vc_column][vc_column width=&#8221;1\/3&#8243;][services_medium title=&#8221;Activity&#8221; style=&#8221;style_2&#8243; icon_bool=&#8221;image&#8221; icon_color=&#8221;#e1e1e1&#8243; dynamic_content_link=&#8221;https:\/\/www.parvilla-invest.fr\/fr\/activite\/&#8221; image=&#8221;974&#8243;][\/services_medium][vc_btn title=&#8221;Read more&#8221; style=&#8221;custom&#8221; custom_background=&#8221;#032c5e&#8221; custom_text=&#8221;#ffffff&#8221; shape=&#8221;square&#8221; size=&#8221;sm&#8221; align=&#8221;center&#8221; link=&#8221;url:http%3A%2F%2Fwww.parvilla-invest.fr%2Fen%2Factivity%2F|title:Activit%C3%A9%20Parvilla%20Investissements||&#8221; el_class=&#8221;custombt&#8221;][\/vc_column][vc_column width=&#8221;1\/3&#8243;][services_medium title=&#8221;Our Investments&#8221; style=&#8221;style_2&#8243; icon_bool=&#8221;image&#8221; icon_color=&#8221;#e1e1e1&#8243; dynamic_content_link=&#8221;https:\/\/www.parvilla-invest.fr\/fr\/fonds-de-lbo\/&#8221; image=&#8221;868&#8243;][\/services_medium][vc_btn title=&#8221;Read more&#8221; style=&#8221;custom&#8221; custom_background=&#8221;#032c5e&#8221; custom_text=&#8221;#ffffff&#8221; shape=&#8221;square&#8221; size=&#8221;sm&#8221; align=&#8221;center&#8221; link=&#8221;url:http%3A%2F%2Fwww.parvilla-invest.fr%2Fen%2Fbuy-out-funds%2F|title:Investissements%20Parvilla||&#8221; el_class=&#8221;custombt&#8221;][\/vc_column][\/vc_row][vc_row top_padding=&#8221;50&#8243; bottom_padding=&#8221;75&#8243;][vc_column offset=&#8221;vc_col-md-offset-2 vc_col-md-8&#8243;][vc_column_text]<\/p>\n<p style=\"text-align: center;\"><span lang=\"EN-GB\">Parvilla Investissements is an investment company totally \u00a0dedicated to Private Equity in Western Europe. It is owned by its founder, a private equity professional.\u00a0<\/span><\/p>\n<p>[\/vc_column_text][\/vc_column][\/vc_row][vc_row type=&#8221;full_width_background&#8221; bg_color=&#8221;#254f9d&#8221;][vc_column][vc_row_inner equal_height=&#8221;yes&#8221; content_placement=&#8221;middle&#8221;][vc_column_inner width=&#8221;1\/2&#8243;][vc_column_text]<\/p>\n<h3><span style=\"color: #ffffff;\">Have you got any questions ?<\/span><\/h3>\n<p>[\/vc_column_text][\/vc_column_inner][vc_column_inner width=&#8221;1\/2&#8243;][vc_btn title=&#8221;CONTACT US&#8221; style=&#8221;custom&#8221; custom_background=&#8221;#032c5e&#8221; custom_text=&#8221;#ffffff&#8221; shape=&#8221;square&#8221; size=&#8221;lg&#8221; align=&#8221;right&#8221; link=&#8221;url:http%3A%2F%2Fwww.parvilla-invest.fr%2Fen%2Fcontact%2F|||&#8221; el_class=&#8221;custombt&#8221;][\/vc_column_inner][\/vc_row_inner][\/vc_column][\/vc_row]<\/p>\n<\/div>","protected":false},"excerpt":{"rendered":"<p>[vc_row][vc_column width=&#8221;1\/3&#8243;][services_medium title=&#8221;History&#8221; style=&#8221;style_2&#8243; icon_bool=&#8221;image&#8221; icon_color=&#8221;#e1e1e1&#8243; dynamic_content_link=&#8221;https:\/\/www.parvilla-invest.fr\/fr\/histoire\/&#8221; image=&#8221;1150&#8243;][\/services_medium][vc_btn title=&#8221;Read more&#8221; style=&#8221;custom&#8221; custom_background=&#8221;#032c5e&#8221; custom_text=&#8221;#ffffff&#8221; shape=&#8221;square&#8221; size=&#8221;sm&#8221; align=&#8221;center&#8221; link=&#8221;url:http%3A%2F%2Fwww.parvilla-invest.fr%2Fen%2Fhistory%2F|title:Histoire%20Parvilla%20Investissements||&#8221; el_class=&#8221;custombt&#8221;][\/vc_column][vc_column width=&#8221;1\/3&#8243;][services_medium title=&#8221;Activity&#8221; style=&#8221;style_2&#8243; icon_bool=&#8221;image&#8221; icon_color=&#8221;#e1e1e1&#8243; dynamic_content_link=&#8221;https:\/\/www.parvilla-invest.fr\/fr\/activite\/&#8221; image=&#8221;974&#8243;][\/services_medium][vc_btn title=&#8221;Read more&#8221; style=&#8221;custom&#8221; custom_background=&#8221;#032c5e&#8221; custom_text=&#8221;#ffffff&#8221; shape=&#8221;square&#8221; size=&#8221;sm&#8221; align=&#8221;center&#8221; link=&#8221;url:http%3A%2F%2Fwww.parvilla-invest.fr%2Fen%2Factivity%2F|title:Activit%C3%A9%20Parvilla%20Investissements||&#8221; el_class=&#8221;custombt&#8221;][\/vc_column][vc_column width=&#8221;1\/3&#8243;][services_medium title=&#8221;Our Investments&#8221; style=&#8221;style_2&#8243; icon_bool=&#8221;image&#8221; icon_color=&#8221;#e1e1e1&#8243; dynamic_content_link=&#8221;https:\/\/www.parvilla-invest.fr\/fr\/fonds-de-lbo\/&#8221; image=&#8221;868&#8243;][\/services_medium][vc_btn title=&#8221;Read more&#8221; style=&#8221;custom&#8221; custom_background=&#8221;#032c5e&#8221; custom_text=&#8221;#ffffff&#8221; shape=&#8221;square&#8221; size=&#8221;sm&#8221; align=&#8221;center&#8221; link=&#8221;url:http%3A%2F%2Fwww.parvilla-invest.fr%2Fen%2Fbuy-out-funds%2F|title:Investissements%20Parvilla||&#8221; el_class=&#8221;custombt&#8221;][\/vc_column][\/vc_row][vc_row top_padding=&#8221;50&#8243; bottom_padding=&#8221;75&#8243;][vc_column [&hellip;]<\/p>\n","protected":false},"author":1,"featured_media":948,"parent":0,"menu_order":1,"comment_status":"closed","ping_status":"closed","template":"","meta":{"footnotes":""},"class_list":["post-933","page","type-page","status-publish","has-post-thumbnail","hentry"],"yoast_head":"<!-- This site is optimized with the Yoast SEO plugin v26.8 - https:\/\/yoast.com\/product\/yoast-seo-wordpress\/ -->\n<title>Parvilla Investissements - Investment Company - Home<\/title>\n<meta name=\"description\" content=\"Parvilla Investissements is an investment company totally dedicated to Private Equity in Western Europe, owned by its founder.\" \/>\n<meta name=\"robots\" content=\"index, follow, max-snippet:-1, max-image-preview:large, max-video-preview:-1\" \/>\n<link rel=\"canonical\" href=\"https:\/\/www.parvilla-invest.fr\/en\/\" \/>\n<meta property=\"og:locale\" content=\"en_US\" \/>\n<meta property=\"og:type\" content=\"article\" \/>\n<meta property=\"og:title\" content=\"Parvilla Investissements - Investment Company - Home\" \/>\n<meta property=\"og:description\" content=\"Parvilla Investissements is an investment company totally dedicated to Private Equity in Western Europe, owned by its founder.\" \/>\n<meta property=\"og:url\" content=\"https:\/\/www.parvilla-invest.fr\/en\/\" \/>\n<meta property=\"og:site_name\" content=\"Parvilla Investissements\" \/>\n<meta property=\"article:modified_time\" content=\"2020-09-06T19:44:06+00:00\" \/>\n<meta property=\"og:image\" content=\"https:\/\/www.parvilla-invest.fr\/wp-content\/uploads\/2020\/02\/AdobeStock_293160594-1024x406.jpeg\" \/>\n\t<meta property=\"og:image:width\" content=\"1024\" \/>\n\t<meta property=\"og:image:height\" content=\"406\" \/>\n\t<meta property=\"og:image:type\" content=\"image\/jpeg\" \/>\n<meta name=\"twitter:card\" content=\"summary_large_image\" \/>\n<meta name=\"twitter:label1\" content=\"Est. reading time\" \/>\n\t<meta name=\"twitter:data1\" content=\"2 minutes\" \/>\n<script type=\"application\/ld+json\" class=\"yoast-schema-graph\">{\"@context\":\"https:\/\/schema.org\",\"@graph\":[{\"@type\":\"WebPage\",\"@id\":\"https:\/\/www.parvilla-invest.fr\/en\/\",\"url\":\"https:\/\/www.parvilla-invest.fr\/en\/\",\"name\":\"Parvilla Investissements - Investment Company - Home\",\"isPartOf\":{\"@id\":\"https:\/\/www.parvilla-invest.fr\/fr\/#website\"},\"primaryImageOfPage\":{\"@id\":\"https:\/\/www.parvilla-invest.fr\/en\/#primaryimage\"},\"image\":{\"@id\":\"https:\/\/www.parvilla-invest.fr\/en\/#primaryimage\"},\"thumbnailUrl\":\"https:\/\/www.parvilla-invest.fr\/wp-content\/uploads\/2020\/02\/AdobeStock_293160594.jpeg\",\"datePublished\":\"2014-12-08T12:43:47+00:00\",\"dateModified\":\"2020-09-06T19:44:06+00:00\",\"description\":\"Parvilla Investissements is an investment company totally dedicated to Private Equity in Western Europe, owned by its founder.\",\"breadcrumb\":{\"@id\":\"https:\/\/www.parvilla-invest.fr\/en\/#breadcrumb\"},\"inLanguage\":\"en-US\",\"potentialAction\":[{\"@type\":\"ReadAction\",\"target\":[\"https:\/\/www.parvilla-invest.fr\/en\/\"]}]},{\"@type\":\"ImageObject\",\"inLanguage\":\"en-US\",\"@id\":\"https:\/\/www.parvilla-invest.fr\/en\/#primaryimage\",\"url\":\"https:\/\/www.parvilla-invest.fr\/wp-content\/uploads\/2020\/02\/AdobeStock_293160594.jpeg\",\"contentUrl\":\"https:\/\/www.parvilla-invest.fr\/wp-content\/uploads\/2020\/02\/AdobeStock_293160594.jpeg\",\"width\":2560,\"height\":1016,\"caption\":\"Panorama of city of Paris with cityscape and city view\"},{\"@type\":\"BreadcrumbList\",\"@id\":\"https:\/\/www.parvilla-invest.fr\/en\/#breadcrumb\",\"itemListElement\":[{\"@type\":\"ListItem\",\"position\":1,\"name\":\"Home\",\"item\":\"https:\/\/www.parvilla-invest.fr\/en\/\"},{\"@type\":\"ListItem\",\"position\":2,\"name\":\"Home\"}]},{\"@type\":\"WebSite\",\"@id\":\"https:\/\/www.parvilla-invest.fr\/fr\/#website\",\"url\":\"https:\/\/www.parvilla-invest.fr\/fr\/\",\"name\":\"Parvilla Investissements\",\"description\":\"Soci\u00e9t\u00e9 d&#039;investissement d\u00e9di\u00e9e au Private Equity\",\"publisher\":{\"@id\":\"https:\/\/www.parvilla-invest.fr\/fr\/#organization\"},\"potentialAction\":[{\"@type\":\"SearchAction\",\"target\":{\"@type\":\"EntryPoint\",\"urlTemplate\":\"https:\/\/www.parvilla-invest.fr\/fr\/?s={search_term_string}\"},\"query-input\":{\"@type\":\"PropertyValueSpecification\",\"valueRequired\":true,\"valueName\":\"search_term_string\"}}],\"inLanguage\":\"en-US\"},{\"@type\":\"Organization\",\"@id\":\"https:\/\/www.parvilla-invest.fr\/fr\/#organization\",\"name\":\"Parvilla Invest\",\"url\":\"https:\/\/www.parvilla-invest.fr\/fr\/\",\"logo\":{\"@type\":\"ImageObject\",\"inLanguage\":\"en-US\",\"@id\":\"https:\/\/www.parvilla-invest.fr\/fr\/#\/schema\/logo\/image\/\",\"url\":\"https:\/\/www.parvilla-invest.fr\/wp-content\/uploads\/2020\/01\/logo-1.jpg\",\"contentUrl\":\"https:\/\/www.parvilla-invest.fr\/wp-content\/uploads\/2020\/01\/logo-1.jpg\",\"width\":235,\"height\":59,\"caption\":\"Parvilla Invest\"},\"image\":{\"@id\":\"https:\/\/www.parvilla-invest.fr\/fr\/#\/schema\/logo\/image\/\"}}]}<\/script>\n<!-- \/ Yoast SEO plugin. -->","yoast_head_json":{"title":"Parvilla Investissements - Investment Company - Home","description":"Parvilla Investissements is an investment company totally dedicated to Private Equity in Western Europe, owned by its founder.","robots":{"index":"index","follow":"follow","max-snippet":"max-snippet:-1","max-image-preview":"max-image-preview:large","max-video-preview":"max-video-preview:-1"},"canonical":"https:\/\/www.parvilla-invest.fr\/en\/","og_locale":"en_US","og_type":"article","og_title":"Parvilla Investissements - Investment Company - Home","og_description":"Parvilla Investissements is an investment company totally dedicated to Private Equity in Western Europe, owned by its founder.","og_url":"https:\/\/www.parvilla-invest.fr\/en\/","og_site_name":"Parvilla Investissements","article_modified_time":"2020-09-06T19:44:06+00:00","og_image":[{"width":1024,"height":406,"url":"https:\/\/www.parvilla-invest.fr\/wp-content\/uploads\/2020\/02\/AdobeStock_293160594-1024x406.jpeg","type":"image\/jpeg"}],"twitter_card":"summary_large_image","twitter_misc":{"Est. reading time":"2 minutes"},"schema":{"@context":"https:\/\/schema.org","@graph":[{"@type":"WebPage","@id":"https:\/\/www.parvilla-invest.fr\/en\/","url":"https:\/\/www.parvilla-invest.fr\/en\/","name":"Parvilla Investissements - Investment Company - Home","isPartOf":{"@id":"https:\/\/www.parvilla-invest.fr\/fr\/#website"},"primaryImageOfPage":{"@id":"https:\/\/www.parvilla-invest.fr\/en\/#primaryimage"},"image":{"@id":"https:\/\/www.parvilla-invest.fr\/en\/#primaryimage"},"thumbnailUrl":"https:\/\/www.parvilla-invest.fr\/wp-content\/uploads\/2020\/02\/AdobeStock_293160594.jpeg","datePublished":"2014-12-08T12:43:47+00:00","dateModified":"2020-09-06T19:44:06+00:00","description":"Parvilla Investissements is an investment company totally dedicated to Private Equity in Western Europe, owned by its founder.","breadcrumb":{"@id":"https:\/\/www.parvilla-invest.fr\/en\/#breadcrumb"},"inLanguage":"en-US","potentialAction":[{"@type":"ReadAction","target":["https:\/\/www.parvilla-invest.fr\/en\/"]}]},{"@type":"ImageObject","inLanguage":"en-US","@id":"https:\/\/www.parvilla-invest.fr\/en\/#primaryimage","url":"https:\/\/www.parvilla-invest.fr\/wp-content\/uploads\/2020\/02\/AdobeStock_293160594.jpeg","contentUrl":"https:\/\/www.parvilla-invest.fr\/wp-content\/uploads\/2020\/02\/AdobeStock_293160594.jpeg","width":2560,"height":1016,"caption":"Panorama of city of Paris with cityscape and city view"},{"@type":"BreadcrumbList","@id":"https:\/\/www.parvilla-invest.fr\/en\/#breadcrumb","itemListElement":[{"@type":"ListItem","position":1,"name":"Home","item":"https:\/\/www.parvilla-invest.fr\/en\/"},{"@type":"ListItem","position":2,"name":"Home"}]},{"@type":"WebSite","@id":"https:\/\/www.parvilla-invest.fr\/fr\/#website","url":"https:\/\/www.parvilla-invest.fr\/fr\/","name":"Parvilla Investissements","description":"Soci\u00e9t\u00e9 d&#039;investissement d\u00e9di\u00e9e au Private Equity","publisher":{"@id":"https:\/\/www.parvilla-invest.fr\/fr\/#organization"},"potentialAction":[{"@type":"SearchAction","target":{"@type":"EntryPoint","urlTemplate":"https:\/\/www.parvilla-invest.fr\/fr\/?s={search_term_string}"},"query-input":{"@type":"PropertyValueSpecification","valueRequired":true,"valueName":"search_term_string"}}],"inLanguage":"en-US"},{"@type":"Organization","@id":"https:\/\/www.parvilla-invest.fr\/fr\/#organization","name":"Parvilla Invest","url":"https:\/\/www.parvilla-invest.fr\/fr\/","logo":{"@type":"ImageObject","inLanguage":"en-US","@id":"https:\/\/www.parvilla-invest.fr\/fr\/#\/schema\/logo\/image\/","url":"https:\/\/www.parvilla-invest.fr\/wp-content\/uploads\/2020\/01\/logo-1.jpg","contentUrl":"https:\/\/www.parvilla-invest.fr\/wp-content\/uploads\/2020\/01\/logo-1.jpg","width":235,"height":59,"caption":"Parvilla Invest"},"image":{"@id":"https:\/\/www.parvilla-invest.fr\/fr\/#\/schema\/logo\/image\/"}}]}},"_links":{"self":[{"href":"https:\/\/www.parvilla-invest.fr\/en\/wp-json\/wp\/v2\/pages\/933","targetHints":{"allow":["GET"]}}],"collection":[{"href":"https:\/\/www.parvilla-invest.fr\/en\/wp-json\/wp\/v2\/pages"}],"about":[{"href":"https:\/\/www.parvilla-invest.fr\/en\/wp-json\/wp\/v2\/types\/page"}],"author":[{"embeddable":true,"href":"https:\/\/www.parvilla-invest.fr\/en\/wp-json\/wp\/v2\/users\/1"}],"replies":[{"embeddable":true,"href":"https:\/\/www.parvilla-invest.fr\/en\/wp-json\/wp\/v2\/comments?post=933"}],"version-history":[{"count":5,"href":"https:\/\/www.parvilla-invest.fr\/en\/wp-json\/wp\/v2\/pages\/933\/revisions"}],"predecessor-version":[{"id":1242,"href":"https:\/\/www.parvilla-invest.fr\/en\/wp-json\/wp\/v2\/pages\/933\/revisions\/1242"}],"wp:featuredmedia":[{"embeddable":true,"href":"https:\/\/www.parvilla-invest.fr\/en\/wp-json\/wp\/v2\/media\/948"}],"wp:attachment":[{"href":"https:\/\/www.parvilla-invest.fr\/en\/wp-json\/wp\/v2\/media?parent=933"}],"curies":[{"name":"wp","href":"https:\/\/api.w.org\/{rel}","templated":true}]}}