{"id":982,"date":"2020-02-02T20:09:18","date_gmt":"2020-02-02T19:09:18","guid":{"rendered":"https:\/\/www.parvilla-invest.fr\/histoire\/"},"modified":"2020-10-28T15:48:26","modified_gmt":"2020-10-28T14:48:26","slug":"history","status":"publish","type":"page","link":"https:\/\/www.parvilla-invest.fr\/en\/history\/","title":{"rendered":"History"},"content":{"rendered":"<div class=\"wpb-content-wrapper\"><p>[vc_row][vc_column][vc_column_text]Parvilla Investissements was created in 2006 as a SAS by Jean-Marie FABRE, formerly a Senior Partner at PAI Partners, with the objective of investing into Private Equity, where Jean-Marie Fabre had his professional background.<\/p>\n<p>Immediately after inception, Parvilla Investissements became the sole shareholder of Parvilla SAS a newly created management company dedicated to Private Equity. Parvilla SAS was authorized by the French regulator (AMF) in June 2007 and made in July 2007 the 1st closing of Fonds Parvilla I dedicated to the lower mid-market buy-out with an exclusive focus on Western Europe. Parvilla Investissements has taken important commitments in all three funds Parvilla I, II and III. Since its inception till 2016 Parvilla Investissements has invested only through or alongside Parvilla\u2019s Funds.<\/p>\n<p>In 2013 Lise Nobre, also an ex-PAI partner, joined Parvilla as a partner and\u00a0took over the CEO position from Jean-Marie Fabre\u00a0in September 2016.<\/p>\n<p>Since then, Parvilla Investissements has developed its own investment activity outside Parvilla\u2019s scope, mainly in Tech\/ life science funds and, to a lesser extent, in the small buy-out space, below Parvilla\u2019s thresholds.<\/p>\n<p>Since October 1st 2019, Parvilla Investissements is no longer a shareholder of Parvilla SAS, later renamed Bluester Capital.<\/p>\n<p>Since then Parvilla Investissements actively invests as described under the \u00ab activity \u00bb item.[\/vc_column_text][\/vc_column][\/vc_row]<\/p>\n<\/div>","protected":false},"excerpt":{"rendered":"<p>[vc_row][vc_column][vc_column_text]Parvilla Investissements was created in 2006 as a SAS by Jean-Marie FABRE, formerly a Senior Partner at PAI Partners, with the objective of investing into Private Equity, where Jean-Marie Fabre had his professional background. Immediately after inception, Parvilla Investissements became the sole shareholder of Parvilla SAS a newly created management company dedicated to Private Equity. [&hellip;]<\/p>\n","protected":false},"author":1,"featured_media":1147,"parent":0,"menu_order":100,"comment_status":"closed","ping_status":"closed","template":"","meta":{"footnotes":""},"class_list":["post-982","page","type-page","status-publish","has-post-thumbnail","hentry"],"yoast_head":"<!-- This site is optimized with the Yoast SEO plugin v26.8 - https:\/\/yoast.com\/product\/yoast-seo-wordpress\/ -->\n<title>History - Parvilla Investissements<\/title>\n<meta name=\"description\" content=\"Parvilla Investissements was created in 2006 as a SAS by Jean-Marie FABRE with the objective of investing into Private Equity.\" \/>\n<meta name=\"robots\" content=\"index, follow, max-snippet:-1, max-image-preview:large, max-video-preview:-1\" \/>\n<link rel=\"canonical\" href=\"https:\/\/www.parvilla-invest.fr\/en\/history\/\" \/>\n<meta property=\"og:locale\" content=\"en_US\" \/>\n<meta property=\"og:type\" content=\"article\" \/>\n<meta property=\"og:title\" content=\"History - Parvilla Investissements\" \/>\n<meta property=\"og:description\" content=\"Parvilla Investissements was created in 2006 as a SAS by Jean-Marie FABRE with the objective of investing into Private Equity.\" \/>\n<meta property=\"og:url\" content=\"https:\/\/www.parvilla-invest.fr\/en\/history\/\" \/>\n<meta property=\"og:site_name\" content=\"Parvilla Investissements\" \/>\n<meta property=\"article:modified_time\" content=\"2020-10-28T14:48:26+00:00\" \/>\n<meta property=\"og:image\" content=\"https:\/\/www.parvilla-invest.fr\/wp-content\/uploads\/2020\/02\/iStock-92518755.jpg\" \/>\n\t<meta property=\"og:image:width\" content=\"1280\" \/>\n\t<meta property=\"og:image:height\" content=\"541\" \/>\n\t<meta property=\"og:image:type\" content=\"image\/jpeg\" \/>\n<meta name=\"twitter:card\" content=\"summary_large_image\" \/>\n<meta name=\"twitter:label1\" content=\"Est. reading time\" \/>\n\t<meta name=\"twitter:data1\" content=\"1 minute\" \/>\n<script type=\"application\/ld+json\" class=\"yoast-schema-graph\">{\"@context\":\"https:\/\/schema.org\",\"@graph\":[{\"@type\":\"WebPage\",\"@id\":\"https:\/\/www.parvilla-invest.fr\/en\/history\/\",\"url\":\"https:\/\/www.parvilla-invest.fr\/en\/history\/\",\"name\":\"History - Parvilla Investissements\",\"isPartOf\":{\"@id\":\"https:\/\/www.parvilla-invest.fr\/fr\/#website\"},\"primaryImageOfPage\":{\"@id\":\"https:\/\/www.parvilla-invest.fr\/en\/history\/#primaryimage\"},\"image\":{\"@id\":\"https:\/\/www.parvilla-invest.fr\/en\/history\/#primaryimage\"},\"thumbnailUrl\":\"https:\/\/www.parvilla-invest.fr\/wp-content\/uploads\/2020\/02\/iStock-92518755.jpg\",\"datePublished\":\"2020-02-02T19:09:18+00:00\",\"dateModified\":\"2020-10-28T14:48:26+00:00\",\"description\":\"Parvilla Investissements was created in 2006 as a SAS by Jean-Marie FABRE with the objective of investing into Private Equity.\",\"breadcrumb\":{\"@id\":\"https:\/\/www.parvilla-invest.fr\/en\/history\/#breadcrumb\"},\"inLanguage\":\"en-US\",\"potentialAction\":[{\"@type\":\"ReadAction\",\"target\":[\"https:\/\/www.parvilla-invest.fr\/en\/history\/\"]}]},{\"@type\":\"ImageObject\",\"inLanguage\":\"en-US\",\"@id\":\"https:\/\/www.parvilla-invest.fr\/en\/history\/#primaryimage\",\"url\":\"https:\/\/www.parvilla-invest.fr\/wp-content\/uploads\/2020\/02\/iStock-92518755.jpg\",\"contentUrl\":\"https:\/\/www.parvilla-invest.fr\/wp-content\/uploads\/2020\/02\/iStock-92518755.jpg\",\"width\":1280,\"height\":541},{\"@type\":\"BreadcrumbList\",\"@id\":\"https:\/\/www.parvilla-invest.fr\/en\/history\/#breadcrumb\",\"itemListElement\":[{\"@type\":\"ListItem\",\"position\":1,\"name\":\"Home\",\"item\":\"https:\/\/www.parvilla-invest.fr\/en\/\"},{\"@type\":\"ListItem\",\"position\":2,\"name\":\"History\"}]},{\"@type\":\"WebSite\",\"@id\":\"https:\/\/www.parvilla-invest.fr\/fr\/#website\",\"url\":\"https:\/\/www.parvilla-invest.fr\/fr\/\",\"name\":\"Parvilla Investissements\",\"description\":\"Soci\u00e9t\u00e9 d&#039;investissement d\u00e9di\u00e9e au Private Equity\",\"publisher\":{\"@id\":\"https:\/\/www.parvilla-invest.fr\/fr\/#organization\"},\"potentialAction\":[{\"@type\":\"SearchAction\",\"target\":{\"@type\":\"EntryPoint\",\"urlTemplate\":\"https:\/\/www.parvilla-invest.fr\/fr\/?s={search_term_string}\"},\"query-input\":{\"@type\":\"PropertyValueSpecification\",\"valueRequired\":true,\"valueName\":\"search_term_string\"}}],\"inLanguage\":\"en-US\"},{\"@type\":\"Organization\",\"@id\":\"https:\/\/www.parvilla-invest.fr\/fr\/#organization\",\"name\":\"Parvilla Invest\",\"url\":\"https:\/\/www.parvilla-invest.fr\/fr\/\",\"logo\":{\"@type\":\"ImageObject\",\"inLanguage\":\"en-US\",\"@id\":\"https:\/\/www.parvilla-invest.fr\/fr\/#\/schema\/logo\/image\/\",\"url\":\"https:\/\/www.parvilla-invest.fr\/wp-content\/uploads\/2020\/01\/logo-1.jpg\",\"contentUrl\":\"https:\/\/www.parvilla-invest.fr\/wp-content\/uploads\/2020\/01\/logo-1.jpg\",\"width\":235,\"height\":59,\"caption\":\"Parvilla Invest\"},\"image\":{\"@id\":\"https:\/\/www.parvilla-invest.fr\/fr\/#\/schema\/logo\/image\/\"}}]}<\/script>\n<!-- \/ Yoast SEO plugin. -->","yoast_head_json":{"title":"History - Parvilla Investissements","description":"Parvilla Investissements was created in 2006 as a SAS by Jean-Marie FABRE with the objective of investing into Private Equity.","robots":{"index":"index","follow":"follow","max-snippet":"max-snippet:-1","max-image-preview":"max-image-preview:large","max-video-preview":"max-video-preview:-1"},"canonical":"https:\/\/www.parvilla-invest.fr\/en\/history\/","og_locale":"en_US","og_type":"article","og_title":"History - Parvilla Investissements","og_description":"Parvilla Investissements was created in 2006 as a SAS by Jean-Marie FABRE with the objective of investing into Private Equity.","og_url":"https:\/\/www.parvilla-invest.fr\/en\/history\/","og_site_name":"Parvilla Investissements","article_modified_time":"2020-10-28T14:48:26+00:00","og_image":[{"width":1280,"height":541,"url":"https:\/\/www.parvilla-invest.fr\/wp-content\/uploads\/2020\/02\/iStock-92518755.jpg","type":"image\/jpeg"}],"twitter_card":"summary_large_image","twitter_misc":{"Est. reading time":"1 minute"},"schema":{"@context":"https:\/\/schema.org","@graph":[{"@type":"WebPage","@id":"https:\/\/www.parvilla-invest.fr\/en\/history\/","url":"https:\/\/www.parvilla-invest.fr\/en\/history\/","name":"History - Parvilla Investissements","isPartOf":{"@id":"https:\/\/www.parvilla-invest.fr\/fr\/#website"},"primaryImageOfPage":{"@id":"https:\/\/www.parvilla-invest.fr\/en\/history\/#primaryimage"},"image":{"@id":"https:\/\/www.parvilla-invest.fr\/en\/history\/#primaryimage"},"thumbnailUrl":"https:\/\/www.parvilla-invest.fr\/wp-content\/uploads\/2020\/02\/iStock-92518755.jpg","datePublished":"2020-02-02T19:09:18+00:00","dateModified":"2020-10-28T14:48:26+00:00","description":"Parvilla Investissements was created in 2006 as a SAS by Jean-Marie FABRE with the objective of investing into Private Equity.","breadcrumb":{"@id":"https:\/\/www.parvilla-invest.fr\/en\/history\/#breadcrumb"},"inLanguage":"en-US","potentialAction":[{"@type":"ReadAction","target":["https:\/\/www.parvilla-invest.fr\/en\/history\/"]}]},{"@type":"ImageObject","inLanguage":"en-US","@id":"https:\/\/www.parvilla-invest.fr\/en\/history\/#primaryimage","url":"https:\/\/www.parvilla-invest.fr\/wp-content\/uploads\/2020\/02\/iStock-92518755.jpg","contentUrl":"https:\/\/www.parvilla-invest.fr\/wp-content\/uploads\/2020\/02\/iStock-92518755.jpg","width":1280,"height":541},{"@type":"BreadcrumbList","@id":"https:\/\/www.parvilla-invest.fr\/en\/history\/#breadcrumb","itemListElement":[{"@type":"ListItem","position":1,"name":"Home","item":"https:\/\/www.parvilla-invest.fr\/en\/"},{"@type":"ListItem","position":2,"name":"History"}]},{"@type":"WebSite","@id":"https:\/\/www.parvilla-invest.fr\/fr\/#website","url":"https:\/\/www.parvilla-invest.fr\/fr\/","name":"Parvilla Investissements","description":"Soci\u00e9t\u00e9 d&#039;investissement d\u00e9di\u00e9e au Private Equity","publisher":{"@id":"https:\/\/www.parvilla-invest.fr\/fr\/#organization"},"potentialAction":[{"@type":"SearchAction","target":{"@type":"EntryPoint","urlTemplate":"https:\/\/www.parvilla-invest.fr\/fr\/?s={search_term_string}"},"query-input":{"@type":"PropertyValueSpecification","valueRequired":true,"valueName":"search_term_string"}}],"inLanguage":"en-US"},{"@type":"Organization","@id":"https:\/\/www.parvilla-invest.fr\/fr\/#organization","name":"Parvilla Invest","url":"https:\/\/www.parvilla-invest.fr\/fr\/","logo":{"@type":"ImageObject","inLanguage":"en-US","@id":"https:\/\/www.parvilla-invest.fr\/fr\/#\/schema\/logo\/image\/","url":"https:\/\/www.parvilla-invest.fr\/wp-content\/uploads\/2020\/01\/logo-1.jpg","contentUrl":"https:\/\/www.parvilla-invest.fr\/wp-content\/uploads\/2020\/01\/logo-1.jpg","width":235,"height":59,"caption":"Parvilla Invest"},"image":{"@id":"https:\/\/www.parvilla-invest.fr\/fr\/#\/schema\/logo\/image\/"}}]}},"_links":{"self":[{"href":"https:\/\/www.parvilla-invest.fr\/en\/wp-json\/wp\/v2\/pages\/982","targetHints":{"allow":["GET"]}}],"collection":[{"href":"https:\/\/www.parvilla-invest.fr\/en\/wp-json\/wp\/v2\/pages"}],"about":[{"href":"https:\/\/www.parvilla-invest.fr\/en\/wp-json\/wp\/v2\/types\/page"}],"author":[{"embeddable":true,"href":"https:\/\/www.parvilla-invest.fr\/en\/wp-json\/wp\/v2\/users\/1"}],"replies":[{"embeddable":true,"href":"https:\/\/www.parvilla-invest.fr\/en\/wp-json\/wp\/v2\/comments?post=982"}],"version-history":[{"count":5,"href":"https:\/\/www.parvilla-invest.fr\/en\/wp-json\/wp\/v2\/pages\/982\/revisions"}],"predecessor-version":[{"id":1247,"href":"https:\/\/www.parvilla-invest.fr\/en\/wp-json\/wp\/v2\/pages\/982\/revisions\/1247"}],"wp:featuredmedia":[{"embeddable":true,"href":"https:\/\/www.parvilla-invest.fr\/en\/wp-json\/wp\/v2\/media\/1147"}],"wp:attachment":[{"href":"https:\/\/www.parvilla-invest.fr\/en\/wp-json\/wp\/v2\/media?parent=982"}],"curies":[{"name":"wp","href":"https:\/\/api.w.org\/{rel}","templated":true}]}}