{"id":986,"date":"2020-02-02T20:10:17","date_gmt":"2020-02-02T19:10:17","guid":{"rendered":"https:\/\/www.parvilla-invest.fr\/activite\/"},"modified":"2020-03-20T20:47:40","modified_gmt":"2020-03-20T19:47:40","slug":"activity","status":"publish","type":"page","link":"https:\/\/www.parvilla-invest.fr\/en\/activity\/","title":{"rendered":"Activity"},"content":{"rendered":"<div class=\"wpb-content-wrapper\"><p>[vc_row][vc_column][vc_column_text]Parvilla Investissements is an investment company totally dedicated to Private Equity investments in Western Europe.<\/p>\n<p>The company is investing:<br \/>\n&#8211; in the buyout space (70%) Almost Exclusively in the small lower midmarket Simultaneously in funds and in co-investmens<br \/>\n&#8211; in Venture \/ Life Sciences funds (30%)<\/p>\n<p>On a geographic standpoint, Parvilla Investissements invests in France and in the northern part of Europe (UK, Germany, Switzerland, Benelux, Northern Europe) and marginally in Spain.<\/p>\n<p>In the Buy-Out space, Parvilla Investissements invests in either funds or directly through co-investments. Parvilla Investissements takes commitments with well-established GPs as well as with first time funds or participates in deal by deal opportunities.[\/vc_column_text][\/vc_column][\/vc_row]<\/p>\n<\/div>","protected":false},"excerpt":{"rendered":"<p>[vc_row][vc_column][vc_column_text]Parvilla Investissements is an investment company totally dedicated to Private Equity investments in Western Europe. The company is investing: &#8211; in the buyout space (70%) Almost Exclusively in the small lower midmarket Simultaneously in funds and in co-investmens &#8211; in Venture \/ Life Sciences funds (30%) On a geographic standpoint, Parvilla Investissements invests in France [&hellip;]<\/p>\n","protected":false},"author":1,"featured_media":975,"parent":0,"menu_order":200,"comment_status":"closed","ping_status":"closed","template":"","meta":{"footnotes":""},"class_list":["post-986","page","type-page","status-publish","has-post-thumbnail","hentry"],"yoast_head":"<!-- This site is optimized with the Yoast SEO plugin v26.8 - https:\/\/yoast.com\/product\/yoast-seo-wordpress\/ -->\n<title>Activity - Parvilla Investissements<\/title>\n<meta name=\"description\" content=\"Parvilla Investissements, totally dedicated to Private Equity investments, is investing in the buyout space and in Venture \/ Life Sciences funds\" \/>\n<meta name=\"robots\" content=\"index, follow, max-snippet:-1, max-image-preview:large, max-video-preview:-1\" \/>\n<link rel=\"canonical\" href=\"https:\/\/www.parvilla-invest.fr\/en\/activity\/\" \/>\n<meta property=\"og:locale\" content=\"en_US\" \/>\n<meta property=\"og:type\" content=\"article\" \/>\n<meta property=\"og:title\" content=\"Activity - Parvilla Investissements\" \/>\n<meta property=\"og:description\" content=\"Parvilla Investissements, totally dedicated to Private Equity investments, is investing in the buyout space and in Venture \/ Life Sciences funds\" \/>\n<meta property=\"og:url\" content=\"https:\/\/www.parvilla-invest.fr\/en\/activity\/\" \/>\n<meta property=\"og:site_name\" content=\"Parvilla Investissements\" \/>\n<meta property=\"article:modified_time\" content=\"2020-03-20T19:47:40+00:00\" \/>\n<meta property=\"og:image\" content=\"https:\/\/www.parvilla-invest.fr\/wp-content\/uploads\/2020\/02\/AdobeStock_300380500.jpg\" \/>\n\t<meta property=\"og:image:width\" content=\"2048\" \/>\n\t<meta property=\"og:image:height\" content=\"1365\" \/>\n\t<meta property=\"og:image:type\" content=\"image\/jpeg\" \/>\n<meta name=\"twitter:card\" content=\"summary_large_image\" \/>\n<meta name=\"twitter:label1\" content=\"Est. reading time\" \/>\n\t<meta name=\"twitter:data1\" content=\"1 minute\" \/>\n<script type=\"application\/ld+json\" class=\"yoast-schema-graph\">{\"@context\":\"https:\/\/schema.org\",\"@graph\":[{\"@type\":\"WebPage\",\"@id\":\"https:\/\/www.parvilla-invest.fr\/en\/activity\/\",\"url\":\"https:\/\/www.parvilla-invest.fr\/en\/activity\/\",\"name\":\"Activity - Parvilla Investissements\",\"isPartOf\":{\"@id\":\"https:\/\/www.parvilla-invest.fr\/fr\/#website\"},\"primaryImageOfPage\":{\"@id\":\"https:\/\/www.parvilla-invest.fr\/en\/activity\/#primaryimage\"},\"image\":{\"@id\":\"https:\/\/www.parvilla-invest.fr\/en\/activity\/#primaryimage\"},\"thumbnailUrl\":\"https:\/\/www.parvilla-invest.fr\/wp-content\/uploads\/2020\/02\/AdobeStock_300380500.jpg\",\"datePublished\":\"2020-02-02T19:10:17+00:00\",\"dateModified\":\"2020-03-20T19:47:40+00:00\",\"description\":\"Parvilla Investissements, totally dedicated to Private Equity investments, is investing in the buyout space and in Venture \/ Life Sciences funds\",\"breadcrumb\":{\"@id\":\"https:\/\/www.parvilla-invest.fr\/en\/activity\/#breadcrumb\"},\"inLanguage\":\"en-US\",\"potentialAction\":[{\"@type\":\"ReadAction\",\"target\":[\"https:\/\/www.parvilla-invest.fr\/en\/activity\/\"]}]},{\"@type\":\"ImageObject\",\"inLanguage\":\"en-US\",\"@id\":\"https:\/\/www.parvilla-invest.fr\/en\/activity\/#primaryimage\",\"url\":\"https:\/\/www.parvilla-invest.fr\/wp-content\/uploads\/2020\/02\/AdobeStock_300380500.jpg\",\"contentUrl\":\"https:\/\/www.parvilla-invest.fr\/wp-content\/uploads\/2020\/02\/AdobeStock_300380500.jpg\",\"width\":2048,\"height\":1365},{\"@type\":\"BreadcrumbList\",\"@id\":\"https:\/\/www.parvilla-invest.fr\/en\/activity\/#breadcrumb\",\"itemListElement\":[{\"@type\":\"ListItem\",\"position\":1,\"name\":\"Home\",\"item\":\"https:\/\/www.parvilla-invest.fr\/en\/\"},{\"@type\":\"ListItem\",\"position\":2,\"name\":\"Activity\"}]},{\"@type\":\"WebSite\",\"@id\":\"https:\/\/www.parvilla-invest.fr\/fr\/#website\",\"url\":\"https:\/\/www.parvilla-invest.fr\/fr\/\",\"name\":\"Parvilla Investissements\",\"description\":\"Soci\u00e9t\u00e9 d&#039;investissement d\u00e9di\u00e9e au Private Equity\",\"publisher\":{\"@id\":\"https:\/\/www.parvilla-invest.fr\/fr\/#organization\"},\"potentialAction\":[{\"@type\":\"SearchAction\",\"target\":{\"@type\":\"EntryPoint\",\"urlTemplate\":\"https:\/\/www.parvilla-invest.fr\/fr\/?s={search_term_string}\"},\"query-input\":{\"@type\":\"PropertyValueSpecification\",\"valueRequired\":true,\"valueName\":\"search_term_string\"}}],\"inLanguage\":\"en-US\"},{\"@type\":\"Organization\",\"@id\":\"https:\/\/www.parvilla-invest.fr\/fr\/#organization\",\"name\":\"Parvilla Invest\",\"url\":\"https:\/\/www.parvilla-invest.fr\/fr\/\",\"logo\":{\"@type\":\"ImageObject\",\"inLanguage\":\"en-US\",\"@id\":\"https:\/\/www.parvilla-invest.fr\/fr\/#\/schema\/logo\/image\/\",\"url\":\"https:\/\/www.parvilla-invest.fr\/wp-content\/uploads\/2020\/01\/logo-1.jpg\",\"contentUrl\":\"https:\/\/www.parvilla-invest.fr\/wp-content\/uploads\/2020\/01\/logo-1.jpg\",\"width\":235,\"height\":59,\"caption\":\"Parvilla Invest\"},\"image\":{\"@id\":\"https:\/\/www.parvilla-invest.fr\/fr\/#\/schema\/logo\/image\/\"}}]}<\/script>\n<!-- \/ Yoast SEO plugin. -->","yoast_head_json":{"title":"Activity - Parvilla Investissements","description":"Parvilla Investissements, totally dedicated to Private Equity investments, is investing in the buyout space and in Venture \/ Life Sciences funds","robots":{"index":"index","follow":"follow","max-snippet":"max-snippet:-1","max-image-preview":"max-image-preview:large","max-video-preview":"max-video-preview:-1"},"canonical":"https:\/\/www.parvilla-invest.fr\/en\/activity\/","og_locale":"en_US","og_type":"article","og_title":"Activity - Parvilla Investissements","og_description":"Parvilla Investissements, totally dedicated to Private Equity investments, is investing in the buyout space and in Venture \/ Life Sciences funds","og_url":"https:\/\/www.parvilla-invest.fr\/en\/activity\/","og_site_name":"Parvilla Investissements","article_modified_time":"2020-03-20T19:47:40+00:00","og_image":[{"width":2048,"height":1365,"url":"https:\/\/www.parvilla-invest.fr\/wp-content\/uploads\/2020\/02\/AdobeStock_300380500.jpg","type":"image\/jpeg"}],"twitter_card":"summary_large_image","twitter_misc":{"Est. reading time":"1 minute"},"schema":{"@context":"https:\/\/schema.org","@graph":[{"@type":"WebPage","@id":"https:\/\/www.parvilla-invest.fr\/en\/activity\/","url":"https:\/\/www.parvilla-invest.fr\/en\/activity\/","name":"Activity - Parvilla Investissements","isPartOf":{"@id":"https:\/\/www.parvilla-invest.fr\/fr\/#website"},"primaryImageOfPage":{"@id":"https:\/\/www.parvilla-invest.fr\/en\/activity\/#primaryimage"},"image":{"@id":"https:\/\/www.parvilla-invest.fr\/en\/activity\/#primaryimage"},"thumbnailUrl":"https:\/\/www.parvilla-invest.fr\/wp-content\/uploads\/2020\/02\/AdobeStock_300380500.jpg","datePublished":"2020-02-02T19:10:17+00:00","dateModified":"2020-03-20T19:47:40+00:00","description":"Parvilla Investissements, totally dedicated to Private Equity investments, is investing in the buyout space and in Venture \/ Life Sciences funds","breadcrumb":{"@id":"https:\/\/www.parvilla-invest.fr\/en\/activity\/#breadcrumb"},"inLanguage":"en-US","potentialAction":[{"@type":"ReadAction","target":["https:\/\/www.parvilla-invest.fr\/en\/activity\/"]}]},{"@type":"ImageObject","inLanguage":"en-US","@id":"https:\/\/www.parvilla-invest.fr\/en\/activity\/#primaryimage","url":"https:\/\/www.parvilla-invest.fr\/wp-content\/uploads\/2020\/02\/AdobeStock_300380500.jpg","contentUrl":"https:\/\/www.parvilla-invest.fr\/wp-content\/uploads\/2020\/02\/AdobeStock_300380500.jpg","width":2048,"height":1365},{"@type":"BreadcrumbList","@id":"https:\/\/www.parvilla-invest.fr\/en\/activity\/#breadcrumb","itemListElement":[{"@type":"ListItem","position":1,"name":"Home","item":"https:\/\/www.parvilla-invest.fr\/en\/"},{"@type":"ListItem","position":2,"name":"Activity"}]},{"@type":"WebSite","@id":"https:\/\/www.parvilla-invest.fr\/fr\/#website","url":"https:\/\/www.parvilla-invest.fr\/fr\/","name":"Parvilla Investissements","description":"Soci\u00e9t\u00e9 d&#039;investissement d\u00e9di\u00e9e au Private Equity","publisher":{"@id":"https:\/\/www.parvilla-invest.fr\/fr\/#organization"},"potentialAction":[{"@type":"SearchAction","target":{"@type":"EntryPoint","urlTemplate":"https:\/\/www.parvilla-invest.fr\/fr\/?s={search_term_string}"},"query-input":{"@type":"PropertyValueSpecification","valueRequired":true,"valueName":"search_term_string"}}],"inLanguage":"en-US"},{"@type":"Organization","@id":"https:\/\/www.parvilla-invest.fr\/fr\/#organization","name":"Parvilla Invest","url":"https:\/\/www.parvilla-invest.fr\/fr\/","logo":{"@type":"ImageObject","inLanguage":"en-US","@id":"https:\/\/www.parvilla-invest.fr\/fr\/#\/schema\/logo\/image\/","url":"https:\/\/www.parvilla-invest.fr\/wp-content\/uploads\/2020\/01\/logo-1.jpg","contentUrl":"https:\/\/www.parvilla-invest.fr\/wp-content\/uploads\/2020\/01\/logo-1.jpg","width":235,"height":59,"caption":"Parvilla Invest"},"image":{"@id":"https:\/\/www.parvilla-invest.fr\/fr\/#\/schema\/logo\/image\/"}}]}},"_links":{"self":[{"href":"https:\/\/www.parvilla-invest.fr\/en\/wp-json\/wp\/v2\/pages\/986","targetHints":{"allow":["GET"]}}],"collection":[{"href":"https:\/\/www.parvilla-invest.fr\/en\/wp-json\/wp\/v2\/pages"}],"about":[{"href":"https:\/\/www.parvilla-invest.fr\/en\/wp-json\/wp\/v2\/types\/page"}],"author":[{"embeddable":true,"href":"https:\/\/www.parvilla-invest.fr\/en\/wp-json\/wp\/v2\/users\/1"}],"replies":[{"embeddable":true,"href":"https:\/\/www.parvilla-invest.fr\/en\/wp-json\/wp\/v2\/comments?post=986"}],"version-history":[{"count":6,"href":"https:\/\/www.parvilla-invest.fr\/en\/wp-json\/wp\/v2\/pages\/986\/revisions"}],"predecessor-version":[{"id":1211,"href":"https:\/\/www.parvilla-invest.fr\/en\/wp-json\/wp\/v2\/pages\/986\/revisions\/1211"}],"wp:featuredmedia":[{"embeddable":true,"href":"https:\/\/www.parvilla-invest.fr\/en\/wp-json\/wp\/v2\/media\/975"}],"wp:attachment":[{"href":"https:\/\/www.parvilla-invest.fr\/en\/wp-json\/wp\/v2\/media?parent=986"}],"curies":[{"name":"wp","href":"https:\/\/api.w.org\/{rel}","templated":true}]}}