{"id":17,"date":"2014-12-08T13:43:47","date_gmt":"2014-12-08T12:43:47","guid":{"rendered":"http:\/\/localhost\/business4\/?page_id=17"},"modified":"2020-09-06T21:42:45","modified_gmt":"2020-09-06T19:42:45","slug":"accueil","status":"publish","type":"page","link":"https:\/\/www.parvilla-invest.fr\/fr\/","title":{"rendered":"Accueil"},"content":{"rendered":"<div class=\"wpb-content-wrapper\"><p>[vc_row][vc_column width=&#8221;1\/3&#8243;][services_medium title=&#8221;Histoire&#8221; style=&#8221;style_2&#8243; icon_bool=&#8221;image&#8221; icon_color=&#8221;#e1e1e1&#8243; dynamic_content_link=&#8221;https:\/\/www.parvilla-invest.fr\/fr\/histoire\/&#8221; image=&#8221;1149&#8243;][\/services_medium][vc_btn title=&#8221;En savoir plus&#8221; style=&#8221;custom&#8221; custom_background=&#8221;#032c5e&#8221; custom_text=&#8221;#ffffff&#8221; shape=&#8221;square&#8221; size=&#8221;sm&#8221; align=&#8221;center&#8221; link=&#8221;url:http%3A%2F%2Fwww.parvilla-invest.fr%2Ffr%2Fhistoire%2F|title:Histoire%20Parvilla%20Investissements||&#8221; el_class=&#8221;custombt&#8221;][\/vc_column][vc_column width=&#8221;1\/3&#8243;][services_medium title=&#8221;Activit\u00e9&#8221; style=&#8221;style_2&#8243; icon_bool=&#8221;image&#8221; icon_color=&#8221;#e1e1e1&#8243; dynamic_content_link=&#8221;https:\/\/www.parvilla-invest.fr\/fr\/activite\/&#8221; image=&#8221;974&#8243;][\/services_medium][vc_btn title=&#8221;En savoir plus&#8221; style=&#8221;custom&#8221; custom_background=&#8221;#032c5e&#8221; custom_text=&#8221;#ffffff&#8221; shape=&#8221;square&#8221; size=&#8221;sm&#8221; align=&#8221;center&#8221; link=&#8221;url:http%3A%2F%2Fwww.parvilla-invest.fr%2Ffr%2Factivite%2F|title:Activit%C3%A9%20Parvilla%20Investissements||&#8221; el_class=&#8221;custombt&#8221;][\/vc_column][vc_column width=&#8221;1\/3&#8243;][services_medium title=&#8221;Nos investissements&#8221; style=&#8221;style_2&#8243; icon_bool=&#8221;image&#8221; icon_color=&#8221;#e1e1e1&#8243; dynamic_content_link=&#8221;https:\/\/www.parvilla-invest.fr\/fr\/fonds-de-lbo\/&#8221; image=&#8221;868&#8243;][\/services_medium][vc_btn title=&#8221;En savoir plus&#8221; style=&#8221;custom&#8221; custom_background=&#8221;#032c5e&#8221; custom_text=&#8221;#ffffff&#8221; shape=&#8221;square&#8221; size=&#8221;sm&#8221; align=&#8221;center&#8221; link=&#8221;url:http%3A%2F%2Fwww.parvilla-invest.fr%2Ffr%2Ffonds-de-lbo%2F|title:Investissements%20Parvilla||&#8221; el_class=&#8221;custombt&#8221;][\/vc_column][\/vc_row][vc_row top_padding=&#8221;50&#8243; bottom_padding=&#8221;75&#8243;][vc_column offset=&#8221;vc_col-md-offset-2 vc_col-md-8&#8243;][vc_column_text]<\/p>\n<p style=\"text-align: center;\">Parvilla Investissements est une soci\u00e9t\u00e9 d\u2019investissement totalement d\u00e9di\u00e9e au Private Equity en Europe Occidentale.<\/p>\n<p style=\"text-align: center;\">Parvilla Investissements est un investisseur professionnel de Private Equity, membre des associations fran\u00e7aise et europ\u00e9enne de la profession, France Invest et Europe Invest.<\/p>\n<p style=\"text-align: center;\">Parvilla Investissements est contr\u00f4l\u00e9e par son fondateur, lui-m\u00eame professionnel du Private Equity.<\/p>\n<p>[\/vc_column_text][\/vc_column][\/vc_row][vc_row type=&#8221;full_width_background&#8221; bg_color=&#8221;#254f9d&#8221;][vc_column][vc_row_inner equal_height=&#8221;yes&#8221; content_placement=&#8221;middle&#8221;][vc_column_inner width=&#8221;1\/2&#8243;][vc_column_text]<\/p>\n<h3><span style=\"color: #ffffff;\">Des questions?<\/span><\/h3>\n<p>[\/vc_column_text][\/vc_column_inner][vc_column_inner width=&#8221;1\/2&#8243;][vc_btn title=&#8221;CONTACTEZ-nous&#8221; style=&#8221;custom&#8221; custom_background=&#8221;#032c5e&#8221; custom_text=&#8221;#ffffff&#8221; shape=&#8221;square&#8221; size=&#8221;lg&#8221; align=&#8221;right&#8221; link=&#8221;url:http%3A%2F%2Fwww.parvilla-invest.fr%2Ffr%2Fcontact%2F|title:Contact||&#8221; el_class=&#8221;custombt&#8221;][\/vc_column_inner][\/vc_row_inner][\/vc_column][\/vc_row]<\/p>\n<\/div>","protected":false},"excerpt":{"rendered":"<p>[vc_row][vc_column width=&#8221;1\/3&#8243;][services_medium title=&#8221;Histoire&#8221; style=&#8221;style_2&#8243; icon_bool=&#8221;image&#8221; icon_color=&#8221;#e1e1e1&#8243; dynamic_content_link=&#8221;https:\/\/www.parvilla-invest.fr\/fr\/histoire\/&#8221; image=&#8221;1149&#8243;][\/services_medium][vc_btn title=&#8221;En savoir plus&#8221; style=&#8221;custom&#8221; custom_background=&#8221;#032c5e&#8221; custom_text=&#8221;#ffffff&#8221; shape=&#8221;square&#8221; size=&#8221;sm&#8221; align=&#8221;center&#8221; link=&#8221;url:http%3A%2F%2Fwww.parvilla-invest.fr%2Ffr%2Fhistoire%2F|title:Histoire%20Parvilla%20Investissements||&#8221; el_class=&#8221;custombt&#8221;][\/vc_column][vc_column width=&#8221;1\/3&#8243;][services_medium title=&#8221;Activit\u00e9&#8221; style=&#8221;style_2&#8243; icon_bool=&#8221;image&#8221; icon_color=&#8221;#e1e1e1&#8243; dynamic_content_link=&#8221;https:\/\/www.parvilla-invest.fr\/fr\/activite\/&#8221; image=&#8221;974&#8243;][\/services_medium][vc_btn title=&#8221;En savoir plus&#8221; style=&#8221;custom&#8221; custom_background=&#8221;#032c5e&#8221; custom_text=&#8221;#ffffff&#8221; shape=&#8221;square&#8221; size=&#8221;sm&#8221; align=&#8221;center&#8221; link=&#8221;url:http%3A%2F%2Fwww.parvilla-invest.fr%2Ffr%2Factivite%2F|title:Activit%C3%A9%20Parvilla%20Investissements||&#8221; el_class=&#8221;custombt&#8221;][\/vc_column][vc_column width=&#8221;1\/3&#8243;][services_medium title=&#8221;Nos investissements&#8221; style=&#8221;style_2&#8243; icon_bool=&#8221;image&#8221; icon_color=&#8221;#e1e1e1&#8243; dynamic_content_link=&#8221;https:\/\/www.parvilla-invest.fr\/fr\/fonds-de-lbo\/&#8221; image=&#8221;868&#8243;][\/services_medium][vc_btn title=&#8221;En savoir plus&#8221; style=&#8221;custom&#8221; custom_background=&#8221;#032c5e&#8221; custom_text=&#8221;#ffffff&#8221; shape=&#8221;square&#8221; size=&#8221;sm&#8221; align=&#8221;center&#8221; link=&#8221;url:http%3A%2F%2Fwww.parvilla-invest.fr%2Ffr%2Ffonds-de-lbo%2F|title:Investissements%20Parvilla||&#8221; [&hellip;]<\/p>\n","protected":false},"author":1,"featured_media":947,"parent":0,"menu_order":1,"comment_status":"closed","ping_status":"closed","template":"","meta":{"footnotes":""},"class_list":["post-17","page","type-page","status-publish","has-post-thumbnail","hentry"],"yoast_head":"<!-- This site is optimized with the Yoast SEO plugin v26.8 - https:\/\/yoast.com\/product\/yoast-seo-wordpress\/ -->\n<title>Parvilla Investissements - Soci\u00e9t\u00e9 d&#039;investissement d\u00e9di\u00e9e au Private Equity - Accueil<\/title>\n<meta name=\"description\" content=\"Parvilla Investissements est une soci\u00e9t\u00e9 d\u2019investissement d\u00e9di\u00e9e au Private Equity en Europe Occidentale, contr\u00f4l\u00e9e par son fondateur.\" \/>\n<meta name=\"robots\" content=\"index, follow, max-snippet:-1, max-image-preview:large, max-video-preview:-1\" \/>\n<link rel=\"canonical\" href=\"https:\/\/www.parvilla-invest.fr\/fr\/\" \/>\n<meta property=\"og:locale\" content=\"fr_FR\" \/>\n<meta property=\"og:type\" content=\"article\" \/>\n<meta property=\"og:title\" content=\"Parvilla Investissements - Soci\u00e9t\u00e9 d&#039;investissement d\u00e9di\u00e9e au Private Equity - Accueil\" \/>\n<meta property=\"og:description\" content=\"Parvilla Investissements est une soci\u00e9t\u00e9 d\u2019investissement d\u00e9di\u00e9e au Private Equity en Europe Occidentale, contr\u00f4l\u00e9e par son fondateur.\" \/>\n<meta property=\"og:url\" content=\"https:\/\/www.parvilla-invest.fr\/fr\/\" \/>\n<meta property=\"og:site_name\" content=\"Parvilla Investissements\" \/>\n<meta property=\"article:modified_time\" content=\"2020-09-06T19:42:45+00:00\" \/>\n<meta property=\"og:image\" content=\"https:\/\/www.parvilla-invest.fr\/wp-content\/uploads\/2020\/02\/AdobeStock_293160594-scaled.jpeg\" \/>\n\t<meta property=\"og:image:width\" content=\"2560\" \/>\n\t<meta property=\"og:image:height\" content=\"1016\" \/>\n\t<meta property=\"og:image:type\" content=\"image\/jpeg\" \/>\n<meta name=\"twitter:card\" content=\"summary_large_image\" \/>\n<meta name=\"twitter:label1\" content=\"Dur\u00e9e de lecture estim\u00e9e\" \/>\n\t<meta name=\"twitter:data1\" content=\"2 minutes\" \/>\n<script type=\"application\/ld+json\" class=\"yoast-schema-graph\">{\"@context\":\"https:\/\/schema.org\",\"@graph\":[{\"@type\":\"WebPage\",\"@id\":\"https:\/\/www.parvilla-invest.fr\/fr\/\",\"url\":\"https:\/\/www.parvilla-invest.fr\/fr\/\",\"name\":\"Parvilla Investissements - Soci\u00e9t\u00e9 d'investissement d\u00e9di\u00e9e au Private Equity - Accueil\",\"isPartOf\":{\"@id\":\"https:\/\/www.parvilla-invest.fr\/fr\/#website\"},\"primaryImageOfPage\":{\"@id\":\"https:\/\/www.parvilla-invest.fr\/fr\/#primaryimage\"},\"image\":{\"@id\":\"https:\/\/www.parvilla-invest.fr\/fr\/#primaryimage\"},\"thumbnailUrl\":\"https:\/\/www.parvilla-invest.fr\/wp-content\/uploads\/2020\/02\/AdobeStock_293160594-scaled.jpeg\",\"datePublished\":\"2014-12-08T12:43:47+00:00\",\"dateModified\":\"2020-09-06T19:42:45+00:00\",\"description\":\"Parvilla Investissements est une soci\u00e9t\u00e9 d\u2019investissement d\u00e9di\u00e9e au Private Equity en Europe Occidentale, contr\u00f4l\u00e9e par son fondateur.\",\"breadcrumb\":{\"@id\":\"https:\/\/www.parvilla-invest.fr\/fr\/#breadcrumb\"},\"inLanguage\":\"fr-FR\",\"potentialAction\":[{\"@type\":\"ReadAction\",\"target\":[\"https:\/\/www.parvilla-invest.fr\/fr\/\"]}]},{\"@type\":\"ImageObject\",\"inLanguage\":\"fr-FR\",\"@id\":\"https:\/\/www.parvilla-invest.fr\/fr\/#primaryimage\",\"url\":\"https:\/\/www.parvilla-invest.fr\/wp-content\/uploads\/2020\/02\/AdobeStock_293160594-scaled.jpeg\",\"contentUrl\":\"https:\/\/www.parvilla-invest.fr\/wp-content\/uploads\/2020\/02\/AdobeStock_293160594-scaled.jpeg\",\"width\":2560,\"height\":1016,\"caption\":\"Panorama of city of Paris with cityscape and city view\"},{\"@type\":\"BreadcrumbList\",\"@id\":\"https:\/\/www.parvilla-invest.fr\/fr\/#breadcrumb\",\"itemListElement\":[{\"@type\":\"ListItem\",\"position\":1,\"name\":\"Home\",\"item\":\"https:\/\/www.parvilla-invest.fr\/fr\/\"},{\"@type\":\"ListItem\",\"position\":2,\"name\":\"Accueil\"}]},{\"@type\":\"WebSite\",\"@id\":\"https:\/\/www.parvilla-invest.fr\/fr\/#website\",\"url\":\"https:\/\/www.parvilla-invest.fr\/fr\/\",\"name\":\"Parvilla Investissements\",\"description\":\"Soci\u00e9t\u00e9 d&#039;investissement d\u00e9di\u00e9e au Private Equity\",\"publisher\":{\"@id\":\"https:\/\/www.parvilla-invest.fr\/fr\/#organization\"},\"potentialAction\":[{\"@type\":\"SearchAction\",\"target\":{\"@type\":\"EntryPoint\",\"urlTemplate\":\"https:\/\/www.parvilla-invest.fr\/fr\/?s={search_term_string}\"},\"query-input\":{\"@type\":\"PropertyValueSpecification\",\"valueRequired\":true,\"valueName\":\"search_term_string\"}}],\"inLanguage\":\"fr-FR\"},{\"@type\":\"Organization\",\"@id\":\"https:\/\/www.parvilla-invest.fr\/fr\/#organization\",\"name\":\"Parvilla Invest\",\"url\":\"https:\/\/www.parvilla-invest.fr\/fr\/\",\"logo\":{\"@type\":\"ImageObject\",\"inLanguage\":\"fr-FR\",\"@id\":\"https:\/\/www.parvilla-invest.fr\/fr\/#\/schema\/logo\/image\/\",\"url\":\"https:\/\/www.parvilla-invest.fr\/wp-content\/uploads\/2020\/01\/logo-1.jpg\",\"contentUrl\":\"https:\/\/www.parvilla-invest.fr\/wp-content\/uploads\/2020\/01\/logo-1.jpg\",\"width\":235,\"height\":59,\"caption\":\"Parvilla Invest\"},\"image\":{\"@id\":\"https:\/\/www.parvilla-invest.fr\/fr\/#\/schema\/logo\/image\/\"}}]}<\/script>\n<!-- \/ Yoast SEO plugin. -->","yoast_head_json":{"title":"Parvilla Investissements - Soci\u00e9t\u00e9 d'investissement d\u00e9di\u00e9e au Private Equity - Accueil","description":"Parvilla Investissements est une soci\u00e9t\u00e9 d\u2019investissement d\u00e9di\u00e9e au Private Equity en Europe Occidentale, contr\u00f4l\u00e9e par son fondateur.","robots":{"index":"index","follow":"follow","max-snippet":"max-snippet:-1","max-image-preview":"max-image-preview:large","max-video-preview":"max-video-preview:-1"},"canonical":"https:\/\/www.parvilla-invest.fr\/fr\/","og_locale":"fr_FR","og_type":"article","og_title":"Parvilla Investissements - Soci\u00e9t\u00e9 d'investissement d\u00e9di\u00e9e au Private Equity - Accueil","og_description":"Parvilla Investissements est une soci\u00e9t\u00e9 d\u2019investissement d\u00e9di\u00e9e au Private Equity en Europe Occidentale, contr\u00f4l\u00e9e par son fondateur.","og_url":"https:\/\/www.parvilla-invest.fr\/fr\/","og_site_name":"Parvilla Investissements","article_modified_time":"2020-09-06T19:42:45+00:00","og_image":[{"width":2560,"height":1016,"url":"https:\/\/www.parvilla-invest.fr\/wp-content\/uploads\/2020\/02\/AdobeStock_293160594-scaled.jpeg","type":"image\/jpeg"}],"twitter_card":"summary_large_image","twitter_misc":{"Dur\u00e9e de lecture estim\u00e9e":"2 minutes"},"schema":{"@context":"https:\/\/schema.org","@graph":[{"@type":"WebPage","@id":"https:\/\/www.parvilla-invest.fr\/fr\/","url":"https:\/\/www.parvilla-invest.fr\/fr\/","name":"Parvilla Investissements - Soci\u00e9t\u00e9 d'investissement d\u00e9di\u00e9e au Private Equity - Accueil","isPartOf":{"@id":"https:\/\/www.parvilla-invest.fr\/fr\/#website"},"primaryImageOfPage":{"@id":"https:\/\/www.parvilla-invest.fr\/fr\/#primaryimage"},"image":{"@id":"https:\/\/www.parvilla-invest.fr\/fr\/#primaryimage"},"thumbnailUrl":"https:\/\/www.parvilla-invest.fr\/wp-content\/uploads\/2020\/02\/AdobeStock_293160594-scaled.jpeg","datePublished":"2014-12-08T12:43:47+00:00","dateModified":"2020-09-06T19:42:45+00:00","description":"Parvilla Investissements est une soci\u00e9t\u00e9 d\u2019investissement d\u00e9di\u00e9e au Private Equity en Europe Occidentale, contr\u00f4l\u00e9e par son fondateur.","breadcrumb":{"@id":"https:\/\/www.parvilla-invest.fr\/fr\/#breadcrumb"},"inLanguage":"fr-FR","potentialAction":[{"@type":"ReadAction","target":["https:\/\/www.parvilla-invest.fr\/fr\/"]}]},{"@type":"ImageObject","inLanguage":"fr-FR","@id":"https:\/\/www.parvilla-invest.fr\/fr\/#primaryimage","url":"https:\/\/www.parvilla-invest.fr\/wp-content\/uploads\/2020\/02\/AdobeStock_293160594-scaled.jpeg","contentUrl":"https:\/\/www.parvilla-invest.fr\/wp-content\/uploads\/2020\/02\/AdobeStock_293160594-scaled.jpeg","width":2560,"height":1016,"caption":"Panorama of city of Paris with cityscape and city view"},{"@type":"BreadcrumbList","@id":"https:\/\/www.parvilla-invest.fr\/fr\/#breadcrumb","itemListElement":[{"@type":"ListItem","position":1,"name":"Home","item":"https:\/\/www.parvilla-invest.fr\/fr\/"},{"@type":"ListItem","position":2,"name":"Accueil"}]},{"@type":"WebSite","@id":"https:\/\/www.parvilla-invest.fr\/fr\/#website","url":"https:\/\/www.parvilla-invest.fr\/fr\/","name":"Parvilla Investissements","description":"Soci\u00e9t\u00e9 d&#039;investissement d\u00e9di\u00e9e au Private Equity","publisher":{"@id":"https:\/\/www.parvilla-invest.fr\/fr\/#organization"},"potentialAction":[{"@type":"SearchAction","target":{"@type":"EntryPoint","urlTemplate":"https:\/\/www.parvilla-invest.fr\/fr\/?s={search_term_string}"},"query-input":{"@type":"PropertyValueSpecification","valueRequired":true,"valueName":"search_term_string"}}],"inLanguage":"fr-FR"},{"@type":"Organization","@id":"https:\/\/www.parvilla-invest.fr\/fr\/#organization","name":"Parvilla Invest","url":"https:\/\/www.parvilla-invest.fr\/fr\/","logo":{"@type":"ImageObject","inLanguage":"fr-FR","@id":"https:\/\/www.parvilla-invest.fr\/fr\/#\/schema\/logo\/image\/","url":"https:\/\/www.parvilla-invest.fr\/wp-content\/uploads\/2020\/01\/logo-1.jpg","contentUrl":"https:\/\/www.parvilla-invest.fr\/wp-content\/uploads\/2020\/01\/logo-1.jpg","width":235,"height":59,"caption":"Parvilla Invest"},"image":{"@id":"https:\/\/www.parvilla-invest.fr\/fr\/#\/schema\/logo\/image\/"}}]}},"_links":{"self":[{"href":"https:\/\/www.parvilla-invest.fr\/fr\/wp-json\/wp\/v2\/pages\/17","targetHints":{"allow":["GET"]}}],"collection":[{"href":"https:\/\/www.parvilla-invest.fr\/fr\/wp-json\/wp\/v2\/pages"}],"about":[{"href":"https:\/\/www.parvilla-invest.fr\/fr\/wp-json\/wp\/v2\/types\/page"}],"author":[{"embeddable":true,"href":"https:\/\/www.parvilla-invest.fr\/fr\/wp-json\/wp\/v2\/users\/1"}],"replies":[{"embeddable":true,"href":"https:\/\/www.parvilla-invest.fr\/fr\/wp-json\/wp\/v2\/comments?post=17"}],"version-history":[{"count":5,"href":"https:\/\/www.parvilla-invest.fr\/fr\/wp-json\/wp\/v2\/pages\/17\/revisions"}],"predecessor-version":[{"id":1241,"href":"https:\/\/www.parvilla-invest.fr\/fr\/wp-json\/wp\/v2\/pages\/17\/revisions\/1241"}],"wp:featuredmedia":[{"embeddable":true,"href":"https:\/\/www.parvilla-invest.fr\/fr\/wp-json\/wp\/v2\/media\/947"}],"wp:attachment":[{"href":"https:\/\/www.parvilla-invest.fr\/fr\/wp-json\/wp\/v2\/media?parent=17"}],"curies":[{"name":"wp","href":"https:\/\/api.w.org\/{rel}","templated":true}]}}