{"id":781,"date":"2014-12-09T15:04:10","date_gmt":"2014-12-09T14:04:10","guid":{"rendered":"http:\/\/localhost\/business4\/?page_id=781"},"modified":"2023-02-27T11:25:28","modified_gmt":"2023-02-27T10:25:28","slug":"contact","status":"publish","type":"page","link":"https:\/\/www.parvilla-invest.fr\/fr\/contact\/","title":{"rendered":"Contact"},"content":{"rendered":"<div class=\"wpb-content-wrapper\"><p>[vc_row][vc_column width=&#8221;1\/3&#8243;][vc_column_text]<img loading=\"lazy\" decoding=\"async\" class=\"size-full wp-image-912 aligncenter\" src=\"https:\/\/www.parvilla-invest.fr\/wp-content\/uploads\/2020\/02\/image049.jpg\" alt=\"\" width=\"132\" height=\"187\" \/>[\/vc_column_text][\/vc_column][vc_column width=&#8221;2\/3&#8243;][block_title style=&#8221;column_title&#8221; title=&#8221;Jean-Marie Fabre&#8221; second_title=&#8221;Pr\u00e9sident&#8221;][\/block_title][vc_column_text]Jean-Marie Fabre est actif dans le Private Equity depuis 1993. Il a e\u0301te\u0301 un des associe\u0301s fondateurs de PAI (ex-Paribas Affaires Industrielles) dont il a e\u0301te\u0301 Senior Partner et Membre du Comite\u0301 d\u2019Investissement de 1993 a\u0300 2006. En 2007, il cre\u0301e Parvilla , socie\u0301te\u0301 de gestion de\u0301die\u0301e a\u0300 une activite\u0301 de fonds de fonds et de co- investissement dans le lower mid-market en Europe.<\/p>\n<p>Depuis septembre 2019, il se consacre exclusivement a\u0300 Parvilla Investissements.<\/p>\n<p>Jean-Marie Fabre a commence\u0301 sa carrie\u0300re au Ministe\u0300re de l\u2019Economie et des Finances (Direction du Budget puis Cabinet du Ministre). Il est diplo\u0302me\u0301 d\u2019HEC et de l\u2019ENA.[\/vc_column_text][vc_column_text]Email : <a href=\"mailto:jean-marie.fabre@parvilla-invest.fr\">jean-marie.fabre@parvilla-invest.fr<\/a>[\/vc_column_text][\/vc_column][\/vc_row][vc_row][vc_column width=&#8221;1\/3&#8243;][vc_column_text]<img loading=\"lazy\" decoding=\"async\" class=\"size-full wp-image-1104 aligncenter\" src=\"https:\/\/www.parvilla-invest.fr\/wp-content\/uploads\/2023\/02\/2022.09-HR.jpg\" alt=\"\" width=\"132\" height=\"197\" \/>[\/vc_column_text][\/vc_column][vc_column width=&#8221;2\/3&#8243;][block_title style=&#8221;column_title&#8221; title=&#8221;Herv\u00e9 Rudaux&#8221; second_title=&#8221;Senior Advisor&#8221;][\/block_title][vc_column_text]Herv\u00e9 Rudaux a plus de 30 ans d\u2019exp\u00e9rience en Private Equity. Il a \u00e9t\u00e9 pendant 15 ans, \u00e0 PAI\u00a0Partners, en charge des secteurs Pharmacie \/ Sant\u00e9 \/ Chimie. Il conseille Parvilla \/ Parvilla Investissement depuis l\u2019origine en 2007.[\/vc_column_text][vc_column_text]Email : <a href=\"mailto:herve.rudaux@gmail.com\">herve.rudaux@gmail.com <\/a><br \/>\n[\/vc_column_text][\/vc_column][\/vc_row][vc_row][vc_column width=&#8221;1\/3&#8243;][vc_column_text]<img loading=\"lazy\" decoding=\"async\" class=\"size-full wp-image-1104 aligncenter\" src=\"https:\/\/www.parvilla-invest.fr\/wp-content\/uploads\/2020\/02\/DSC_3589-Style-libre-102x152-mm.jpg\" alt=\"\" width=\"132\" height=\"197\" \/>[\/vc_column_text][\/vc_column][vc_column width=&#8221;2\/3&#8243;][block_title style=&#8221;column_title&#8221; title=&#8221;Jennifer Antoine&#8221; second_title=&#8221;Office Manager \u2013 Responsable Administratif et Financier&#8221;][\/block_title][vc_column_text]Email : <a href=\"mailto:office@parvilla-invest.fr\">office@parvilla-invest.fr<\/a>[\/vc_column_text][\/vc_column][\/vc_row]<\/p>\n<\/div>","protected":false},"excerpt":{"rendered":"<p>[vc_row][vc_column width=&#8221;1\/3&#8243;][vc_column_text][\/vc_column_text][\/vc_column][vc_column width=&#8221;2\/3&#8243;][block_title style=&#8221;column_title&#8221; title=&#8221;Jean-Marie Fabre&#8221; second_title=&#8221;Pr\u00e9sident&#8221;][\/block_title][vc_column_text]Jean-Marie Fabre est actif dans le Private Equity depuis 1993. Il a e\u0301te\u0301 un des associe\u0301s fondateurs de PAI (ex-Paribas Affaires Industrielles) dont il a e\u0301te\u0301 Senior Partner et Membre du Comite\u0301 d\u2019Investissement de 1993 a\u0300 2006. En 2007, il cre\u0301e Parvilla , socie\u0301te\u0301 de gestion de\u0301die\u0301e a\u0300 une [&hellip;]<\/p>\n","protected":false},"author":1,"featured_media":947,"parent":0,"menu_order":1000,"comment_status":"closed","ping_status":"closed","template":"","meta":{"footnotes":""},"class_list":["post-781","page","type-page","status-publish","has-post-thumbnail","hentry"],"yoast_head":"<!-- This site is optimized with the Yoast SEO plugin v26.8 - https:\/\/yoast.com\/product\/yoast-seo-wordpress\/ -->\n<title>Contact - Parvilla Investissements<\/title>\n<meta name=\"description\" content=\"Vous avez des questions ? Vous souhaitez prendre contact avec Parvilla Investissements ? Utilisez les diff\u00e9rents moyens mis \u00e0 disposition sur cette page.\" \/>\n<meta name=\"robots\" content=\"index, follow, max-snippet:-1, max-image-preview:large, max-video-preview:-1\" \/>\n<link rel=\"canonical\" href=\"https:\/\/www.parvilla-invest.fr\/fr\/contact\/\" \/>\n<meta property=\"og:locale\" content=\"fr_FR\" \/>\n<meta property=\"og:type\" content=\"article\" \/>\n<meta property=\"og:title\" content=\"Contact - Parvilla Investissements\" \/>\n<meta property=\"og:description\" content=\"Vous avez des questions ? Vous souhaitez prendre contact avec Parvilla Investissements ? Utilisez les diff\u00e9rents moyens mis \u00e0 disposition sur cette page.\" \/>\n<meta property=\"og:url\" content=\"https:\/\/www.parvilla-invest.fr\/fr\/contact\/\" \/>\n<meta property=\"og:site_name\" content=\"Parvilla Investissements\" \/>\n<meta property=\"article:modified_time\" content=\"2023-02-27T10:25:28+00:00\" \/>\n<meta property=\"og:image\" content=\"https:\/\/www.parvilla-invest.fr\/wp-content\/uploads\/2020\/02\/AdobeStock_293160594-scaled.jpeg\" \/>\n\t<meta property=\"og:image:width\" content=\"2560\" \/>\n\t<meta property=\"og:image:height\" content=\"1016\" \/>\n\t<meta property=\"og:image:type\" content=\"image\/jpeg\" \/>\n<meta name=\"twitter:card\" content=\"summary_large_image\" \/>\n<meta name=\"twitter:label1\" content=\"Dur\u00e9e de lecture estim\u00e9e\" \/>\n\t<meta name=\"twitter:data1\" content=\"2 minutes\" \/>\n<script type=\"application\/ld+json\" class=\"yoast-schema-graph\">{\"@context\":\"https:\/\/schema.org\",\"@graph\":[{\"@type\":\"WebPage\",\"@id\":\"https:\/\/www.parvilla-invest.fr\/fr\/contact\/\",\"url\":\"https:\/\/www.parvilla-invest.fr\/fr\/contact\/\",\"name\":\"Contact - Parvilla Investissements\",\"isPartOf\":{\"@id\":\"https:\/\/www.parvilla-invest.fr\/fr\/#website\"},\"primaryImageOfPage\":{\"@id\":\"https:\/\/www.parvilla-invest.fr\/fr\/contact\/#primaryimage\"},\"image\":{\"@id\":\"https:\/\/www.parvilla-invest.fr\/fr\/contact\/#primaryimage\"},\"thumbnailUrl\":\"https:\/\/www.parvilla-invest.fr\/wp-content\/uploads\/2020\/02\/AdobeStock_293160594-scaled.jpeg\",\"datePublished\":\"2014-12-09T14:04:10+00:00\",\"dateModified\":\"2023-02-27T10:25:28+00:00\",\"description\":\"Vous avez des questions ? Vous souhaitez prendre contact avec Parvilla Investissements ? Utilisez les diff\u00e9rents moyens mis \u00e0 disposition sur cette page.\",\"breadcrumb\":{\"@id\":\"https:\/\/www.parvilla-invest.fr\/fr\/contact\/#breadcrumb\"},\"inLanguage\":\"fr-FR\",\"potentialAction\":[{\"@type\":\"ReadAction\",\"target\":[\"https:\/\/www.parvilla-invest.fr\/fr\/contact\/\"]}]},{\"@type\":\"ImageObject\",\"inLanguage\":\"fr-FR\",\"@id\":\"https:\/\/www.parvilla-invest.fr\/fr\/contact\/#primaryimage\",\"url\":\"https:\/\/www.parvilla-invest.fr\/wp-content\/uploads\/2020\/02\/AdobeStock_293160594-scaled.jpeg\",\"contentUrl\":\"https:\/\/www.parvilla-invest.fr\/wp-content\/uploads\/2020\/02\/AdobeStock_293160594-scaled.jpeg\",\"width\":2560,\"height\":1016,\"caption\":\"Panorama of city of Paris with cityscape and city view\"},{\"@type\":\"BreadcrumbList\",\"@id\":\"https:\/\/www.parvilla-invest.fr\/fr\/contact\/#breadcrumb\",\"itemListElement\":[{\"@type\":\"ListItem\",\"position\":1,\"name\":\"Home\",\"item\":\"https:\/\/www.parvilla-invest.fr\/fr\/\"},{\"@type\":\"ListItem\",\"position\":2,\"name\":\"Contact\"}]},{\"@type\":\"WebSite\",\"@id\":\"https:\/\/www.parvilla-invest.fr\/fr\/#website\",\"url\":\"https:\/\/www.parvilla-invest.fr\/fr\/\",\"name\":\"Parvilla Investissements\",\"description\":\"Soci\u00e9t\u00e9 d&#039;investissement d\u00e9di\u00e9e au Private Equity\",\"publisher\":{\"@id\":\"https:\/\/www.parvilla-invest.fr\/fr\/#organization\"},\"potentialAction\":[{\"@type\":\"SearchAction\",\"target\":{\"@type\":\"EntryPoint\",\"urlTemplate\":\"https:\/\/www.parvilla-invest.fr\/fr\/?s={search_term_string}\"},\"query-input\":{\"@type\":\"PropertyValueSpecification\",\"valueRequired\":true,\"valueName\":\"search_term_string\"}}],\"inLanguage\":\"fr-FR\"},{\"@type\":\"Organization\",\"@id\":\"https:\/\/www.parvilla-invest.fr\/fr\/#organization\",\"name\":\"Parvilla Invest\",\"url\":\"https:\/\/www.parvilla-invest.fr\/fr\/\",\"logo\":{\"@type\":\"ImageObject\",\"inLanguage\":\"fr-FR\",\"@id\":\"https:\/\/www.parvilla-invest.fr\/fr\/#\/schema\/logo\/image\/\",\"url\":\"https:\/\/www.parvilla-invest.fr\/wp-content\/uploads\/2020\/01\/logo-1.jpg\",\"contentUrl\":\"https:\/\/www.parvilla-invest.fr\/wp-content\/uploads\/2020\/01\/logo-1.jpg\",\"width\":235,\"height\":59,\"caption\":\"Parvilla Invest\"},\"image\":{\"@id\":\"https:\/\/www.parvilla-invest.fr\/fr\/#\/schema\/logo\/image\/\"}}]}<\/script>\n<!-- \/ Yoast SEO plugin. -->","yoast_head_json":{"title":"Contact - Parvilla Investissements","description":"Vous avez des questions ? Vous souhaitez prendre contact avec Parvilla Investissements ? Utilisez les diff\u00e9rents moyens mis \u00e0 disposition sur cette page.","robots":{"index":"index","follow":"follow","max-snippet":"max-snippet:-1","max-image-preview":"max-image-preview:large","max-video-preview":"max-video-preview:-1"},"canonical":"https:\/\/www.parvilla-invest.fr\/fr\/contact\/","og_locale":"fr_FR","og_type":"article","og_title":"Contact - Parvilla Investissements","og_description":"Vous avez des questions ? Vous souhaitez prendre contact avec Parvilla Investissements ? Utilisez les diff\u00e9rents moyens mis \u00e0 disposition sur cette page.","og_url":"https:\/\/www.parvilla-invest.fr\/fr\/contact\/","og_site_name":"Parvilla Investissements","article_modified_time":"2023-02-27T10:25:28+00:00","og_image":[{"width":2560,"height":1016,"url":"https:\/\/www.parvilla-invest.fr\/wp-content\/uploads\/2020\/02\/AdobeStock_293160594-scaled.jpeg","type":"image\/jpeg"}],"twitter_card":"summary_large_image","twitter_misc":{"Dur\u00e9e de lecture estim\u00e9e":"2 minutes"},"schema":{"@context":"https:\/\/schema.org","@graph":[{"@type":"WebPage","@id":"https:\/\/www.parvilla-invest.fr\/fr\/contact\/","url":"https:\/\/www.parvilla-invest.fr\/fr\/contact\/","name":"Contact - Parvilla Investissements","isPartOf":{"@id":"https:\/\/www.parvilla-invest.fr\/fr\/#website"},"primaryImageOfPage":{"@id":"https:\/\/www.parvilla-invest.fr\/fr\/contact\/#primaryimage"},"image":{"@id":"https:\/\/www.parvilla-invest.fr\/fr\/contact\/#primaryimage"},"thumbnailUrl":"https:\/\/www.parvilla-invest.fr\/wp-content\/uploads\/2020\/02\/AdobeStock_293160594-scaled.jpeg","datePublished":"2014-12-09T14:04:10+00:00","dateModified":"2023-02-27T10:25:28+00:00","description":"Vous avez des questions ? Vous souhaitez prendre contact avec Parvilla Investissements ? Utilisez les diff\u00e9rents moyens mis \u00e0 disposition sur cette page.","breadcrumb":{"@id":"https:\/\/www.parvilla-invest.fr\/fr\/contact\/#breadcrumb"},"inLanguage":"fr-FR","potentialAction":[{"@type":"ReadAction","target":["https:\/\/www.parvilla-invest.fr\/fr\/contact\/"]}]},{"@type":"ImageObject","inLanguage":"fr-FR","@id":"https:\/\/www.parvilla-invest.fr\/fr\/contact\/#primaryimage","url":"https:\/\/www.parvilla-invest.fr\/wp-content\/uploads\/2020\/02\/AdobeStock_293160594-scaled.jpeg","contentUrl":"https:\/\/www.parvilla-invest.fr\/wp-content\/uploads\/2020\/02\/AdobeStock_293160594-scaled.jpeg","width":2560,"height":1016,"caption":"Panorama of city of Paris with cityscape and city view"},{"@type":"BreadcrumbList","@id":"https:\/\/www.parvilla-invest.fr\/fr\/contact\/#breadcrumb","itemListElement":[{"@type":"ListItem","position":1,"name":"Home","item":"https:\/\/www.parvilla-invest.fr\/fr\/"},{"@type":"ListItem","position":2,"name":"Contact"}]},{"@type":"WebSite","@id":"https:\/\/www.parvilla-invest.fr\/fr\/#website","url":"https:\/\/www.parvilla-invest.fr\/fr\/","name":"Parvilla Investissements","description":"Soci\u00e9t\u00e9 d&#039;investissement d\u00e9di\u00e9e au Private Equity","publisher":{"@id":"https:\/\/www.parvilla-invest.fr\/fr\/#organization"},"potentialAction":[{"@type":"SearchAction","target":{"@type":"EntryPoint","urlTemplate":"https:\/\/www.parvilla-invest.fr\/fr\/?s={search_term_string}"},"query-input":{"@type":"PropertyValueSpecification","valueRequired":true,"valueName":"search_term_string"}}],"inLanguage":"fr-FR"},{"@type":"Organization","@id":"https:\/\/www.parvilla-invest.fr\/fr\/#organization","name":"Parvilla Invest","url":"https:\/\/www.parvilla-invest.fr\/fr\/","logo":{"@type":"ImageObject","inLanguage":"fr-FR","@id":"https:\/\/www.parvilla-invest.fr\/fr\/#\/schema\/logo\/image\/","url":"https:\/\/www.parvilla-invest.fr\/wp-content\/uploads\/2020\/01\/logo-1.jpg","contentUrl":"https:\/\/www.parvilla-invest.fr\/wp-content\/uploads\/2020\/01\/logo-1.jpg","width":235,"height":59,"caption":"Parvilla Invest"},"image":{"@id":"https:\/\/www.parvilla-invest.fr\/fr\/#\/schema\/logo\/image\/"}}]}},"_links":{"self":[{"href":"https:\/\/www.parvilla-invest.fr\/fr\/wp-json\/wp\/v2\/pages\/781","targetHints":{"allow":["GET"]}}],"collection":[{"href":"https:\/\/www.parvilla-invest.fr\/fr\/wp-json\/wp\/v2\/pages"}],"about":[{"href":"https:\/\/www.parvilla-invest.fr\/fr\/wp-json\/wp\/v2\/types\/page"}],"author":[{"embeddable":true,"href":"https:\/\/www.parvilla-invest.fr\/fr\/wp-json\/wp\/v2\/users\/1"}],"replies":[{"embeddable":true,"href":"https:\/\/www.parvilla-invest.fr\/fr\/wp-json\/wp\/v2\/comments?post=781"}],"version-history":[{"count":5,"href":"https:\/\/www.parvilla-invest.fr\/fr\/wp-json\/wp\/v2\/pages\/781\/revisions"}],"predecessor-version":[{"id":1344,"href":"https:\/\/www.parvilla-invest.fr\/fr\/wp-json\/wp\/v2\/pages\/781\/revisions\/1344"}],"wp:featuredmedia":[{"embeddable":true,"href":"https:\/\/www.parvilla-invest.fr\/fr\/wp-json\/wp\/v2\/media\/947"}],"wp:attachment":[{"href":"https:\/\/www.parvilla-invest.fr\/fr\/wp-json\/wp\/v2\/media?parent=781"}],"curies":[{"name":"wp","href":"https:\/\/api.w.org\/{rel}","templated":true}]}}