{"id":893,"date":"2020-02-01T13:32:09","date_gmt":"2020-02-01T12:32:09","guid":{"rendered":"https:\/\/www.parvilla-invest.fr\/?page_id=893"},"modified":"2026-03-18T09:32:17","modified_gmt":"2026-03-18T08:32:17","slug":"fonds-venture","status":"publish","type":"page","link":"https:\/\/www.parvilla-invest.fr\/fr\/fonds-venture\/","title":{"rendered":"Fonds Venture \/ Sciences de la vie"},"content":{"rendered":"<div class=\"wpb-content-wrapper\"><p>[vc_row class=&#8221;tablecustomcss&#8221;][vc_column][vc_column_text css=&#8221;&#8221;]<\/p>\n<table>\n<tbody>\n<tr class=\"border-top\">\n<td class=\"align-center\" style=\"width: 220px;\" rowspan=\"4\"><img decoding=\"async\" src=\"https:\/\/www.parvilla-invest.fr\/wp-content\/uploads\/2020\/02\/logo7.jpg\" \/><\/p>\n<p style=\"text-align: center;\">Sofinnova est un des acteurs de premier plan en Europe en Venture \/ Sciences de la Vie<\/p>\n<\/td>\n<td class=\"border-right\"><span style=\"color: #254f9d;\"><strong>Fonds<br \/>\nSofinnova VIII<\/strong><\/span><\/td>\n<td class=\"border-right\"><span style=\"color: #254f9d;\"><strong>Fonds<br \/>\nSofinnova Cross Over<br \/>\n<\/strong><\/span><\/td>\n<td class=\"border-right\"><span style=\"color: #254f9d;\"><strong>Fonds<br \/>\nSofinnova IX<\/strong><\/span><\/td>\n<td class=\"border-right\"><span style=\"color: #254f9d;\"><strong>Fonds<br \/>\nSofinnova MD Start III<br \/>\n<\/strong><\/span><\/td>\n<td class=\"border-right\"><span style=\"color: #254f9d;\"><strong>Fonds<br \/>\nSofinnova X<\/strong><\/span><\/td>\n<td><span style=\"color: #254f9d;\"><strong>Fonds<br \/>\nSofinnova XI<\/strong><\/span><\/td>\n<\/tr>\n<tr>\n<td class=\"border-right\"><span style=\"color: #254f9d;\"><strong>Ann\u00e9e d\u2019engagement : <\/strong><\/span>2016<\/td>\n<td class=\"border-right\"><span style=\"color: #254f9d;\"><strong>Ann\u00e9e d\u2019engagement : <\/strong><\/span>2017<\/td>\n<td class=\"border-right\"><span style=\"color: #254f9d;\"><strong>Ann\u00e9e d\u2019engagement : <\/strong><\/span>2018<\/td>\n<td class=\"border-right\"><span style=\"color: #254f9d;\"><strong>Ann\u00e9e d\u2019engagement : <\/strong><\/span>2019<\/td>\n<td class=\"border-right\"><span style=\"color: #254f9d;\"><strong>Ann\u00e9e d\u2019engagement : <\/strong><\/span>2021<\/td>\n<td><span style=\"color: #254f9d;\"><strong>Ann\u00e9e d\u2019engagement : <\/strong><\/span>2024<\/td>\n<\/tr>\n<tr>\n<td class=\"border-right\">Fonds Pharma<\/td>\n<td class=\"border-right\">Fonds d\u00e9di\u00e9 aux derniers<br \/>\ntours de financement<\/td>\n<td class=\"border-right\">Fonds Pharma<\/td>\n<td class=\"border-right\">Fonds MedTech early stage<\/td>\n<td class=\"border-right\">Fonds Pharma<\/td>\n<td>Fonds Pharma<\/td>\n<\/tr>\n<tr>\n<td class=\"border-right\"><strong><span style=\"color: #254f9d;\">P\u00e9riode d\u2019investissement termin\u00e9e<\/span><\/strong><\/td>\n<td class=\"border-right\"><strong><span style=\"color: #254f9d;\">P\u00e9riode d\u2019investissement termin\u00e9e<\/span><\/strong><\/td>\n<td class=\"border-right\"><strong><span style=\"color: #254f9d;\">P\u00e9riode d\u2019investissement termin\u00e9e<\/span><\/strong><\/td>\n<td class=\"border-right\"><strong><span style=\"color: #254f9d;\">P\u00e9riode d\u2019investissement termin\u00e9e<\/span><\/strong><\/td>\n<td class=\"border-right\"><strong><span style=\"color: #254f9d;\">P\u00e9riode d\u2019investissement termin\u00e9e<\/span><\/strong><\/td>\n<td><strong><span style=\"color: #254f9d;\">P\u00e9riode d\u2019investissement en cours<\/span><\/strong><\/td>\n<\/tr>\n<\/tbody>\n<\/table>\n<table>\n<tbody>\n<tr class=\"border-top\">\n<td class=\"align-center\"><img decoding=\"async\" src=\"https:\/\/www.parvilla-invest.fr\/wp-content\/uploads\/2020\/02\/logo6.jpg\" \/><\/p>\n<p style=\"text-align: center;\"><span style=\"color: #254f9d;\"><strong>Fonds Alven V<br \/>\n<\/strong><\/span><\/p>\n<\/td>\n<td><span style=\"color: #254f9d;\"><strong>Activit\u00e9 : <\/strong><\/span>Digital &amp; technologie<br \/>\nEurope<\/td>\n<td><span style=\"color: #254f9d;\"><strong>Ann\u00e9e d\u2019engagement :<\/strong><\/span><br \/>\n2016<\/td>\n<td><strong><span style=\"color: #254f9d;\">P\u00e9riode d\u2019investissement termin\u00e9e<\/span><\/strong><\/td>\n<\/tr>\n<\/tbody>\n<\/table>\n<table>\n<tbody>\n<tr class=\"border-top\">\n<td class=\"align-center\" style=\"width: 220px;\" rowspan=\"4\"><img decoding=\"async\" src=\"https:\/\/www.parvilla-invest.fr\/wp-content\/uploads\/2020\/02\/logo9.jpg\" \/><\/p>\n<p style=\"text-align: center;\">Deep Tech &amp; digital<br \/>\nen Europe<\/p>\n<\/td>\n<td class=\"border-right\"><span style=\"color: #254f9d;\"><strong>Fonds Elaia Delta<\/strong><\/span><\/td>\n<td><span style=\"color: #254f9d;\"><strong>Fonds Elaia Alpha 2<\/strong><\/span><\/td>\n<\/tr>\n<tr>\n<td class=\"border-right\"><span style=\"color: #254f9d;\"><strong>Ann\u00e9e d\u2019engagement : <\/strong><\/span>2016<\/td>\n<td><span style=\"color: #254f9d;\"><strong>Ann\u00e9e d\u2019engagement : <\/strong><\/span>2021<\/td>\n<\/tr>\n<tr>\n<td class=\"border-right\"><strong><span style=\"color: #254f9d;\">P\u00e9riode d\u2019investissement termin\u00e9e<\/span><\/strong><\/td>\n<td><strong><span style=\"color: #254f9d;\">P\u00e9riode d\u2019investissement termin\u00e9e<\/span><\/strong><\/td>\n<\/tr>\n<\/tbody>\n<\/table>\n<table>\n<tbody>\n<tr class=\"border-top\">\n<td class=\"align-center\" style=\"width: 220px;\" rowspan=\"4\"><img decoding=\"async\" src=\"https:\/\/www.parvilla-invest.fr\/wp-content\/uploads\/2020\/02\/logo8.jpg\" \/><\/p>\n<p style=\"text-align: center;\">LSP est un des GP<br \/>\nles plus renomm\u00e9s<br \/>\nen sciences de la vie<\/p>\n<\/td>\n<td class=\"border-right\"><span style=\"color: #254f9d;\"><strong>Fonds LSP HEF 2<\/strong><\/span><\/td>\n<td class=\"border-right\"><span style=\"color: #254f9d;\"><strong>Fonds LSP 6<\/strong><\/span><\/td>\n<td><span style=\"color: #254f9d;\"><strong>Fonds LSP 7<\/strong><\/span><\/td>\n<\/tr>\n<tr>\n<td class=\"border-right\"><span style=\"color: #254f9d;\"><strong>Ann\u00e9e d\u2019engagement : <\/strong><\/span>2017<\/td>\n<td class=\"border-right\"><span style=\"color: #254f9d;\"><strong>Ann\u00e9e d\u2019engagement : <\/strong><\/span>2018<\/td>\n<td><span style=\"color: #254f9d;\"><strong>Ann\u00e9e d\u2019engagement : <\/strong><\/span>2021<\/td>\n<\/tr>\n<tr>\n<td class=\"border-right\">Fonds d\u00e9di\u00e9 au MedTech<\/td>\n<td class=\"border-right\">Fonds Pharma<\/td>\n<td>Fonds Pharma<\/td>\n<\/tr>\n<tr class=\"border-bottom\">\n<td class=\"border-right\"><span style=\"color: #254f9d;\"><strong>P\u00e9riode d\u2019investissement termin\u00e9e<\/strong><\/span><\/td>\n<td class=\"border-right\"><strong><span style=\"color: #254f9d;\">P\u00e9riode d\u2019investissement termin\u00e9e<\/span><\/strong><\/td>\n<td><span style=\"color: #254f9d;\"><strong>P\u00e9riode d\u2019investissement en cours<\/strong><\/span><\/td>\n<\/tr>\n<\/tbody>\n<\/table>\n<table>\n<tbody>\n<tr class=\"border-bottom\">\n<td style=\"width: 220px;\"><img decoding=\"async\" src=\"https:\/\/www.parvilla-invest.fr\/wp-content\/uploads\/2020\/02\/logo5.jpg\" \/><\/p>\n<p style=\"text-align: center;\"><span style=\"color: #254f9d;\"><strong>Fonds Health for Life Capital II<\/strong><\/span><\/p>\n<\/td>\n<td style=\"width: 285px;\"><span style=\"color: #254f9d;\"><strong>Activit\u00e9 : <\/strong><\/span>Sciences de la vie &#8211; Fonds<br \/>\npharma avec un \u00ab focus \u00bb sur le microbiome. Investit en Europe mais \u00e9galement aux USA<\/td>\n<td style=\"width: 205px;\"><span style=\"color: #254f9d;\"><strong>Ann\u00e9e d\u2019engagement : <\/strong><\/span>2019<\/td>\n<td><strong><span style=\"color: #254f9d;\">P\u00e9riode d\u2019investissement termin\u00e9e<\/span><\/strong><\/td>\n<\/tr>\n<\/tbody>\n<\/table>\n<table>\n<tbody>\n<tr class=\"border-bottom\">\n<td style=\"width: 220px;\"><img decoding=\"async\" src=\"https:\/\/www.parvilla-invest.fr\/wp-content\/uploads\/2020\/03\/IQ-logo-on-white.png\" \/><\/p>\n<p style=\"text-align: center;\"><span style=\"color: #254f9d;\"><strong>IQ Growth<\/strong><\/span><\/p>\n<\/td>\n<td style=\"width: 285px;\"><span style=\"color: #254f9d;\"><strong>Activit\u00e9 : <\/strong><\/span>IQ Capital est un VC reconnu \u00e9tabli \u00e0 Cambridge<\/td>\n<td style=\"width: 205px;\"><span style=\"color: #254f9d;\"><strong>Ann\u00e9e d\u2019engagement : <\/strong><\/span>2020<\/td>\n<td><span style=\"color: #254f9d;\"><strong>P\u00e9riode d\u2019investissement en cours<\/strong><\/span><\/td>\n<\/tr>\n<\/tbody>\n<\/table>\n<p>[\/vc_column_text][\/vc_column][\/vc_row]<\/p>\n<\/div>","protected":false},"excerpt":{"rendered":"<p>[vc_row class=&#8221;tablecustomcss&#8221;][vc_column][vc_column_text css=&#8221;&#8221;] Sofinnova est un des acteurs de premier plan en Europe en Venture \/ Sciences de la Vie Fonds Sofinnova VIII Fonds Sofinnova Cross Over Fonds Sofinnova IX Fonds Sofinnova MD Start III Fonds Sofinnova X Fonds Sofinnova XI Ann\u00e9e d\u2019engagement : 2016 Ann\u00e9e d\u2019engagement : 2017 Ann\u00e9e d\u2019engagement : 2018 Ann\u00e9e d\u2019engagement [&hellip;]<\/p>\n","protected":false},"author":1,"featured_media":1110,"parent":0,"menu_order":400,"comment_status":"closed","ping_status":"closed","template":"","meta":{"footnotes":""},"class_list":["post-893","page","type-page","status-publish","has-post-thumbnail","hentry"],"yoast_head":"<!-- This site is optimized with the Yoast SEO plugin v26.8 - https:\/\/yoast.com\/product\/yoast-seo-wordpress\/ -->\n<title>Fonds Venture \/ Sciences de la vie - Parvilla Investissements<\/title>\n<meta name=\"description\" content=\"Parvilla Investissements investit 30% des investissements dans des fonds Venture\/Sciences de la Vie\" \/>\n<meta name=\"robots\" content=\"index, follow, max-snippet:-1, max-image-preview:large, max-video-preview:-1\" \/>\n<link rel=\"canonical\" href=\"https:\/\/www.parvilla-invest.fr\/fr\/fonds-venture\/\" \/>\n<meta property=\"og:locale\" content=\"fr_FR\" \/>\n<meta property=\"og:type\" content=\"article\" \/>\n<meta property=\"og:title\" content=\"Fonds Venture \/ Sciences de la vie - Parvilla Investissements\" \/>\n<meta property=\"og:description\" content=\"Parvilla Investissements investit 30% des investissements dans des fonds Venture\/Sciences de la Vie\" \/>\n<meta property=\"og:url\" content=\"https:\/\/www.parvilla-invest.fr\/fr\/fonds-venture\/\" \/>\n<meta property=\"og:site_name\" content=\"Parvilla Investissements\" \/>\n<meta property=\"article:modified_time\" content=\"2026-03-18T08:32:17+00:00\" \/>\n<meta property=\"og:image\" content=\"https:\/\/www.parvilla-invest.fr\/wp-content\/uploads\/2020\/02\/AdobeStock_201606422-scaled.jpeg\" \/>\n\t<meta property=\"og:image:width\" content=\"2560\" \/>\n\t<meta property=\"og:image:height\" content=\"1440\" \/>\n\t<meta property=\"og:image:type\" content=\"image\/jpeg\" \/>\n<meta name=\"twitter:card\" content=\"summary_large_image\" \/>\n<meta name=\"twitter:label1\" content=\"Dur\u00e9e de lecture estim\u00e9e\" \/>\n\t<meta name=\"twitter:data1\" content=\"3 minutes\" \/>\n<script type=\"application\/ld+json\" class=\"yoast-schema-graph\">{\"@context\":\"https:\/\/schema.org\",\"@graph\":[{\"@type\":\"WebPage\",\"@id\":\"https:\/\/www.parvilla-invest.fr\/fr\/fonds-venture\/\",\"url\":\"https:\/\/www.parvilla-invest.fr\/fr\/fonds-venture\/\",\"name\":\"Fonds Venture \/ Sciences de la vie - Parvilla Investissements\",\"isPartOf\":{\"@id\":\"https:\/\/www.parvilla-invest.fr\/fr\/#website\"},\"primaryImageOfPage\":{\"@id\":\"https:\/\/www.parvilla-invest.fr\/fr\/fonds-venture\/#primaryimage\"},\"image\":{\"@id\":\"https:\/\/www.parvilla-invest.fr\/fr\/fonds-venture\/#primaryimage\"},\"thumbnailUrl\":\"https:\/\/www.parvilla-invest.fr\/wp-content\/uploads\/2020\/02\/AdobeStock_201606422-scaled.jpeg\",\"datePublished\":\"2020-02-01T12:32:09+00:00\",\"dateModified\":\"2026-03-18T08:32:17+00:00\",\"description\":\"Parvilla Investissements investit 30% des investissements dans des fonds Venture\/Sciences de la Vie\",\"breadcrumb\":{\"@id\":\"https:\/\/www.parvilla-invest.fr\/fr\/fonds-venture\/#breadcrumb\"},\"inLanguage\":\"fr-FR\",\"potentialAction\":[{\"@type\":\"ReadAction\",\"target\":[\"https:\/\/www.parvilla-invest.fr\/fr\/fonds-venture\/\"]}]},{\"@type\":\"ImageObject\",\"inLanguage\":\"fr-FR\",\"@id\":\"https:\/\/www.parvilla-invest.fr\/fr\/fonds-venture\/#primaryimage\",\"url\":\"https:\/\/www.parvilla-invest.fr\/wp-content\/uploads\/2020\/02\/AdobeStock_201606422-scaled.jpeg\",\"contentUrl\":\"https:\/\/www.parvilla-invest.fr\/wp-content\/uploads\/2020\/02\/AdobeStock_201606422-scaled.jpeg\",\"width\":2560,\"height\":1440,\"caption\":\"Female and Male Scientists Working on their Computers In Big Modern Laboratory. Various Shelves with Beakers, Chemicals and Different Technical Equipment is Visible.\"},{\"@type\":\"BreadcrumbList\",\"@id\":\"https:\/\/www.parvilla-invest.fr\/fr\/fonds-venture\/#breadcrumb\",\"itemListElement\":[{\"@type\":\"ListItem\",\"position\":1,\"name\":\"Home\",\"item\":\"https:\/\/www.parvilla-invest.fr\/fr\/\"},{\"@type\":\"ListItem\",\"position\":2,\"name\":\"Fonds Venture \/ Sciences de la vie\"}]},{\"@type\":\"WebSite\",\"@id\":\"https:\/\/www.parvilla-invest.fr\/fr\/#website\",\"url\":\"https:\/\/www.parvilla-invest.fr\/fr\/\",\"name\":\"Parvilla Investissements\",\"description\":\"Soci\u00e9t\u00e9 d&#039;investissement d\u00e9di\u00e9e au Private Equity\",\"publisher\":{\"@id\":\"https:\/\/www.parvilla-invest.fr\/fr\/#organization\"},\"potentialAction\":[{\"@type\":\"SearchAction\",\"target\":{\"@type\":\"EntryPoint\",\"urlTemplate\":\"https:\/\/www.parvilla-invest.fr\/fr\/?s={search_term_string}\"},\"query-input\":{\"@type\":\"PropertyValueSpecification\",\"valueRequired\":true,\"valueName\":\"search_term_string\"}}],\"inLanguage\":\"fr-FR\"},{\"@type\":\"Organization\",\"@id\":\"https:\/\/www.parvilla-invest.fr\/fr\/#organization\",\"name\":\"Parvilla Invest\",\"url\":\"https:\/\/www.parvilla-invest.fr\/fr\/\",\"logo\":{\"@type\":\"ImageObject\",\"inLanguage\":\"fr-FR\",\"@id\":\"https:\/\/www.parvilla-invest.fr\/fr\/#\/schema\/logo\/image\/\",\"url\":\"https:\/\/www.parvilla-invest.fr\/wp-content\/uploads\/2020\/01\/logo-1.jpg\",\"contentUrl\":\"https:\/\/www.parvilla-invest.fr\/wp-content\/uploads\/2020\/01\/logo-1.jpg\",\"width\":235,\"height\":59,\"caption\":\"Parvilla Invest\"},\"image\":{\"@id\":\"https:\/\/www.parvilla-invest.fr\/fr\/#\/schema\/logo\/image\/\"}}]}<\/script>\n<!-- \/ Yoast SEO plugin. -->","yoast_head_json":{"title":"Fonds Venture \/ Sciences de la vie - Parvilla Investissements","description":"Parvilla Investissements investit 30% des investissements dans des fonds Venture\/Sciences de la Vie","robots":{"index":"index","follow":"follow","max-snippet":"max-snippet:-1","max-image-preview":"max-image-preview:large","max-video-preview":"max-video-preview:-1"},"canonical":"https:\/\/www.parvilla-invest.fr\/fr\/fonds-venture\/","og_locale":"fr_FR","og_type":"article","og_title":"Fonds Venture \/ Sciences de la vie - Parvilla Investissements","og_description":"Parvilla Investissements investit 30% des investissements dans des fonds Venture\/Sciences de la Vie","og_url":"https:\/\/www.parvilla-invest.fr\/fr\/fonds-venture\/","og_site_name":"Parvilla Investissements","article_modified_time":"2026-03-18T08:32:17+00:00","og_image":[{"width":2560,"height":1440,"url":"https:\/\/www.parvilla-invest.fr\/wp-content\/uploads\/2020\/02\/AdobeStock_201606422-scaled.jpeg","type":"image\/jpeg"}],"twitter_card":"summary_large_image","twitter_misc":{"Dur\u00e9e de lecture estim\u00e9e":"3 minutes"},"schema":{"@context":"https:\/\/schema.org","@graph":[{"@type":"WebPage","@id":"https:\/\/www.parvilla-invest.fr\/fr\/fonds-venture\/","url":"https:\/\/www.parvilla-invest.fr\/fr\/fonds-venture\/","name":"Fonds Venture \/ Sciences de la vie - Parvilla Investissements","isPartOf":{"@id":"https:\/\/www.parvilla-invest.fr\/fr\/#website"},"primaryImageOfPage":{"@id":"https:\/\/www.parvilla-invest.fr\/fr\/fonds-venture\/#primaryimage"},"image":{"@id":"https:\/\/www.parvilla-invest.fr\/fr\/fonds-venture\/#primaryimage"},"thumbnailUrl":"https:\/\/www.parvilla-invest.fr\/wp-content\/uploads\/2020\/02\/AdobeStock_201606422-scaled.jpeg","datePublished":"2020-02-01T12:32:09+00:00","dateModified":"2026-03-18T08:32:17+00:00","description":"Parvilla Investissements investit 30% des investissements dans des fonds Venture\/Sciences de la Vie","breadcrumb":{"@id":"https:\/\/www.parvilla-invest.fr\/fr\/fonds-venture\/#breadcrumb"},"inLanguage":"fr-FR","potentialAction":[{"@type":"ReadAction","target":["https:\/\/www.parvilla-invest.fr\/fr\/fonds-venture\/"]}]},{"@type":"ImageObject","inLanguage":"fr-FR","@id":"https:\/\/www.parvilla-invest.fr\/fr\/fonds-venture\/#primaryimage","url":"https:\/\/www.parvilla-invest.fr\/wp-content\/uploads\/2020\/02\/AdobeStock_201606422-scaled.jpeg","contentUrl":"https:\/\/www.parvilla-invest.fr\/wp-content\/uploads\/2020\/02\/AdobeStock_201606422-scaled.jpeg","width":2560,"height":1440,"caption":"Female and Male Scientists Working on their Computers In Big Modern Laboratory. Various Shelves with Beakers, Chemicals and Different Technical Equipment is Visible."},{"@type":"BreadcrumbList","@id":"https:\/\/www.parvilla-invest.fr\/fr\/fonds-venture\/#breadcrumb","itemListElement":[{"@type":"ListItem","position":1,"name":"Home","item":"https:\/\/www.parvilla-invest.fr\/fr\/"},{"@type":"ListItem","position":2,"name":"Fonds Venture \/ Sciences de la vie"}]},{"@type":"WebSite","@id":"https:\/\/www.parvilla-invest.fr\/fr\/#website","url":"https:\/\/www.parvilla-invest.fr\/fr\/","name":"Parvilla Investissements","description":"Soci\u00e9t\u00e9 d&#039;investissement d\u00e9di\u00e9e au Private Equity","publisher":{"@id":"https:\/\/www.parvilla-invest.fr\/fr\/#organization"},"potentialAction":[{"@type":"SearchAction","target":{"@type":"EntryPoint","urlTemplate":"https:\/\/www.parvilla-invest.fr\/fr\/?s={search_term_string}"},"query-input":{"@type":"PropertyValueSpecification","valueRequired":true,"valueName":"search_term_string"}}],"inLanguage":"fr-FR"},{"@type":"Organization","@id":"https:\/\/www.parvilla-invest.fr\/fr\/#organization","name":"Parvilla Invest","url":"https:\/\/www.parvilla-invest.fr\/fr\/","logo":{"@type":"ImageObject","inLanguage":"fr-FR","@id":"https:\/\/www.parvilla-invest.fr\/fr\/#\/schema\/logo\/image\/","url":"https:\/\/www.parvilla-invest.fr\/wp-content\/uploads\/2020\/01\/logo-1.jpg","contentUrl":"https:\/\/www.parvilla-invest.fr\/wp-content\/uploads\/2020\/01\/logo-1.jpg","width":235,"height":59,"caption":"Parvilla Invest"},"image":{"@id":"https:\/\/www.parvilla-invest.fr\/fr\/#\/schema\/logo\/image\/"}}]}},"_links":{"self":[{"href":"https:\/\/www.parvilla-invest.fr\/fr\/wp-json\/wp\/v2\/pages\/893","targetHints":{"allow":["GET"]}}],"collection":[{"href":"https:\/\/www.parvilla-invest.fr\/fr\/wp-json\/wp\/v2\/pages"}],"about":[{"href":"https:\/\/www.parvilla-invest.fr\/fr\/wp-json\/wp\/v2\/types\/page"}],"author":[{"embeddable":true,"href":"https:\/\/www.parvilla-invest.fr\/fr\/wp-json\/wp\/v2\/users\/1"}],"replies":[{"embeddable":true,"href":"https:\/\/www.parvilla-invest.fr\/fr\/wp-json\/wp\/v2\/comments?post=893"}],"version-history":[{"count":9,"href":"https:\/\/www.parvilla-invest.fr\/fr\/wp-json\/wp\/v2\/pages\/893\/revisions"}],"predecessor-version":[{"id":1402,"href":"https:\/\/www.parvilla-invest.fr\/fr\/wp-json\/wp\/v2\/pages\/893\/revisions\/1402"}],"wp:featuredmedia":[{"embeddable":true,"href":"https:\/\/www.parvilla-invest.fr\/fr\/wp-json\/wp\/v2\/media\/1110"}],"wp:attachment":[{"href":"https:\/\/www.parvilla-invest.fr\/fr\/wp-json\/wp\/v2\/media?parent=893"}],"curies":[{"name":"wp","href":"https:\/\/api.w.org\/{rel}","templated":true}]}}