{"id":920,"date":"2020-02-02T20:09:18","date_gmt":"2020-02-02T19:09:18","guid":{"rendered":"https:\/\/www.parvilla-invest.fr\/?page_id=920"},"modified":"2020-10-28T15:46:58","modified_gmt":"2020-10-28T14:46:58","slug":"histoire","status":"publish","type":"page","link":"https:\/\/www.parvilla-invest.fr\/fr\/histoire\/","title":{"rendered":"Histoire"},"content":{"rendered":"<div class=\"wpb-content-wrapper\"><p>[vc_row][vc_column][vc_column_text]Parvilla Investissements est une SAS cre\u0301e\u0301e en 2006 par Jean-Marie FABRE, ancien senior Partner de PAI Partners, avec pour vocation d\u2019investir en Private Equity, me\u0301tier d\u2019origine de son fondateur.<\/p>\n<p>Imme\u0301diatement apre\u0300s sa cre\u0301ation, Parvilla Investissements est devenu l\u2019actionnaire unique de Parvilla SAS, socie\u0301te\u0301 de gestion de\u0301die\u0301e au Private Equity. Parvilla SAS a e\u0301te\u0301 agre\u0301e\u0301e par l\u2019AMF en juin 2007 et a fait le 1er closing du Fonds Parvilla I en juillet 2007, avec une strate\u0301gie de Fonds de Fonds et de co-investissement dans le LBO lower mid-market exclusivement en Europe Occidentale. Parvilla Investissements s\u2019est engage\u0301 pour des montants importants dans les fonds Parvilla I, II et III. Depuis sa cre\u0301ation jusqu\u2019a\u0300 2016 Parvilla Investissements a investi uniquement via les Fonds ge\u0301re\u0301s par Parvilla SAS ou aux co\u0302te\u0301s de ceux-ci.<\/p>\n<p>En 2013, Lise Nobre, e\u0301galement ancienne de PAI, a rejoint Parvilla SAS comme associe\u0301e et a succ\u00e9d\u00e9 \u00e0 Jean-Marie Fabre comme Pr\u00e9sident de Parvilla en septembre 2016.<\/p>\n<p>Depuis cette date, Parvilla Investissements a commence\u0301 a\u0300 investir hors du champ d\u2019activite\u0301 de Parvilla, principalement dans des fonds de Venture \/ Sciences de la Vie et dans une moindre mesure dans des fonds ou ope\u0301rations de LBO infe\u0301rieurs aux seuils de Parvilla.<\/p>\n<p>Depuis le 1er octobre 2019, Parvilla Investissements est sorti du capital de Parvilla SAS qui a depuis chang\u00e9 de raison sociale pour devenir Bluester Capital.<\/p>\n<p>Depuis cette date Parvilla Investissements investit activement dans les domaines de\u0301crits plus loin.[\/vc_column_text][\/vc_column][\/vc_row]<\/p>\n<\/div>","protected":false},"excerpt":{"rendered":"<p>[vc_row][vc_column][vc_column_text]Parvilla Investissements est une SAS cre\u0301e\u0301e en 2006 par Jean-Marie FABRE, ancien senior Partner de PAI Partners, avec pour vocation d\u2019investir en Private Equity, me\u0301tier d\u2019origine de son fondateur. Imme\u0301diatement apre\u0300s sa cre\u0301ation, Parvilla Investissements est devenu l\u2019actionnaire unique de Parvilla SAS, socie\u0301te\u0301 de gestion de\u0301die\u0301e au Private Equity. Parvilla SAS a e\u0301te\u0301 agre\u0301e\u0301e par [&hellip;]<\/p>\n","protected":false},"author":1,"featured_media":1146,"parent":0,"menu_order":100,"comment_status":"closed","ping_status":"closed","template":"","meta":{"footnotes":""},"class_list":["post-920","page","type-page","status-publish","has-post-thumbnail","hentry"],"yoast_head":"<!-- This site is optimized with the Yoast SEO plugin v26.8 - https:\/\/yoast.com\/product\/yoast-seo-wordpress\/ -->\n<title>Histoire - Parvilla Investissements<\/title>\n<meta name=\"description\" content=\"Parvilla Investissements est une SAS cre\u0301e\u0301e en 2006 par Jean-Marie FABRE avec pour vocation d\u2019investir en Private Equity, me\u0301tier d\u2019origine de son fondateur.\" \/>\n<meta name=\"robots\" content=\"index, follow, max-snippet:-1, max-image-preview:large, max-video-preview:-1\" \/>\n<link rel=\"canonical\" href=\"https:\/\/www.parvilla-invest.fr\/fr\/histoire\/\" \/>\n<meta property=\"og:locale\" content=\"fr_FR\" \/>\n<meta property=\"og:type\" content=\"article\" \/>\n<meta property=\"og:title\" content=\"Histoire - Parvilla Investissements\" \/>\n<meta property=\"og:description\" content=\"Parvilla Investissements est une SAS cre\u0301e\u0301e en 2006 par Jean-Marie FABRE avec pour vocation d\u2019investir en Private Equity, me\u0301tier d\u2019origine de son fondateur.\" \/>\n<meta property=\"og:url\" content=\"https:\/\/www.parvilla-invest.fr\/fr\/histoire\/\" \/>\n<meta property=\"og:site_name\" content=\"Parvilla Investissements\" \/>\n<meta property=\"article:modified_time\" content=\"2020-10-28T14:46:58+00:00\" \/>\n<meta property=\"og:image\" content=\"https:\/\/www.parvilla-invest.fr\/wp-content\/uploads\/2020\/02\/iStock-92518755.jpg\" \/>\n\t<meta property=\"og:image:width\" content=\"1280\" \/>\n\t<meta property=\"og:image:height\" content=\"541\" \/>\n\t<meta property=\"og:image:type\" content=\"image\/jpeg\" \/>\n<meta name=\"twitter:card\" content=\"summary_large_image\" \/>\n<meta name=\"twitter:label1\" content=\"Dur\u00e9e de lecture estim\u00e9e\" \/>\n\t<meta name=\"twitter:data1\" content=\"1 minute\" \/>\n<script type=\"application\/ld+json\" class=\"yoast-schema-graph\">{\"@context\":\"https:\/\/schema.org\",\"@graph\":[{\"@type\":\"WebPage\",\"@id\":\"https:\/\/www.parvilla-invest.fr\/fr\/histoire\/\",\"url\":\"https:\/\/www.parvilla-invest.fr\/fr\/histoire\/\",\"name\":\"Histoire - Parvilla Investissements\",\"isPartOf\":{\"@id\":\"https:\/\/www.parvilla-invest.fr\/fr\/#website\"},\"primaryImageOfPage\":{\"@id\":\"https:\/\/www.parvilla-invest.fr\/fr\/histoire\/#primaryimage\"},\"image\":{\"@id\":\"https:\/\/www.parvilla-invest.fr\/fr\/histoire\/#primaryimage\"},\"thumbnailUrl\":\"https:\/\/www.parvilla-invest.fr\/wp-content\/uploads\/2020\/02\/iStock-92518755.jpg\",\"datePublished\":\"2020-02-02T19:09:18+00:00\",\"dateModified\":\"2020-10-28T14:46:58+00:00\",\"description\":\"Parvilla Investissements est une SAS cre\u0301e\u0301e en 2006 par Jean-Marie FABRE avec pour vocation d\u2019investir en Private Equity, me\u0301tier d\u2019origine de son fondateur.\",\"breadcrumb\":{\"@id\":\"https:\/\/www.parvilla-invest.fr\/fr\/histoire\/#breadcrumb\"},\"inLanguage\":\"fr-FR\",\"potentialAction\":[{\"@type\":\"ReadAction\",\"target\":[\"https:\/\/www.parvilla-invest.fr\/fr\/histoire\/\"]}]},{\"@type\":\"ImageObject\",\"inLanguage\":\"fr-FR\",\"@id\":\"https:\/\/www.parvilla-invest.fr\/fr\/histoire\/#primaryimage\",\"url\":\"https:\/\/www.parvilla-invest.fr\/wp-content\/uploads\/2020\/02\/iStock-92518755.jpg\",\"contentUrl\":\"https:\/\/www.parvilla-invest.fr\/wp-content\/uploads\/2020\/02\/iStock-92518755.jpg\",\"width\":1280,\"height\":541},{\"@type\":\"BreadcrumbList\",\"@id\":\"https:\/\/www.parvilla-invest.fr\/fr\/histoire\/#breadcrumb\",\"itemListElement\":[{\"@type\":\"ListItem\",\"position\":1,\"name\":\"Home\",\"item\":\"https:\/\/www.parvilla-invest.fr\/fr\/\"},{\"@type\":\"ListItem\",\"position\":2,\"name\":\"Histoire\"}]},{\"@type\":\"WebSite\",\"@id\":\"https:\/\/www.parvilla-invest.fr\/fr\/#website\",\"url\":\"https:\/\/www.parvilla-invest.fr\/fr\/\",\"name\":\"Parvilla Investissements\",\"description\":\"Soci\u00e9t\u00e9 d&#039;investissement d\u00e9di\u00e9e au Private Equity\",\"publisher\":{\"@id\":\"https:\/\/www.parvilla-invest.fr\/fr\/#organization\"},\"potentialAction\":[{\"@type\":\"SearchAction\",\"target\":{\"@type\":\"EntryPoint\",\"urlTemplate\":\"https:\/\/www.parvilla-invest.fr\/fr\/?s={search_term_string}\"},\"query-input\":{\"@type\":\"PropertyValueSpecification\",\"valueRequired\":true,\"valueName\":\"search_term_string\"}}],\"inLanguage\":\"fr-FR\"},{\"@type\":\"Organization\",\"@id\":\"https:\/\/www.parvilla-invest.fr\/fr\/#organization\",\"name\":\"Parvilla Invest\",\"url\":\"https:\/\/www.parvilla-invest.fr\/fr\/\",\"logo\":{\"@type\":\"ImageObject\",\"inLanguage\":\"fr-FR\",\"@id\":\"https:\/\/www.parvilla-invest.fr\/fr\/#\/schema\/logo\/image\/\",\"url\":\"https:\/\/www.parvilla-invest.fr\/wp-content\/uploads\/2020\/01\/logo-1.jpg\",\"contentUrl\":\"https:\/\/www.parvilla-invest.fr\/wp-content\/uploads\/2020\/01\/logo-1.jpg\",\"width\":235,\"height\":59,\"caption\":\"Parvilla Invest\"},\"image\":{\"@id\":\"https:\/\/www.parvilla-invest.fr\/fr\/#\/schema\/logo\/image\/\"}}]}<\/script>\n<!-- \/ Yoast SEO plugin. -->","yoast_head_json":{"title":"Histoire - Parvilla Investissements","description":"Parvilla Investissements est une SAS cre\u0301e\u0301e en 2006 par Jean-Marie FABRE avec pour vocation d\u2019investir en Private Equity, me\u0301tier d\u2019origine de son fondateur.","robots":{"index":"index","follow":"follow","max-snippet":"max-snippet:-1","max-image-preview":"max-image-preview:large","max-video-preview":"max-video-preview:-1"},"canonical":"https:\/\/www.parvilla-invest.fr\/fr\/histoire\/","og_locale":"fr_FR","og_type":"article","og_title":"Histoire - Parvilla Investissements","og_description":"Parvilla Investissements est une SAS cre\u0301e\u0301e en 2006 par Jean-Marie FABRE avec pour vocation d\u2019investir en Private Equity, me\u0301tier d\u2019origine de son fondateur.","og_url":"https:\/\/www.parvilla-invest.fr\/fr\/histoire\/","og_site_name":"Parvilla Investissements","article_modified_time":"2020-10-28T14:46:58+00:00","og_image":[{"width":1280,"height":541,"url":"https:\/\/www.parvilla-invest.fr\/wp-content\/uploads\/2020\/02\/iStock-92518755.jpg","type":"image\/jpeg"}],"twitter_card":"summary_large_image","twitter_misc":{"Dur\u00e9e de lecture estim\u00e9e":"1 minute"},"schema":{"@context":"https:\/\/schema.org","@graph":[{"@type":"WebPage","@id":"https:\/\/www.parvilla-invest.fr\/fr\/histoire\/","url":"https:\/\/www.parvilla-invest.fr\/fr\/histoire\/","name":"Histoire - Parvilla Investissements","isPartOf":{"@id":"https:\/\/www.parvilla-invest.fr\/fr\/#website"},"primaryImageOfPage":{"@id":"https:\/\/www.parvilla-invest.fr\/fr\/histoire\/#primaryimage"},"image":{"@id":"https:\/\/www.parvilla-invest.fr\/fr\/histoire\/#primaryimage"},"thumbnailUrl":"https:\/\/www.parvilla-invest.fr\/wp-content\/uploads\/2020\/02\/iStock-92518755.jpg","datePublished":"2020-02-02T19:09:18+00:00","dateModified":"2020-10-28T14:46:58+00:00","description":"Parvilla Investissements est une SAS cre\u0301e\u0301e en 2006 par Jean-Marie FABRE avec pour vocation d\u2019investir en Private Equity, me\u0301tier d\u2019origine de son fondateur.","breadcrumb":{"@id":"https:\/\/www.parvilla-invest.fr\/fr\/histoire\/#breadcrumb"},"inLanguage":"fr-FR","potentialAction":[{"@type":"ReadAction","target":["https:\/\/www.parvilla-invest.fr\/fr\/histoire\/"]}]},{"@type":"ImageObject","inLanguage":"fr-FR","@id":"https:\/\/www.parvilla-invest.fr\/fr\/histoire\/#primaryimage","url":"https:\/\/www.parvilla-invest.fr\/wp-content\/uploads\/2020\/02\/iStock-92518755.jpg","contentUrl":"https:\/\/www.parvilla-invest.fr\/wp-content\/uploads\/2020\/02\/iStock-92518755.jpg","width":1280,"height":541},{"@type":"BreadcrumbList","@id":"https:\/\/www.parvilla-invest.fr\/fr\/histoire\/#breadcrumb","itemListElement":[{"@type":"ListItem","position":1,"name":"Home","item":"https:\/\/www.parvilla-invest.fr\/fr\/"},{"@type":"ListItem","position":2,"name":"Histoire"}]},{"@type":"WebSite","@id":"https:\/\/www.parvilla-invest.fr\/fr\/#website","url":"https:\/\/www.parvilla-invest.fr\/fr\/","name":"Parvilla Investissements","description":"Soci\u00e9t\u00e9 d&#039;investissement d\u00e9di\u00e9e au Private Equity","publisher":{"@id":"https:\/\/www.parvilla-invest.fr\/fr\/#organization"},"potentialAction":[{"@type":"SearchAction","target":{"@type":"EntryPoint","urlTemplate":"https:\/\/www.parvilla-invest.fr\/fr\/?s={search_term_string}"},"query-input":{"@type":"PropertyValueSpecification","valueRequired":true,"valueName":"search_term_string"}}],"inLanguage":"fr-FR"},{"@type":"Organization","@id":"https:\/\/www.parvilla-invest.fr\/fr\/#organization","name":"Parvilla Invest","url":"https:\/\/www.parvilla-invest.fr\/fr\/","logo":{"@type":"ImageObject","inLanguage":"fr-FR","@id":"https:\/\/www.parvilla-invest.fr\/fr\/#\/schema\/logo\/image\/","url":"https:\/\/www.parvilla-invest.fr\/wp-content\/uploads\/2020\/01\/logo-1.jpg","contentUrl":"https:\/\/www.parvilla-invest.fr\/wp-content\/uploads\/2020\/01\/logo-1.jpg","width":235,"height":59,"caption":"Parvilla Invest"},"image":{"@id":"https:\/\/www.parvilla-invest.fr\/fr\/#\/schema\/logo\/image\/"}}]}},"_links":{"self":[{"href":"https:\/\/www.parvilla-invest.fr\/fr\/wp-json\/wp\/v2\/pages\/920","targetHints":{"allow":["GET"]}}],"collection":[{"href":"https:\/\/www.parvilla-invest.fr\/fr\/wp-json\/wp\/v2\/pages"}],"about":[{"href":"https:\/\/www.parvilla-invest.fr\/fr\/wp-json\/wp\/v2\/types\/page"}],"author":[{"embeddable":true,"href":"https:\/\/www.parvilla-invest.fr\/fr\/wp-json\/wp\/v2\/users\/1"}],"replies":[{"embeddable":true,"href":"https:\/\/www.parvilla-invest.fr\/fr\/wp-json\/wp\/v2\/comments?post=920"}],"version-history":[{"count":5,"href":"https:\/\/www.parvilla-invest.fr\/fr\/wp-json\/wp\/v2\/pages\/920\/revisions"}],"predecessor-version":[{"id":1246,"href":"https:\/\/www.parvilla-invest.fr\/fr\/wp-json\/wp\/v2\/pages\/920\/revisions\/1246"}],"wp:featuredmedia":[{"embeddable":true,"href":"https:\/\/www.parvilla-invest.fr\/fr\/wp-json\/wp\/v2\/media\/1146"}],"wp:attachment":[{"href":"https:\/\/www.parvilla-invest.fr\/fr\/wp-json\/wp\/v2\/media?parent=920"}],"curies":[{"name":"wp","href":"https:\/\/api.w.org\/{rel}","templated":true}]}}