{"id":922,"date":"2020-02-02T20:10:17","date_gmt":"2020-02-02T19:10:17","guid":{"rendered":"https:\/\/www.parvilla-invest.fr\/?page_id=922"},"modified":"2020-03-20T20:20:33","modified_gmt":"2020-03-20T19:20:33","slug":"activite","status":"publish","type":"page","link":"https:\/\/www.parvilla-invest.fr\/fr\/activite\/","title":{"rendered":"Activit\u00e9"},"content":{"rendered":"<div class=\"wpb-content-wrapper\"><p>[vc_row][vc_column][vc_column_text]Parvilla Investissements est une soci\u00e9t\u00e9\u0301 d\u2019investissement totalement d\u00e9di\u00e9e au Private Equity en Europe Occidentale.<\/p>\n<p>La soci\u00e9t\u00e9 investit :<br \/>\n&#8211; en LBO (70% de ses investissements) quasi exclusivement dans le small lower mid-market \u00e0 la fois dans des fonds et en co-investissements<br \/>\n&#8211; dans des fonds Venture\/Sciences de la Vie (30% des investissements)<\/p>\n<p>D\u2019un point de vue g\u00e9ographique, Parvilla Investissements intervient en France et dans la partie Nord de l\u2019Europe (Royaume Uni, Allemagne, Suisse, B\u00e9n\u00e9lux, Europe du Nord) et marginalement en Espagne.<\/p>\n<p>En Buy-Out, Parvilla Investissements investit dans des fonds ou en co-investissements. Parvilla Investissements investit aupr\u00e8s de GPs bien \u00e9tablis et avec lesquels il entretient une relation de confiance mais s\u2019engage \u00e9galement dans des first-time Funds ou en co-investissement classique et dans des op\u00e9rations deal-by-deal.<\/p>\n<p>[\/vc_column_text][\/vc_column][\/vc_row]<\/p>\n<\/div>","protected":false},"excerpt":{"rendered":"<p>[vc_row][vc_column][vc_column_text]Parvilla Investissements est une soci\u00e9t\u00e9\u0301 d\u2019investissement totalement d\u00e9di\u00e9e au Private Equity en Europe Occidentale. La soci\u00e9t\u00e9 investit : &#8211; en LBO (70% de ses investissements) quasi exclusivement dans le small lower mid-market \u00e0 la fois dans des fonds et en co-investissements &#8211; dans des fonds Venture\/Sciences de la Vie (30% des investissements) D\u2019un point de [&hellip;]<\/p>\n","protected":false},"author":1,"featured_media":974,"parent":0,"menu_order":200,"comment_status":"closed","ping_status":"closed","template":"","meta":{"footnotes":""},"class_list":["post-922","page","type-page","status-publish","has-post-thumbnail","hentry"],"yoast_head":"<!-- This site is optimized with the Yoast SEO plugin v26.8 - https:\/\/yoast.com\/product\/yoast-seo-wordpress\/ -->\n<title>Activit\u00e9 - Parvilla Investissements<\/title>\n<meta name=\"description\" content=\"Parvilla Investissements, d\u00e9di\u00e9e au Private Equity en Europe Occidentale, investit en LBO et dans des fonds Venture\/Sciences de la Vie.\" \/>\n<meta name=\"robots\" content=\"index, follow, max-snippet:-1, max-image-preview:large, max-video-preview:-1\" \/>\n<link rel=\"canonical\" href=\"https:\/\/www.parvilla-invest.fr\/fr\/activite\/\" \/>\n<meta property=\"og:locale\" content=\"fr_FR\" \/>\n<meta property=\"og:type\" content=\"article\" \/>\n<meta property=\"og:title\" content=\"Activit\u00e9 - Parvilla Investissements\" \/>\n<meta property=\"og:description\" content=\"Parvilla Investissements, d\u00e9di\u00e9e au Private Equity en Europe Occidentale, investit en LBO et dans des fonds Venture\/Sciences de la Vie.\" \/>\n<meta property=\"og:url\" content=\"https:\/\/www.parvilla-invest.fr\/fr\/activite\/\" \/>\n<meta property=\"og:site_name\" content=\"Parvilla Investissements\" \/>\n<meta property=\"article:modified_time\" content=\"2020-03-20T19:20:33+00:00\" \/>\n<meta property=\"og:image\" content=\"https:\/\/www.parvilla-invest.fr\/wp-content\/uploads\/2020\/02\/AdobeStock_300380500.jpg\" \/>\n\t<meta property=\"og:image:width\" content=\"2048\" \/>\n\t<meta property=\"og:image:height\" content=\"1365\" \/>\n\t<meta property=\"og:image:type\" content=\"image\/jpeg\" \/>\n<meta name=\"twitter:card\" content=\"summary_large_image\" \/>\n<meta name=\"twitter:label1\" content=\"Dur\u00e9e de lecture estim\u00e9e\" \/>\n\t<meta name=\"twitter:data1\" content=\"1 minute\" \/>\n<script type=\"application\/ld+json\" class=\"yoast-schema-graph\">{\"@context\":\"https:\/\/schema.org\",\"@graph\":[{\"@type\":\"WebPage\",\"@id\":\"https:\/\/www.parvilla-invest.fr\/fr\/activite\/\",\"url\":\"https:\/\/www.parvilla-invest.fr\/fr\/activite\/\",\"name\":\"Activit\u00e9 - Parvilla Investissements\",\"isPartOf\":{\"@id\":\"https:\/\/www.parvilla-invest.fr\/fr\/#website\"},\"primaryImageOfPage\":{\"@id\":\"https:\/\/www.parvilla-invest.fr\/fr\/activite\/#primaryimage\"},\"image\":{\"@id\":\"https:\/\/www.parvilla-invest.fr\/fr\/activite\/#primaryimage\"},\"thumbnailUrl\":\"https:\/\/www.parvilla-invest.fr\/wp-content\/uploads\/2020\/02\/AdobeStock_300380500.jpg\",\"datePublished\":\"2020-02-02T19:10:17+00:00\",\"dateModified\":\"2020-03-20T19:20:33+00:00\",\"description\":\"Parvilla Investissements, d\u00e9di\u00e9e au Private Equity en Europe Occidentale, investit en LBO et dans des fonds Venture\/Sciences de la Vie.\",\"breadcrumb\":{\"@id\":\"https:\/\/www.parvilla-invest.fr\/fr\/activite\/#breadcrumb\"},\"inLanguage\":\"fr-FR\",\"potentialAction\":[{\"@type\":\"ReadAction\",\"target\":[\"https:\/\/www.parvilla-invest.fr\/fr\/activite\/\"]}]},{\"@type\":\"ImageObject\",\"inLanguage\":\"fr-FR\",\"@id\":\"https:\/\/www.parvilla-invest.fr\/fr\/activite\/#primaryimage\",\"url\":\"https:\/\/www.parvilla-invest.fr\/wp-content\/uploads\/2020\/02\/AdobeStock_300380500.jpg\",\"contentUrl\":\"https:\/\/www.parvilla-invest.fr\/wp-content\/uploads\/2020\/02\/AdobeStock_300380500.jpg\",\"width\":2048,\"height\":1365},{\"@type\":\"BreadcrumbList\",\"@id\":\"https:\/\/www.parvilla-invest.fr\/fr\/activite\/#breadcrumb\",\"itemListElement\":[{\"@type\":\"ListItem\",\"position\":1,\"name\":\"Home\",\"item\":\"https:\/\/www.parvilla-invest.fr\/fr\/\"},{\"@type\":\"ListItem\",\"position\":2,\"name\":\"Activit\u00e9\"}]},{\"@type\":\"WebSite\",\"@id\":\"https:\/\/www.parvilla-invest.fr\/fr\/#website\",\"url\":\"https:\/\/www.parvilla-invest.fr\/fr\/\",\"name\":\"Parvilla Investissements\",\"description\":\"Soci\u00e9t\u00e9 d&#039;investissement d\u00e9di\u00e9e au Private Equity\",\"publisher\":{\"@id\":\"https:\/\/www.parvilla-invest.fr\/fr\/#organization\"},\"potentialAction\":[{\"@type\":\"SearchAction\",\"target\":{\"@type\":\"EntryPoint\",\"urlTemplate\":\"https:\/\/www.parvilla-invest.fr\/fr\/?s={search_term_string}\"},\"query-input\":{\"@type\":\"PropertyValueSpecification\",\"valueRequired\":true,\"valueName\":\"search_term_string\"}}],\"inLanguage\":\"fr-FR\"},{\"@type\":\"Organization\",\"@id\":\"https:\/\/www.parvilla-invest.fr\/fr\/#organization\",\"name\":\"Parvilla Invest\",\"url\":\"https:\/\/www.parvilla-invest.fr\/fr\/\",\"logo\":{\"@type\":\"ImageObject\",\"inLanguage\":\"fr-FR\",\"@id\":\"https:\/\/www.parvilla-invest.fr\/fr\/#\/schema\/logo\/image\/\",\"url\":\"https:\/\/www.parvilla-invest.fr\/wp-content\/uploads\/2020\/01\/logo-1.jpg\",\"contentUrl\":\"https:\/\/www.parvilla-invest.fr\/wp-content\/uploads\/2020\/01\/logo-1.jpg\",\"width\":235,\"height\":59,\"caption\":\"Parvilla Invest\"},\"image\":{\"@id\":\"https:\/\/www.parvilla-invest.fr\/fr\/#\/schema\/logo\/image\/\"}}]}<\/script>\n<!-- \/ Yoast SEO plugin. -->","yoast_head_json":{"title":"Activit\u00e9 - Parvilla Investissements","description":"Parvilla Investissements, d\u00e9di\u00e9e au Private Equity en Europe Occidentale, investit en LBO et dans des fonds Venture\/Sciences de la Vie.","robots":{"index":"index","follow":"follow","max-snippet":"max-snippet:-1","max-image-preview":"max-image-preview:large","max-video-preview":"max-video-preview:-1"},"canonical":"https:\/\/www.parvilla-invest.fr\/fr\/activite\/","og_locale":"fr_FR","og_type":"article","og_title":"Activit\u00e9 - Parvilla Investissements","og_description":"Parvilla Investissements, d\u00e9di\u00e9e au Private Equity en Europe Occidentale, investit en LBO et dans des fonds Venture\/Sciences de la Vie.","og_url":"https:\/\/www.parvilla-invest.fr\/fr\/activite\/","og_site_name":"Parvilla Investissements","article_modified_time":"2020-03-20T19:20:33+00:00","og_image":[{"width":2048,"height":1365,"url":"https:\/\/www.parvilla-invest.fr\/wp-content\/uploads\/2020\/02\/AdobeStock_300380500.jpg","type":"image\/jpeg"}],"twitter_card":"summary_large_image","twitter_misc":{"Dur\u00e9e de lecture estim\u00e9e":"1 minute"},"schema":{"@context":"https:\/\/schema.org","@graph":[{"@type":"WebPage","@id":"https:\/\/www.parvilla-invest.fr\/fr\/activite\/","url":"https:\/\/www.parvilla-invest.fr\/fr\/activite\/","name":"Activit\u00e9 - Parvilla Investissements","isPartOf":{"@id":"https:\/\/www.parvilla-invest.fr\/fr\/#website"},"primaryImageOfPage":{"@id":"https:\/\/www.parvilla-invest.fr\/fr\/activite\/#primaryimage"},"image":{"@id":"https:\/\/www.parvilla-invest.fr\/fr\/activite\/#primaryimage"},"thumbnailUrl":"https:\/\/www.parvilla-invest.fr\/wp-content\/uploads\/2020\/02\/AdobeStock_300380500.jpg","datePublished":"2020-02-02T19:10:17+00:00","dateModified":"2020-03-20T19:20:33+00:00","description":"Parvilla Investissements, d\u00e9di\u00e9e au Private Equity en Europe Occidentale, investit en LBO et dans des fonds Venture\/Sciences de la Vie.","breadcrumb":{"@id":"https:\/\/www.parvilla-invest.fr\/fr\/activite\/#breadcrumb"},"inLanguage":"fr-FR","potentialAction":[{"@type":"ReadAction","target":["https:\/\/www.parvilla-invest.fr\/fr\/activite\/"]}]},{"@type":"ImageObject","inLanguage":"fr-FR","@id":"https:\/\/www.parvilla-invest.fr\/fr\/activite\/#primaryimage","url":"https:\/\/www.parvilla-invest.fr\/wp-content\/uploads\/2020\/02\/AdobeStock_300380500.jpg","contentUrl":"https:\/\/www.parvilla-invest.fr\/wp-content\/uploads\/2020\/02\/AdobeStock_300380500.jpg","width":2048,"height":1365},{"@type":"BreadcrumbList","@id":"https:\/\/www.parvilla-invest.fr\/fr\/activite\/#breadcrumb","itemListElement":[{"@type":"ListItem","position":1,"name":"Home","item":"https:\/\/www.parvilla-invest.fr\/fr\/"},{"@type":"ListItem","position":2,"name":"Activit\u00e9"}]},{"@type":"WebSite","@id":"https:\/\/www.parvilla-invest.fr\/fr\/#website","url":"https:\/\/www.parvilla-invest.fr\/fr\/","name":"Parvilla Investissements","description":"Soci\u00e9t\u00e9 d&#039;investissement d\u00e9di\u00e9e au Private Equity","publisher":{"@id":"https:\/\/www.parvilla-invest.fr\/fr\/#organization"},"potentialAction":[{"@type":"SearchAction","target":{"@type":"EntryPoint","urlTemplate":"https:\/\/www.parvilla-invest.fr\/fr\/?s={search_term_string}"},"query-input":{"@type":"PropertyValueSpecification","valueRequired":true,"valueName":"search_term_string"}}],"inLanguage":"fr-FR"},{"@type":"Organization","@id":"https:\/\/www.parvilla-invest.fr\/fr\/#organization","name":"Parvilla Invest","url":"https:\/\/www.parvilla-invest.fr\/fr\/","logo":{"@type":"ImageObject","inLanguage":"fr-FR","@id":"https:\/\/www.parvilla-invest.fr\/fr\/#\/schema\/logo\/image\/","url":"https:\/\/www.parvilla-invest.fr\/wp-content\/uploads\/2020\/01\/logo-1.jpg","contentUrl":"https:\/\/www.parvilla-invest.fr\/wp-content\/uploads\/2020\/01\/logo-1.jpg","width":235,"height":59,"caption":"Parvilla Invest"},"image":{"@id":"https:\/\/www.parvilla-invest.fr\/fr\/#\/schema\/logo\/image\/"}}]}},"_links":{"self":[{"href":"https:\/\/www.parvilla-invest.fr\/fr\/wp-json\/wp\/v2\/pages\/922","targetHints":{"allow":["GET"]}}],"collection":[{"href":"https:\/\/www.parvilla-invest.fr\/fr\/wp-json\/wp\/v2\/pages"}],"about":[{"href":"https:\/\/www.parvilla-invest.fr\/fr\/wp-json\/wp\/v2\/types\/page"}],"author":[{"embeddable":true,"href":"https:\/\/www.parvilla-invest.fr\/fr\/wp-json\/wp\/v2\/users\/1"}],"replies":[{"embeddable":true,"href":"https:\/\/www.parvilla-invest.fr\/fr\/wp-json\/wp\/v2\/comments?post=922"}],"version-history":[{"count":7,"href":"https:\/\/www.parvilla-invest.fr\/fr\/wp-json\/wp\/v2\/pages\/922\/revisions"}],"predecessor-version":[{"id":1209,"href":"https:\/\/www.parvilla-invest.fr\/fr\/wp-json\/wp\/v2\/pages\/922\/revisions\/1209"}],"wp:featuredmedia":[{"embeddable":true,"href":"https:\/\/www.parvilla-invest.fr\/fr\/wp-json\/wp\/v2\/media\/974"}],"wp:attachment":[{"href":"https:\/\/www.parvilla-invest.fr\/fr\/wp-json\/wp\/v2\/media?parent=922"}],"curies":[{"name":"wp","href":"https:\/\/api.w.org\/{rel}","templated":true}]}}