{"id":926,"date":"2020-02-02T20:14:52","date_gmt":"2020-02-02T19:14:52","guid":{"rendered":"https:\/\/www.parvilla-invest.fr\/?page_id=926"},"modified":"2026-03-12T13:35:25","modified_gmt":"2026-03-12T12:35:25","slug":"co-investissements","status":"publish","type":"page","link":"https:\/\/www.parvilla-invest.fr\/fr\/co-investissements\/","title":{"rendered":"Co-investissements"},"content":{"rendered":"<div class=\"wpb-content-wrapper\"><p>[vc_row class=&#8221;tablecustomcss&#8221;][vc_column][vc_column_text css=&#8221;&#8221;]<\/p>\n<table style=\"margin-bottom: 10px;\">\n<tbody>\n<tr>\n<td class=\"blue\" colspan=\"4\">C\u00e9d\u00e9<\/td>\n<\/tr>\n<tr class=\"border-bottom\">\n<td style=\"width: 150px;\"><img decoding=\"async\" src=\"https:\/\/www.parvilla-invest.fr\/wp-content\/uploads\/2020\/02\/logo9-1.jpg\" \/><\/p>\n<p style=\"text-align: center;\"><span style=\"color: #254f9d;\"><strong>Garavilla<\/strong><\/span><\/p>\n<\/td>\n<td style=\"width: 130px;\"><span style=\"color: #254f9d;\"><strong>Secteur :<\/strong><\/span><br \/>\nAgroalimentaire<\/td>\n<td style=\"width: 190px;\"><span style=\"color: #254f9d;\"><strong>Ann\u00e9e d\u2019engagement : <\/strong><\/span>2010<\/td>\n<td><span style=\"color: #254f9d;\"><strong>Activit\u00e9 : <\/strong><\/span>Garavilla produit et commercialise des conserves de poissons, principalement du thon, sous la marque Isabel, et sous marque de distributeur (MDD).<\/td>\n<\/tr>\n<\/tbody>\n<\/table>\n<table>\n<tbody>\n<tr>\n<td class=\"blue\" colspan=\"4\">En portefeuille<\/td>\n<\/tr>\n<tr class=\"border-bottom\">\n<td style=\"width: 150px;\"><img decoding=\"async\" src=\"https:\/\/www.parvilla-invest.fr\/wp-content\/uploads\/2020\/02\/logo10.jpg\" \/><\/p>\n<p style=\"text-align: center;\"><span style=\"color: #254f9d;\"><strong>Kama<\/strong><\/span><\/p>\n<\/td>\n<td style=\"width: 130px;\"><span style=\"color: #254f9d;\"><strong>Secteur :<\/strong><\/span><br \/>\nBiens industriels<\/td>\n<td style=\"width: 190px;\"><span style=\"color: #254f9d;\"><strong>Ann\u00e9e d\u2019engagement : <\/strong><\/span>2018<\/td>\n<td><span style=\"color: #254f9d;\"><strong>Activit\u00e9 : <\/strong><\/span>Kama con\u00e7oit, fabrique et commercialise des machines destin\u00e9es \u00e0 la d\u00e9coupe, \u00e0 l\u2019ennoblissement, ainsi qu\u2019au pliage et collage de d\u2019emballages cartonn\u00e9s principalement destin\u00e9es aux petites s\u00e9ries.<\/td>\n<\/tr>\n<tr class=\"border-bottom\">\n<td style=\"width: 150px;\"><img decoding=\"async\" src=\"https:\/\/www.parvilla-invest.fr\/wp-content\/uploads\/2020\/02\/logo11.jpg\" \/><\/p>\n<p style=\"text-align: center;\"><span style=\"color: #254f9d;\"><strong>Litalsa<\/strong><\/span><\/p>\n<\/td>\n<td style=\"width: 130px;\"><span style=\"color: #254f9d;\"><strong>Secteur :<\/strong><\/span><br \/>\nBiens industriels<\/td>\n<td style=\"width: 190px;\"><span style=\"color: #254f9d;\"><strong>Ann\u00e9e d\u2019engagement : <\/strong><\/span>2018<\/td>\n<td><span style=\"color: #254f9d;\"><strong>Activit\u00e9 : <\/strong><\/span>Litalsa est l\u2019un des leaders europ\u00e9ens en mati\u00e8re de vernissage et d\u2019impression de boites m\u00e9talliques \u00e0 destination de l\u2019industrie alimentaire.<\/td>\n<\/tr>\n<tr class=\"border-bottom\">\n<td style=\"width: 150px;\"><img decoding=\"async\" src=\"https:\/\/www.parvilla-invest.fr\/wp-content\/uploads\/2020\/02\/logo13.jpg\" \/><\/p>\n<p style=\"text-align: center;\"><span style=\"color: #254f9d;\"><strong>Vulcain<br \/>\nVia un ve\u0301hicule ge\u0301re\u0301 par Nixen<\/strong><\/span><\/p>\n<\/td>\n<td style=\"width: 130px;\"><span style=\"color: #254f9d;\"><strong>Secteur :<\/strong><\/span><br \/>\nService aux entreprises<\/td>\n<td style=\"width: 190px;\"><span style=\"color: #254f9d;\"><strong>Ann\u00e9e d\u2019engagement : <\/strong><\/span>2019<\/td>\n<td><span style=\"color: #254f9d;\"><strong>Activit\u00e9 : <\/strong><\/span>Vulcain met des ing\u00e9nieurs de haut niveau \u00e0 disposition d\u2019entreprises de secteurs tr\u00e8s technologiques (nucl\u00e9aire, pharmacie, transports, a\u00e9ronautique, \u00e9nergies renouvelables).<\/td>\n<\/tr>\n<tr class=\"border-bottom\">\n<td style=\"width: 150px;\"><img decoding=\"async\" class=\"aligncenter\" src=\"https:\/\/www.parvilla-invest.fr\/wp-content\/uploads\/2021\/08\/logo12111.jpg\" \/><\/p>\n<p style=\"text-align: center;\"><span style=\"color: #254f9d;\"><strong>Xpath<br \/>\nVia un ve\u0301hicule ge\u0301re\u0301 par Techlife Capital<br \/>\n<\/strong><\/span><\/p>\n<\/td>\n<td style=\"width: 130px;\"><span style=\"color: #254f9d;\"><strong>Secteur :<\/strong><\/span><br \/>\nSant\u00e9 et Technologie<\/td>\n<td style=\"width: 190px;\"><span style=\"color: #254f9d;\"><strong>Ann\u00e9e d\u2019engagement : <\/strong><\/span>2021<\/td>\n<td><span style=\"color: #254f9d;\"><strong>Activit\u00e9 : <\/strong><\/span>Xpath est la plateforme de consolidation en diagnostic cancer.<\/td>\n<\/tr>\n<tr class=\"border-bottom\">\n<td style=\"width: 150px;\"><img decoding=\"async\" class=\"aligncenter\" src=\"https:\/\/www.parvilla-invest.fr\/wp-content\/uploads\/2022\/01\/capiton-.jpg\" \/><\/p>\n<p style=\"text-align: center;\"><span style=\"color: #254f9d;\"><strong>Capiton Quantum<br \/>\nVia un ve\u0301hicule ge\u0301re\u0301 par Capiton<br \/>\n<\/strong><\/span><\/p>\n<\/td>\n<td style=\"width: 130px;\"><span style=\"color: #254f9d;\"><strong>Secteur :<\/strong><\/span><br \/>\nBuyout<\/td>\n<td style=\"width: 190px;\"><span style=\"color: #254f9d;\"><strong>Ann\u00e9e d\u2019engagement : <\/strong><\/span>2023<\/td>\n<td><span style=\"color: #254f9d;\"><strong>Activit\u00e9 : <\/strong><\/span> Investissement via Quantum g\u00e9r\u00e9 par capiton dans deux soci\u00e9t\u00e9s\u00a0:<br \/>\n&#8211; <strong>Raith<\/strong> : Conception et fabrication de machines pour la fabrication de semi-conducteurs<br \/>\n&#8211; <strong>AEMTEC<\/strong> : prestation de services pour la conception, la fabrication et maintenance de circuits int\u00e9gr\u00e9s complexes en particulier opto\u00e9lectronique.<\/td>\n<\/tr>\n<tr class=\"border-bottom\">\n<td style=\"width: 150px;\"><img decoding=\"async\" class=\"aligncenter\" src=\"https:\/\/www.parvilla-invest.fr\/wp-content\/uploads\/2024\/01\/neoxam.jpg\" \/><\/p>\n<p style=\"text-align: center;\"><span style=\"color: #254f9d;\"><strong>NeoXam<br \/>\nVia un v\u00e9hicule g\u00e9r\u00e9 par Eurazeo PME<br \/>\n<\/strong><\/span><\/p>\n<\/td>\n<td style=\"width: 130px;\"><span style=\"color: #254f9d;\"><strong>Secteur :<\/strong><\/span><br \/>\nTech<\/td>\n<td style=\"width: 190px;\"><span style=\"color: #254f9d;\"><strong>Ann\u00e9e d\u2019engagement : <\/strong><\/span>2023<\/td>\n<td><span style=\"color: #254f9d;\"><strong>Activit\u00e9 : <\/strong><\/span> NeoXam produit un logiciel \u201cfront-to-back office\u201d destin\u00e9 \u00e0 des institutions financi\u00e8res avec une offre centr\u00e9e autour de 4 solutions : Comptabilit\u00e9 des placements, Gestion de portefeuille, Reporting et Gestion de Donn\u00e9es.<\/td>\n<\/tr>\n<tr class=\"border-bottom\">\n<td style=\"width: 150px;\"><img decoding=\"async\" class=\"aligncenter\" src=\"https:\/\/www.parvilla-invest.fr\/wp-content\/uploads\/2024\/01\/EFESO-logo.jpg\" \/><\/p>\n<p style=\"text-align: center;\"><span style=\"color: #254f9d;\"><strong> Efeso<br \/>\nVia un v\u00e9hicule g\u00e9r\u00e9 par Eurazeo PME<br \/>\n<\/strong><\/span><\/p>\n<\/td>\n<td style=\"width: 130px;\"><span style=\"color: #254f9d;\"><strong>Secteur :<\/strong><\/span><br \/>\nConseil aux entreprises<\/td>\n<td style=\"width: 190px;\"><span style=\"color: #254f9d;\"><strong>Ann\u00e9e d\u2019engagement : <\/strong><\/span>2023<\/td>\n<td><span style=\"color: #254f9d;\"><strong>Activit\u00e9 : <\/strong><\/span>EFESO Management Consultants est un groupe de conseil international sp\u00e9cialis\u00e9 dans la strat\u00e9gie et l\u2019am\u00e9lioration des performances en milieu industriel.<\/td>\n<\/tr>\n<\/tbody>\n<\/table>\n<p>[\/vc_column_text][\/vc_column][\/vc_row]<\/p>\n<\/div>","protected":false},"excerpt":{"rendered":"<p>[vc_row class=&#8221;tablecustomcss&#8221;][vc_column][vc_column_text css=&#8221;&#8221;] C\u00e9d\u00e9 Garavilla Secteur : Agroalimentaire Ann\u00e9e d\u2019engagement : 2010 Activit\u00e9 : Garavilla produit et commercialise des conserves de poissons, principalement du thon, sous la marque Isabel, et sous marque de distributeur (MDD). En portefeuille Kama Secteur : Biens industriels Ann\u00e9e d\u2019engagement : 2018 Activit\u00e9 : Kama con\u00e7oit, fabrique et commercialise des machines [&hellip;]<\/p>\n","protected":false},"author":1,"featured_media":974,"parent":0,"menu_order":500,"comment_status":"closed","ping_status":"closed","template":"","meta":{"footnotes":""},"class_list":["post-926","page","type-page","status-publish","has-post-thumbnail","hentry"],"yoast_head":"<!-- This site is optimized with the Yoast SEO plugin v26.8 - https:\/\/yoast.com\/product\/yoast-seo-wordpress\/ -->\n<title>Co-investissements - Parvilla Investissements<\/title>\n<meta name=\"robots\" content=\"index, follow, max-snippet:-1, max-image-preview:large, max-video-preview:-1\" \/>\n<link rel=\"canonical\" href=\"https:\/\/www.parvilla-invest.fr\/fr\/co-investissements\/\" \/>\n<meta property=\"og:locale\" content=\"fr_FR\" \/>\n<meta property=\"og:type\" content=\"article\" \/>\n<meta property=\"og:title\" content=\"Co-investissements - Parvilla Investissements\" \/>\n<meta property=\"og:description\" content=\"[vc_row class=&#8221;tablecustomcss&#8221;][vc_column][vc_column_text css=&#8221;&#8221;] C\u00e9d\u00e9 Garavilla Secteur : Agroalimentaire Ann\u00e9e d\u2019engagement : 2010 Activit\u00e9 : Garavilla produit et commercialise des conserves de poissons, principalement du thon, sous la marque Isabel, et sous marque de distributeur (MDD). En portefeuille Kama Secteur : Biens industriels Ann\u00e9e d\u2019engagement : 2018 Activit\u00e9 : Kama con\u00e7oit, fabrique et commercialise des machines [&hellip;]\" \/>\n<meta property=\"og:url\" content=\"https:\/\/www.parvilla-invest.fr\/fr\/co-investissements\/\" \/>\n<meta property=\"og:site_name\" content=\"Parvilla Investissements\" \/>\n<meta property=\"article:modified_time\" content=\"2026-03-12T12:35:25+00:00\" \/>\n<meta property=\"og:image\" content=\"https:\/\/www.parvilla-invest.fr\/wp-content\/uploads\/2020\/02\/AdobeStock_300380500.jpg\" \/>\n\t<meta property=\"og:image:width\" content=\"2048\" \/>\n\t<meta property=\"og:image:height\" content=\"1365\" \/>\n\t<meta property=\"og:image:type\" content=\"image\/jpeg\" \/>\n<meta name=\"twitter:card\" content=\"summary_large_image\" \/>\n<meta name=\"twitter:label1\" content=\"Dur\u00e9e de lecture estim\u00e9e\" \/>\n\t<meta name=\"twitter:data1\" content=\"4 minutes\" \/>\n<script type=\"application\/ld+json\" class=\"yoast-schema-graph\">{\"@context\":\"https:\/\/schema.org\",\"@graph\":[{\"@type\":\"WebPage\",\"@id\":\"https:\/\/www.parvilla-invest.fr\/fr\/co-investissements\/\",\"url\":\"https:\/\/www.parvilla-invest.fr\/fr\/co-investissements\/\",\"name\":\"Co-investissements - Parvilla Investissements\",\"isPartOf\":{\"@id\":\"https:\/\/www.parvilla-invest.fr\/fr\/#website\"},\"primaryImageOfPage\":{\"@id\":\"https:\/\/www.parvilla-invest.fr\/fr\/co-investissements\/#primaryimage\"},\"image\":{\"@id\":\"https:\/\/www.parvilla-invest.fr\/fr\/co-investissements\/#primaryimage\"},\"thumbnailUrl\":\"https:\/\/www.parvilla-invest.fr\/wp-content\/uploads\/2020\/02\/AdobeStock_300380500.jpg\",\"datePublished\":\"2020-02-02T19:14:52+00:00\",\"dateModified\":\"2026-03-12T12:35:25+00:00\",\"breadcrumb\":{\"@id\":\"https:\/\/www.parvilla-invest.fr\/fr\/co-investissements\/#breadcrumb\"},\"inLanguage\":\"fr-FR\",\"potentialAction\":[{\"@type\":\"ReadAction\",\"target\":[\"https:\/\/www.parvilla-invest.fr\/fr\/co-investissements\/\"]}]},{\"@type\":\"ImageObject\",\"inLanguage\":\"fr-FR\",\"@id\":\"https:\/\/www.parvilla-invest.fr\/fr\/co-investissements\/#primaryimage\",\"url\":\"https:\/\/www.parvilla-invest.fr\/wp-content\/uploads\/2020\/02\/AdobeStock_300380500.jpg\",\"contentUrl\":\"https:\/\/www.parvilla-invest.fr\/wp-content\/uploads\/2020\/02\/AdobeStock_300380500.jpg\",\"width\":2048,\"height\":1365},{\"@type\":\"BreadcrumbList\",\"@id\":\"https:\/\/www.parvilla-invest.fr\/fr\/co-investissements\/#breadcrumb\",\"itemListElement\":[{\"@type\":\"ListItem\",\"position\":1,\"name\":\"Home\",\"item\":\"https:\/\/www.parvilla-invest.fr\/fr\/\"},{\"@type\":\"ListItem\",\"position\":2,\"name\":\"Co-investissements\"}]},{\"@type\":\"WebSite\",\"@id\":\"https:\/\/www.parvilla-invest.fr\/fr\/#website\",\"url\":\"https:\/\/www.parvilla-invest.fr\/fr\/\",\"name\":\"Parvilla Investissements\",\"description\":\"Soci\u00e9t\u00e9 d&#039;investissement d\u00e9di\u00e9e au Private Equity\",\"publisher\":{\"@id\":\"https:\/\/www.parvilla-invest.fr\/fr\/#organization\"},\"potentialAction\":[{\"@type\":\"SearchAction\",\"target\":{\"@type\":\"EntryPoint\",\"urlTemplate\":\"https:\/\/www.parvilla-invest.fr\/fr\/?s={search_term_string}\"},\"query-input\":{\"@type\":\"PropertyValueSpecification\",\"valueRequired\":true,\"valueName\":\"search_term_string\"}}],\"inLanguage\":\"fr-FR\"},{\"@type\":\"Organization\",\"@id\":\"https:\/\/www.parvilla-invest.fr\/fr\/#organization\",\"name\":\"Parvilla Invest\",\"url\":\"https:\/\/www.parvilla-invest.fr\/fr\/\",\"logo\":{\"@type\":\"ImageObject\",\"inLanguage\":\"fr-FR\",\"@id\":\"https:\/\/www.parvilla-invest.fr\/fr\/#\/schema\/logo\/image\/\",\"url\":\"https:\/\/www.parvilla-invest.fr\/wp-content\/uploads\/2020\/01\/logo-1.jpg\",\"contentUrl\":\"https:\/\/www.parvilla-invest.fr\/wp-content\/uploads\/2020\/01\/logo-1.jpg\",\"width\":235,\"height\":59,\"caption\":\"Parvilla Invest\"},\"image\":{\"@id\":\"https:\/\/www.parvilla-invest.fr\/fr\/#\/schema\/logo\/image\/\"}}]}<\/script>\n<!-- \/ Yoast SEO plugin. -->","yoast_head_json":{"title":"Co-investissements - Parvilla Investissements","robots":{"index":"index","follow":"follow","max-snippet":"max-snippet:-1","max-image-preview":"max-image-preview:large","max-video-preview":"max-video-preview:-1"},"canonical":"https:\/\/www.parvilla-invest.fr\/fr\/co-investissements\/","og_locale":"fr_FR","og_type":"article","og_title":"Co-investissements - Parvilla Investissements","og_description":"[vc_row class=&#8221;tablecustomcss&#8221;][vc_column][vc_column_text css=&#8221;&#8221;] C\u00e9d\u00e9 Garavilla Secteur : Agroalimentaire Ann\u00e9e d\u2019engagement : 2010 Activit\u00e9 : Garavilla produit et commercialise des conserves de poissons, principalement du thon, sous la marque Isabel, et sous marque de distributeur (MDD). En portefeuille Kama Secteur : Biens industriels Ann\u00e9e d\u2019engagement : 2018 Activit\u00e9 : Kama con\u00e7oit, fabrique et commercialise des machines [&hellip;]","og_url":"https:\/\/www.parvilla-invest.fr\/fr\/co-investissements\/","og_site_name":"Parvilla Investissements","article_modified_time":"2026-03-12T12:35:25+00:00","og_image":[{"width":2048,"height":1365,"url":"https:\/\/www.parvilla-invest.fr\/wp-content\/uploads\/2020\/02\/AdobeStock_300380500.jpg","type":"image\/jpeg"}],"twitter_card":"summary_large_image","twitter_misc":{"Dur\u00e9e de lecture estim\u00e9e":"4 minutes"},"schema":{"@context":"https:\/\/schema.org","@graph":[{"@type":"WebPage","@id":"https:\/\/www.parvilla-invest.fr\/fr\/co-investissements\/","url":"https:\/\/www.parvilla-invest.fr\/fr\/co-investissements\/","name":"Co-investissements - Parvilla Investissements","isPartOf":{"@id":"https:\/\/www.parvilla-invest.fr\/fr\/#website"},"primaryImageOfPage":{"@id":"https:\/\/www.parvilla-invest.fr\/fr\/co-investissements\/#primaryimage"},"image":{"@id":"https:\/\/www.parvilla-invest.fr\/fr\/co-investissements\/#primaryimage"},"thumbnailUrl":"https:\/\/www.parvilla-invest.fr\/wp-content\/uploads\/2020\/02\/AdobeStock_300380500.jpg","datePublished":"2020-02-02T19:14:52+00:00","dateModified":"2026-03-12T12:35:25+00:00","breadcrumb":{"@id":"https:\/\/www.parvilla-invest.fr\/fr\/co-investissements\/#breadcrumb"},"inLanguage":"fr-FR","potentialAction":[{"@type":"ReadAction","target":["https:\/\/www.parvilla-invest.fr\/fr\/co-investissements\/"]}]},{"@type":"ImageObject","inLanguage":"fr-FR","@id":"https:\/\/www.parvilla-invest.fr\/fr\/co-investissements\/#primaryimage","url":"https:\/\/www.parvilla-invest.fr\/wp-content\/uploads\/2020\/02\/AdobeStock_300380500.jpg","contentUrl":"https:\/\/www.parvilla-invest.fr\/wp-content\/uploads\/2020\/02\/AdobeStock_300380500.jpg","width":2048,"height":1365},{"@type":"BreadcrumbList","@id":"https:\/\/www.parvilla-invest.fr\/fr\/co-investissements\/#breadcrumb","itemListElement":[{"@type":"ListItem","position":1,"name":"Home","item":"https:\/\/www.parvilla-invest.fr\/fr\/"},{"@type":"ListItem","position":2,"name":"Co-investissements"}]},{"@type":"WebSite","@id":"https:\/\/www.parvilla-invest.fr\/fr\/#website","url":"https:\/\/www.parvilla-invest.fr\/fr\/","name":"Parvilla Investissements","description":"Soci\u00e9t\u00e9 d&#039;investissement d\u00e9di\u00e9e au Private Equity","publisher":{"@id":"https:\/\/www.parvilla-invest.fr\/fr\/#organization"},"potentialAction":[{"@type":"SearchAction","target":{"@type":"EntryPoint","urlTemplate":"https:\/\/www.parvilla-invest.fr\/fr\/?s={search_term_string}"},"query-input":{"@type":"PropertyValueSpecification","valueRequired":true,"valueName":"search_term_string"}}],"inLanguage":"fr-FR"},{"@type":"Organization","@id":"https:\/\/www.parvilla-invest.fr\/fr\/#organization","name":"Parvilla Invest","url":"https:\/\/www.parvilla-invest.fr\/fr\/","logo":{"@type":"ImageObject","inLanguage":"fr-FR","@id":"https:\/\/www.parvilla-invest.fr\/fr\/#\/schema\/logo\/image\/","url":"https:\/\/www.parvilla-invest.fr\/wp-content\/uploads\/2020\/01\/logo-1.jpg","contentUrl":"https:\/\/www.parvilla-invest.fr\/wp-content\/uploads\/2020\/01\/logo-1.jpg","width":235,"height":59,"caption":"Parvilla Invest"},"image":{"@id":"https:\/\/www.parvilla-invest.fr\/fr\/#\/schema\/logo\/image\/"}}]}},"_links":{"self":[{"href":"https:\/\/www.parvilla-invest.fr\/fr\/wp-json\/wp\/v2\/pages\/926","targetHints":{"allow":["GET"]}}],"collection":[{"href":"https:\/\/www.parvilla-invest.fr\/fr\/wp-json\/wp\/v2\/pages"}],"about":[{"href":"https:\/\/www.parvilla-invest.fr\/fr\/wp-json\/wp\/v2\/types\/page"}],"author":[{"embeddable":true,"href":"https:\/\/www.parvilla-invest.fr\/fr\/wp-json\/wp\/v2\/users\/1"}],"replies":[{"embeddable":true,"href":"https:\/\/www.parvilla-invest.fr\/fr\/wp-json\/wp\/v2\/comments?post=926"}],"version-history":[{"count":5,"href":"https:\/\/www.parvilla-invest.fr\/fr\/wp-json\/wp\/v2\/pages\/926\/revisions"}],"predecessor-version":[{"id":1377,"href":"https:\/\/www.parvilla-invest.fr\/fr\/wp-json\/wp\/v2\/pages\/926\/revisions\/1377"}],"wp:featuredmedia":[{"embeddable":true,"href":"https:\/\/www.parvilla-invest.fr\/fr\/wp-json\/wp\/v2\/media\/974"}],"wp:attachment":[{"href":"https:\/\/www.parvilla-invest.fr\/fr\/wp-json\/wp\/v2\/media?parent=926"}],"curies":[{"name":"wp","href":"https:\/\/api.w.org\/{rel}","templated":true}]}}